{"id":4197,"date":"2025-12-30T14:05:06","date_gmt":"2025-12-30T06:05:06","guid":{"rendered":"https:\/\/minghanggroup.com\/?post_type=product&#038;p=4197"},"modified":"2025-12-30T16:59:44","modified_gmt":"2025-12-30T08:59:44","slug":"empty-bottles-of-perfume-with-lids-bulk","status":"publish","type":"product","link":"https:\/\/minghanggroup.com\/it\/prodotto\/empty-bottles-of-perfume-with-lids-bulk\/","title":{"rendered":"Flaconi vuoti di profumo da 50 ml con tappo sfusi"},"content":{"rendered":"<p>Queste bottiglie di profumo vuote di alta qualit\u00e0 sono realizzate in vetro multistrato trasparente e ogni tappo \u00e8 sormontato da un brillante cristallo tagliato a diamante.<\/p>\n<h2>Caratteristiche del prodotto<\/h2>\n<ul>\n<li><strong>Vetro cristallino:<\/strong> Si tratta di un materiale molto trasparente, che fa risaltare perfettamente il colore del profumo, perch\u00e9 \u00e8 cristallino e non distorto come una pietra preziosa.<\/li>\n<li><strong>Bottiglia in vetro multiforme:<\/strong> Il vetro multisfaccettato, un tipo di vetro trasparente, esalta il riflesso della luce sulla superficie della bottiglia, creando un&#039;illusione ottica simile a quella di un gioiello incastonato nella bottiglia.<\/li>\n<li><strong>Corona o cappuccio con trama a diamante: <\/strong>Anche il tappo stesso presenta una texture a taglio diamante, esaltando ulteriormente l&#039;illusione sfaccettata.<\/li>\n<\/ul>\n<h2 style=\"text-align: left;\">Specifiche chiave<\/h2>\n<table class=\"aligncenter\" style=\"border-collapse: collapse; width: 452.27pt;\" border=\"0\" width=\"603\" cellspacing=\"0\" cellpadding=\"0\">\n<tbody>\n<tr style=\"height: 13.50pt;\">\n<td style=\"height: 13.50pt; width: 130.50pt;\" width=\"174\" height=\"18\">Specifica<\/td>\n<td style=\"width: 321.75pt;\" width=\"429\">Dettagli<\/td>\n<\/tr>\n<tr style=\"height: 13.50pt;\">\n<td style=\"height: 13.50pt;\" height=\"18\">Capacit\u00e0<\/td>\n<td>50 ml<\/td>\n<\/tr>\n<tr style=\"height: 13.50pt;\">\n<td style=\"height: 13.50pt;\" height=\"18\">Dimensioni<\/td>\n<td>50\u00d739\u00d787mm<\/td>\n<\/tr>\n<tr style=\"height: 13.50pt;\">\n<td style=\"height: 13.50pt;\" height=\"18\">Materiale<\/td>\n<td>Corpo in vetro ad alta trasparenza di grado cristallino<\/td>\n<\/tr>\n<tr style=\"height: 13.50pt;\">\n<td style=\"height: 13.50pt;\" height=\"18\">Tipo di chiusura<\/td>\n<td>Tappo in cristallo sfaccettato con collare spray dorato integrato<\/td>\n<\/tr>\n<tr style=\"height: 13.50pt;\">\n<td style=\"height: 13.50pt;\" height=\"18\">Caratteristica artigianale<\/td>\n<td>Chiarezza del vetro cristallino, assemblaggio in metallo di alta qualit\u00e0<\/td>\n<\/tr>\n<tr style=\"height: 13.50pt;\">\n<td style=\"height: 13.50pt;\" height=\"18\">Ideale per<\/td>\n<td>Bottiglie di profumo in vetro vuote, bottiglie di fragranze sfuse<\/td>\n<\/tr>\n<\/tbody>\n<\/table>\n<h2>Storia di successo<\/h2>\n<p>Un profumiere per le famiglie reali mediorientali aveva bisogno di un oggetto lussuoso e di alta qualit\u00e0 artigianale. Hanno fatto realizzare su misura i nostri flaconi vuoti da 50 ml di profumo in colore blu zaffiro. Questa combinazione di luci e ombre ha creato un meraviglioso effetto di luci e ombre, e il metodo di taglio utilizzato per illuminare la boutique ha permesso ai clienti di ottenere un tempo di permanenza del profumo superiore del 70%. Il suo aspetto simile a quello di una gemma gli consente di essere venduto a un prezzo superiore al 300% del costo di produzione. Sulla base di questo impatto, il cliente ha quindi effettuato un altro ordine di 500.000 flaconi e ha firmato un accordo di distribuzione esclusiva regionale.<\/p>\n<h2>Personalizzazione di bottiglie di profumo in vetro vuote<\/h2>\n<ul>\n<li>Colori e tonalit\u00e0 del vetro su misura: il vetro tagliato (rubino, smeraldo, topazio) \u00e8 disponibile in numerose tonalit\u00e0 di gemme.<\/li>\n<li>Incisione laser su un solo lato: fai incidere badge, scritte o numeri di serie su determinati lati della bottiglia.<\/li>\n<li>Frosty \u2013 Il gelo alterna sfaccettature per un effetto bicolore.<\/li>\n<li>Progetta il tuo berretto: trasforma il berretto di cristallo in un design con una forma o un motivo diverso.<\/li>\n<\/ul>","protected":false},"excerpt":{"rendered":"<p>Lussuose bottiglie vuote di profumo in vetro cristallino con design sfaccettato e spruzzatore dorato. Fornitura diretta dalla fabbrica, ideale per marchi di fragranze premium.<\/p>","protected":false},"featured_media":4201,"template":"","meta":{"postBodyCss":"","postBodyMargin":[],"postBodyPadding":[],"postBodyBackground":{"backgroundType":"classic","gradient":""}},"product_brand":[],"product_cat":[15,16,62],"product_tag":[],"class_list":{"0":"post-4197","1":"product","2":"type-product","3":"status-publish","4":"has-post-thumbnail","6":"product_cat-glass-containers","7":"product_cat-glass-bottles","8":"product_cat-perfume-bottles","10":"first","11":"instock","12":"shipping-taxable","13":"product-type-simple"},"jetpack_sharing_enabled":true,"_links":{"self":[{"href":"https:\/\/minghanggroup.com\/it\/wp-json\/wp\/v2\/product\/4197","targetHints":{"allow":["GET"]}}],"collection":[{"href":"https:\/\/minghanggroup.com\/it\/wp-json\/wp\/v2\/product"}],"about":[{"href":"https:\/\/minghanggroup.com\/it\/wp-json\/wp\/v2\/types\/product"}],"wp:featuredmedia":[{"embeddable":true,"href":"https:\/\/minghanggroup.com\/it\/wp-json\/wp\/v2\/media\/4201"}],"wp:attachment":[{"href":"https:\/\/minghanggroup.com\/it\/wp-json\/wp\/v2\/media?parent=4197"}],"wp:term":[{"taxonomy":"product_brand","embeddable":true,"href":"https:\/\/minghanggroup.com\/it\/wp-json\/wp\/v2\/product_brand?post=4197"},{"taxonomy":"product_cat","embeddable":true,"href":"https:\/\/minghanggroup.com\/it\/wp-json\/wp\/v2\/product_cat?post=4197"},{"taxonomy":"product_tag","embeddable":true,"href":"https:\/\/minghanggroup.com\/it\/wp-json\/wp\/v2\/product_tag?post=4197"}],"curies":[{"name":"wp","href":"https:\/\/api.w.org\/{rel}","templated":true}]}}