{"id":4186,"date":"2025-12-30T10:18:04","date_gmt":"2025-12-30T02:18:04","guid":{"rendered":"https:\/\/minghanggroup.com\/?post_type=product&#038;p=4186"},"modified":"2025-12-30T13:02:03","modified_gmt":"2025-12-30T05:02:03","slug":"crystal-fragrance-bottle-with-thick-base-bulk","status":"publish","type":"product","link":"https:\/\/minghanggroup.com\/it\/prodotto\/crystal-fragrance-bottle-with-thick-base-bulk\/","title":{"rendered":"Flacone di profumo in cristallo da 100 ml con base spessa sfuso"},"content":{"rendered":"<p>Questo flacone di profumo in cristallo \u00e8 realizzato in vetro trasparente e lucente (spesso alla base per aumentarne la stabilit\u00e0 e la durata). Il tappo \u00e8 realizzato in scintillante cristallo tagliato a diamante e presenta un anello dorato per renderlo ancora pi\u00f9 brillante.<\/p>\n<h2>Caratteristiche del prodotto<\/h2>\n<ul>\n<li><strong>Tappo taglio diamante:<\/strong> Il tappo trasparente presenta un taglio a diamante che rifrange la luce, conferendo alla bottiglia un aspetto pi\u00f9 elegante e rendendo pi\u00f9 evidente la natura lussuosa del prodotto.<\/li>\n<li><strong>Dettaglio dell&#039;anello in oro:<\/strong> L&#039;anello dorato che collega il tappo alla bottiglia aggiunge profondit\u00e0 visiva al design e un piccolo ma elegante tocco di raffinatezza.<\/li>\n<li><strong>Base con design multistrato:<\/strong> La base \u00e8 progettata per essere spessa, multistrato e, di conseguenza, pi\u00f9 stabile. Oltre a ci\u00f2, mette in risalto la texture del vetro.<\/li>\n<\/ul>\n<h2 style=\"text-align: left;\">Specifiche chiave<\/h2>\n<table class=\"aligncenter\" style=\"border-collapse: collapse; width: 548.27pt;\" border=\"0\" width=\"731\" cellspacing=\"0\" cellpadding=\"0\">\n<tbody>\n<tr style=\"height: 13.50pt;\">\n<td style=\"height: 13.50pt; width: 130.50pt;\" width=\"174\" height=\"18\">Specifica<\/td>\n<td style=\"width: 417.75pt;\" width=\"557\">Dettagli<\/td>\n<\/tr>\n<tr style=\"height: 13.50pt;\">\n<td style=\"height: 13.50pt;\" height=\"18\">Capacit\u00e0<\/td>\n<td>100 ml<\/td>\n<\/tr>\n<tr style=\"height: 13.50pt;\">\n<td style=\"height: 13.50pt;\" height=\"18\">Dimensioni<\/td>\n<td>55\u00d7114mm<\/td>\n<\/tr>\n<tr style=\"height: 13.50pt;\">\n<td style=\"height: 13.50pt;\" height=\"18\">Materiale<\/td>\n<td>Corpo in vetro trasparente; cappuccio sfaccettato simile al cristallo; anello decorativo in metallo dorato<\/td>\n<\/tr>\n<tr style=\"height: 13.50pt;\">\n<td style=\"height: 13.50pt;\" height=\"18\">Tipo di chiusura<\/td>\n<td>Tappo in cristallo tagliato con anello in metallo dorato; pompa spray di precisione integrata<\/td>\n<\/tr>\n<tr style=\"height: 13.50pt;\">\n<td style=\"height: 13.50pt;\" height=\"18\">Caratteristica artigianale<\/td>\n<td>Base a pi\u00f9 livelli con peso, sfaccettatura di precisione in cristallo (tappo)<\/td>\n<\/tr>\n<tr style=\"height: 13.50pt;\">\n<td style=\"height: 13.50pt;\" height=\"18\">Ideale per<\/td>\n<td>Flacone di profumo in cristallo, flacone di profumo in vetro sfuso<\/td>\n<\/tr>\n<\/tbody>\n<\/table>\n<h2>Storia di successo<\/h2>\n<p>Una delle pi\u00f9 grandi case di moda milanesi ci ha commissionato la produzione di questo flacone di profumo in vetro da 100 ml, commissionandoci il corpo in vetro di quarzo fum\u00e9 e l&#039;anello decorativo placcato in oro 24 carati. Il tappo con taglio a cristallo si \u00e8 rivelato il vero protagonista della campagna di marketing, aggiungendo il 450% di valore all&#039;esposizione mediatica grazie al suo aspetto fotogenico. Il suo peso elevato giustifica anche il prezzo, superiore del 75% rispetto alla media del mercato. Il design ha avuto un tale successo che il marchio ha ordinato nuovamente 250.000 flaconi per le due linee successive delle sue fragranze.<\/p>\n<h2>Personalizzazione di flaconi di profumo in cristallo<\/h2>\n<ul>\n<li>Colore e trasparenza del vetro personalizzati: \u00e8 disponibile in diversi colori (zaffiro, verde smeraldo, ambra) con diversi livelli di trasparenza.<\/li>\n<li>Anelli in metallo: anelli in metallo personalizzati in lega (oro rosa, platino, palladio) e finitura.<\/li>\n<li>Bottiglia in vetro satinato: sono disponibili opzioni satinate o satinate sfumate per offrire una sensazione di lusso pi\u00f9 morbida ed eterea.<\/li>\n<\/ul>","protected":false},"excerpt":{"rendered":"<p>Flacone di profumo in cristallo di alta qualit\u00e0 con corpo in vetro spesso, tappo in cristallo tagliato e stile moderno e lussuoso. La spedizione rapida garantisce una consegna affidabile e puntuale.<\/p>","protected":false},"featured_media":4195,"template":"","meta":{"postBodyCss":"","postBodyMargin":[],"postBodyPadding":[],"postBodyBackground":{"backgroundType":"classic","gradient":""}},"product_brand":[],"product_cat":[15,16,62],"product_tag":[],"class_list":{"0":"post-4186","1":"product","2":"type-product","3":"status-publish","4":"has-post-thumbnail","6":"product_cat-glass-containers","7":"product_cat-glass-bottles","8":"product_cat-perfume-bottles","10":"first","11":"instock","12":"shipping-taxable","13":"product-type-simple"},"jetpack_sharing_enabled":true,"_links":{"self":[{"href":"https:\/\/minghanggroup.com\/it\/wp-json\/wp\/v2\/product\/4186","targetHints":{"allow":["GET"]}}],"collection":[{"href":"https:\/\/minghanggroup.com\/it\/wp-json\/wp\/v2\/product"}],"about":[{"href":"https:\/\/minghanggroup.com\/it\/wp-json\/wp\/v2\/types\/product"}],"wp:featuredmedia":[{"embeddable":true,"href":"https:\/\/minghanggroup.com\/it\/wp-json\/wp\/v2\/media\/4195"}],"wp:attachment":[{"href":"https:\/\/minghanggroup.com\/it\/wp-json\/wp\/v2\/media?parent=4186"}],"wp:term":[{"taxonomy":"product_brand","embeddable":true,"href":"https:\/\/minghanggroup.com\/it\/wp-json\/wp\/v2\/product_brand?post=4186"},{"taxonomy":"product_cat","embeddable":true,"href":"https:\/\/minghanggroup.com\/it\/wp-json\/wp\/v2\/product_cat?post=4186"},{"taxonomy":"product_tag","embeddable":true,"href":"https:\/\/minghanggroup.com\/it\/wp-json\/wp\/v2\/product_tag?post=4186"}],"curies":[{"name":"wp","href":"https:\/\/api.w.org\/{rel}","templated":true}]}}