{"id":4176,"date":"2025-12-30T09:08:22","date_gmt":"2025-12-30T01:08:22","guid":{"rendered":"https:\/\/minghanggroup.com\/?post_type=product&#038;p=4176"},"modified":"2025-12-30T10:17:42","modified_gmt":"2025-12-30T02:17:42","slug":"50ml-empty-perfume-spray-bottles-with-vertical-stripes-bulk","status":"publish","type":"product","link":"https:\/\/minghanggroup.com\/it\/prodotto\/50ml-empty-perfume-spray-bottles-with-vertical-stripes-bulk\/","title":{"rendered":"Flaconi spray per profumo vuoti da 50 ml con strisce verticali sfusi"},"content":{"rendered":"<p>Il flacone vuoto da 50 ml \u00e8 realizzato in vetro trasparente di alta qualit\u00e0. La texture a righe verticali del flacone brilla alla luce, mentre il tappo semplice \u00e8 di un nero lucido (con un anello in oro lucido), che conferisce un leggero tocco di lusso discreto.<\/p>\n<h2>Caratteristiche del prodotto<\/h2>\n<ul>\n<li><strong>Bottiglia a strisce verticali:<\/strong> La bottiglia presenta delle strisce verticali dense che aumentano la rifrazione della luce e aumentano la presa.<\/li>\n<li><strong>Tappo ad anello metallico:<\/strong> L&#039;anello in metallo e il cappuccio nero con anello in metallo dorato sono una combinazione del tutto naturale con un tocco lussuoso, che caratterizza il posizionamento di fascia alta.<\/li>\n<li><strong>Capacit\u00e0 universale 50 ml:<\/strong> La capacit\u00e0 di 50 ml e il sorprendente design verticale lo rendono il complemento ideale per qualsiasi mobiletto del bagno.<\/li>\n<\/ul>\n<h2 style=\"text-align: left;\">Specifiche chiave<\/h2>\n<table class=\"aligncenter\" style=\"border-collapse: collapse; width: 412.52pt;\" border=\"0\" width=\"550\" cellspacing=\"0\" cellpadding=\"0\">\n<tbody>\n<tr style=\"height: 13.50pt;\">\n<td style=\"height: 13.50pt; width: 80.25pt;\" width=\"107\" height=\"18\">Specifica<\/td>\n<td style=\"width: 332.25pt;\" width=\"443\">Dettagli<\/td>\n<\/tr>\n<tr style=\"height: 13.50pt;\">\n<td style=\"height: 13.50pt;\" height=\"18\">Capacit\u00e0<\/td>\n<td>50 ml<\/td>\n<\/tr>\n<tr style=\"height: 13.50pt;\">\n<td style=\"height: 13.50pt;\" height=\"18\">Dimensioni<\/td>\n<td>55\u00d793mm<\/td>\n<\/tr>\n<tr style=\"height: 13.50pt;\">\n<td style=\"height: 13.50pt;\" height=\"18\">Materiale<\/td>\n<td>Corpo in vetro trasparente tagliato a strisce; coperchio nero; anello in metallo dorato<\/td>\n<\/tr>\n<tr style=\"height: 13.50pt;\">\n<td style=\"height: 13.50pt;\" height=\"18\">Forma della bottiglia<\/td>\n<td>Cilindrico<\/td>\n<\/tr>\n<tr style=\"height: 13.50pt;\">\n<td style=\"height: 13.50pt;\" height=\"18\">Tipo di chiusura<\/td>\n<td>Tappo nero con anello in metallo dorato; pompa spray integrata<\/td>\n<\/tr>\n<tr style=\"height: 13.50pt;\">\n<td style=\"height: 13.50pt;\" height=\"18\">Ideale per<\/td>\n<td>Flaconi spray per profumo vuoti, flaconi spray per profumo sfusi<\/td>\n<\/tr>\n<\/tbody>\n<\/table>\n<h2>Successo: collezione esclusiva di un famoso marchio di farmacia di New York<\/h2>\n<p>Una famosa farmacia di New York ha lanciato una linea di fragranze unisex, creata su ordinazione. Hanno scelto il nostro flacone di profumo in vetro da 50 ml a righe verticali come contenitore esclusivo, e lo hanno dotato di un tappo color noce scuro. La texture a righe verticali offre un&#039;ottima presa, una caratteristica che \u00e8 stata valutata positivamente dal 95% delle recensioni online. La texture distintiva \u00e8 molto familiare, il che ha portato a un tasso di vendita del 50% nel primo trimestre. Il farmacista \u00e8 rimasto soddisfatto del miglioramento del marchio e della risposta dei clienti, tanto da ordinarne 300.000 per testare il mercato internazionale.<\/p>\n<h2>Flaconi spray di profumo vuoti personalizzati<\/h2>\n<ul>\n<li>Colori del vetro personalizzati: disponibile in colori di vetro tagliato a strisce come grigio fum\u00e9, blu cobalto o ambra.<\/li>\n<li>Anelli metallici personalizzati: possono essere realizzati in molti tipi di metalli (rame, canna di fucile, argento) e con diverse finiture degli anelli decorativi.<\/li>\n<li>Effetto strisce satinate: strisce satinate in rilievo per migliorare la diffusione della luce.<\/li>\n<li>Base in rilievo: si tratta di un logo o di un distintivo in rilievo sul fondo della bottiglia, che non \u00e8 visibile.<\/li>\n<\/ul>","protected":false},"excerpt":{"rendered":"<p>Flaconi spray vuoti di alta qualit\u00e0 per profumo, flacone in vetro da 50 ml con texture verticale, tappo nero e anello dorato. Fornitura diretta dalla fabbrica con spedizione veloce.<\/p>","protected":false},"featured_media":4178,"template":"","meta":{"postBodyCss":"","postBodyMargin":[],"postBodyPadding":[],"postBodyBackground":{"backgroundType":"classic","gradient":""}},"product_brand":[],"product_cat":[15,16,62],"product_tag":[],"class_list":{"0":"post-4176","1":"product","2":"type-product","3":"status-publish","4":"has-post-thumbnail","6":"product_cat-glass-containers","7":"product_cat-glass-bottles","8":"product_cat-perfume-bottles","10":"first","11":"instock","12":"shipping-taxable","13":"product-type-simple"},"jetpack_sharing_enabled":true,"_links":{"self":[{"href":"https:\/\/minghanggroup.com\/it\/wp-json\/wp\/v2\/product\/4176","targetHints":{"allow":["GET"]}}],"collection":[{"href":"https:\/\/minghanggroup.com\/it\/wp-json\/wp\/v2\/product"}],"about":[{"href":"https:\/\/minghanggroup.com\/it\/wp-json\/wp\/v2\/types\/product"}],"wp:featuredmedia":[{"embeddable":true,"href":"https:\/\/minghanggroup.com\/it\/wp-json\/wp\/v2\/media\/4178"}],"wp:attachment":[{"href":"https:\/\/minghanggroup.com\/it\/wp-json\/wp\/v2\/media?parent=4176"}],"wp:term":[{"taxonomy":"product_brand","embeddable":true,"href":"https:\/\/minghanggroup.com\/it\/wp-json\/wp\/v2\/product_brand?post=4176"},{"taxonomy":"product_cat","embeddable":true,"href":"https:\/\/minghanggroup.com\/it\/wp-json\/wp\/v2\/product_cat?post=4176"},{"taxonomy":"product_tag","embeddable":true,"href":"https:\/\/minghanggroup.com\/it\/wp-json\/wp\/v2\/product_tag?post=4176"}],"curies":[{"name":"wp","href":"https:\/\/api.w.org\/{rel}","templated":true}]}}