{"id":4140,"date":"2025-12-29T11:22:36","date_gmt":"2025-12-29T03:22:36","guid":{"rendered":"https:\/\/minghanggroup.com\/?post_type=product&#038;p=4140"},"modified":"2026-04-14T10:08:31","modified_gmt":"2026-04-14T02:08:31","slug":"100ml-tall-glass-perfume-bottles-for-fragrance-packaging-bulk","status":"publish","type":"product","link":"https:\/\/minghanggroup.com\/it\/prodotto\/100ml-tall-glass-perfume-bottles-for-fragrance-packaging-bulk\/","title":{"rendered":"Flaconi di profumo in vetro alto da 100 ml per imballaggio di fragranze alla rinfusa"},"content":{"rendered":"<p>La tua fragranza merita un packaging che trasmetta qualit\u00e0 fin dal primo sguardo. Realizziamo flaconi di profumo in vetro di alta qualit\u00e0, progettati per un packaging di successo, dove ogni flacone di profumo in vetro diventa il simbolo distintivo del tuo brand.<\/p>\n<h2>Caratteristiche del prodotto<\/h2>\n<ol>\n<li><strong>Design alto ed elegante:<\/strong> I flaconi di profumo in vetro hanno una forma cilindrica slanciata e alta, con una spalla liscia e levigata, che trasmette un forte senso di modernit\u00e0 e cattura facilmente l&#039;attenzione sullo scaffale.<\/li>\n<li><strong>Chiarezza cristallina:<\/strong> Le nostre bottiglie di profumo in vetro sono la vetrina perfetta per la tua fragranza, realizzata con la natura pi\u00f9 autentica di un&#039;estetica moderna che cattura l&#039;attenzione.<\/li>\n<li><strong>Sistema di spruzzatura versatile:<\/strong> Lo spruzzatore integrato emette una nebbia sottile per un&#039;applicazione uniforme, la scelta migliore per una linea di profumi personalizzata.<\/li>\n<\/ol>\n<h2>Specifiche chiave<\/h2>\n<table style=\"border-collapse: collapse; width: 80%; margin-left: auto; margin-right: auto;\" border=\"0\" width=\"432\" cellspacing=\"0\" cellpadding=\"0\">\n<tbody>\n<tr style=\"height: 13.50pt;\">\n<td style=\"height: 13.5pt; width: 54pt; text-align: center;\" width=\"72\" height=\"18\">Capacit\u00e0<\/td>\n<td style=\"width: 54pt; text-align: center;\" width=\"72\">Misurare<\/td>\n<td style=\"width: 54pt; text-align: center;\" width=\"72\">Diametro del collo<\/td>\n<td style=\"width: 54pt; text-align: center;\" width=\"72\">Forma<\/td>\n<td style=\"width: 54pt; text-align: center;\" width=\"72\">Tipo di chiusura<\/td>\n<td style=\"width: 54pt; text-align: center;\" width=\"72\">Opzioni di colore<\/td>\n<\/tr>\n<tr style=\"height: 13.50pt;\">\n<td style=\"height: 13.5pt; text-align: center;\" height=\"18\">100 ml<\/td>\n<td style=\"text-align: center;\">40 x 129 mm<\/td>\n<td style=\"text-align: center;\">15 millimetri<\/td>\n<td style=\"text-align: center;\">Cilindrico<\/td>\n<td style=\"text-align: center;\">Collo a crimpare + spruzzatore<\/td>\n<td style=\"text-align: center;\">Personalizzabile<\/td>\n<\/tr>\n<\/tbody>\n<\/table>\n<h2>Caso di successo<\/h2>\n<p>Un nuovo marchio di profumi ha scelto questo flacone cilindrico in vetro per la linea di fragranze quotidiane come packaging standard. La bottiglia trasparente e le linee minimali esaltano la qualit\u00e0 della fragranza e la rendono facilmente riconoscibile. Grazie al successo del prodotto nei canali di e-commerce e personal shopping, le vendite del primo trimestre sono state superiori di circa il 28% rispetto alle aspettative, di cui oltre il 35% di ordini ripetuti.<\/p>\n<h2>Il tuo percorso di personalizzazione<\/h2>\n<p>Questi flaconi di profumo in vetro sono progettati per essere adattati in termini di capacit\u00e0 e proporzioni in modo estremamente flessibile in base al posizionamento del marchio, soddisfacendo cos\u00ec i requisiti di diverse tipologie di fragranza o specifiche di canale. Per esaltarne la texture, il flacone di profumo in vetro pu\u00f2 essere realizzato in materiale bianco ad alta trasparenza oppure pu\u00f2 essere sottoposto a un leggero trattamento di atomizzazione. L&#039;imboccatura del flacone pu\u00f2 essere adattata a diversi sistemi di ugelli spray, compatibili con soluzioni spray standard o a atomizzazione fine, migliorando cos\u00ec l&#039;esperienza utente. Per quanto riguarda l&#039;aspetto, \u00e8 dotato di funzionalit\u00e0 quali serigrafia, stampa a caldo, etichettatura o spruzzatura parziale per favorire il riconoscimento del marchio. Il tappo del flacone pu\u00f2 anche essere realizzato in diversi colori o combinazioni di materiali per rendere il packaging complessivo pi\u00f9 in linea con le esigenze del mercato dei profumi di fascia alta, di nicchia o di massa.<\/p>","protected":false},"excerpt":{"rendered":"<p>Flaconi di profumo in vetro di alta qualit\u00e0, direttamente dalla fabbrica. Questi flaconi di profumo in vetro supportano ordini all&#039;ingrosso, campioni gratuiti e consegne in tutto il mondo per i marchi.<\/p>","protected":false},"featured_media":4144,"template":"","meta":{"postBodyCss":"","postBodyMargin":[],"postBodyPadding":[],"postBodyBackground":{"backgroundType":"classic","gradient":""}},"product_brand":[],"product_cat":[15,16,62],"product_tag":[111],"class_list":{"0":"post-4140","1":"product","2":"type-product","3":"status-publish","4":"has-post-thumbnail","6":"product_cat-glass-containers","7":"product_cat-glass-bottles","8":"product_cat-perfume-bottles","9":"product_tag-glass-mist-bottles","11":"first","12":"instock","13":"shipping-taxable","14":"product-type-simple"},"jetpack_sharing_enabled":true,"_links":{"self":[{"href":"https:\/\/minghanggroup.com\/it\/wp-json\/wp\/v2\/product\/4140","targetHints":{"allow":["GET"]}}],"collection":[{"href":"https:\/\/minghanggroup.com\/it\/wp-json\/wp\/v2\/product"}],"about":[{"href":"https:\/\/minghanggroup.com\/it\/wp-json\/wp\/v2\/types\/product"}],"wp:featuredmedia":[{"embeddable":true,"href":"https:\/\/minghanggroup.com\/it\/wp-json\/wp\/v2\/media\/4144"}],"wp:attachment":[{"href":"https:\/\/minghanggroup.com\/it\/wp-json\/wp\/v2\/media?parent=4140"}],"wp:term":[{"taxonomy":"product_brand","embeddable":true,"href":"https:\/\/minghanggroup.com\/it\/wp-json\/wp\/v2\/product_brand?post=4140"},{"taxonomy":"product_cat","embeddable":true,"href":"https:\/\/minghanggroup.com\/it\/wp-json\/wp\/v2\/product_cat?post=4140"},{"taxonomy":"product_tag","embeddable":true,"href":"https:\/\/minghanggroup.com\/it\/wp-json\/wp\/v2\/product_tag?post=4140"}],"curies":[{"name":"wp","href":"https:\/\/api.w.org\/{rel}","templated":true}]}}