{"id":4121,"date":"2025-12-26T16:45:56","date_gmt":"2025-12-26T08:45:56","guid":{"rendered":"https:\/\/minghanggroup.com\/?post_type=product&#038;p=4121"},"modified":"2025-12-26T17:01:06","modified_gmt":"2025-12-26T09:01:06","slug":"custom-empty-cologne-bottles-with-wooden-lids-wholesale","status":"publish","type":"product","link":"https:\/\/minghanggroup.com\/it\/prodotto\/custom-empty-cologne-bottles-with-wooden-lids-wholesale\/","title":{"rendered":"Bottiglie di colonia vuote personalizzate da 30 ml, 50 ml e 100 ml con coperchi in legno all&#039;ingrosso"},"content":{"rendered":"<p>La tua fragranza merita un packaging eccezionale, proprio come il tuo profumo. Realizziamo all&#039;ingrosso flaconi di colonia di alta qualit\u00e0, pensati per un packaging di successo, dove ogni flacone vuoto di colonia diventa il simbolo del tuo brand.<\/p>\n<h2>Caratteristiche del prodotto<\/h2>\n<ol>\n<li><strong>Design moderno ed elegante:<\/strong> Gli elementi minimalisti e moderni, uniti al tappo sferico dalla forma insolita dei nostri flaconi di profumo in vetro trasparente, creano un contrasto visivo bello e sorprendente.<\/li>\n<li><strong>Resistente ed ecologico:<\/strong> Realizzata in vetro pregiato, durevole e di lunga durata e in legno naturale, questa bottiglia di colonia \u00e8 una soluzione di imballaggio ecologica per l&#039;industria delle fragranze che non perde il suo fascino.<\/li>\n<li><strong>Tappo per bottiglia effetto legno:<\/strong> Il tappo in legno conferisce al prodotto un tocco di classe e raffinatezza, emanando un&#039;atmosfera naturale e verde e rappresentando il modo pi\u00f9 ermetico e sicuro per mantenere fresco il profumo al suo interno.<\/li>\n<\/ol>\n<h2>Specifiche chiave<\/h2>\n<table style=\"border-collapse: collapse; width: 80%; margin-left: auto; margin-right: auto;\" border=\"0\" width=\"288\" cellspacing=\"0\" cellpadding=\"0\">\n<tbody>\n<tr style=\"height: 13.50pt;\">\n<td style=\"height: 13.5pt; width: 54pt; text-align: center;\" width=\"72\" height=\"18\">Capacit\u00e0 (ml)<\/td>\n<td style=\"width: 54pt; text-align: center;\" width=\"72\">Dimensioni (mm)<\/td>\n<td style=\"width: 54pt; text-align: center;\" width=\"72\">Diametro del collo<\/td>\n<td style=\"width: 54pt; text-align: center;\" width=\"72\">Opzioni di colore<\/td>\n<\/tr>\n<tr style=\"height: 13.50pt;\">\n<td style=\"height: 13.5pt; text-align: center;\" align=\"right\" height=\"18\">30<\/td>\n<td style=\"text-align: center;\">45 x 56<\/td>\n<td class=\"et2\" style=\"text-align: center;\" rowspan=\"3\">15 millimetri<\/td>\n<td class=\"et2\" style=\"text-align: center;\" rowspan=\"3\">Personalizzato (solo vetro)<\/td>\n<\/tr>\n<tr style=\"height: 13.50pt;\">\n<td style=\"height: 13.5pt; text-align: center;\" align=\"right\" height=\"18\">50<\/td>\n<td style=\"text-align: center;\">51 x 72<\/td>\n<\/tr>\n<tr style=\"height: 13.50pt;\">\n<td style=\"height: 13.5pt; text-align: center;\" align=\"right\" height=\"18\">100<\/td>\n<td style=\"text-align: center;\">57 x 84<\/td>\n<\/tr>\n<\/tbody>\n<\/table>\n<h2>Caso di successo<\/h2>\n<p>Uno dei marchi di profumi pi\u00f9 prestigiosi ha deciso di utilizzare questo flacone vuoto da 50 ml di acqua di colonia con tappo in legno per la sua nuova linea di fragranze. L&#039;azienda desiderava esprimere un mix di natura e lusso, e i flaconi di acqua di colonia all&#039;ingrosso, insieme allo splendido tappo in legno, si sposavano perfettamente con questa idea. Lo stile semplice del flacone e l&#039;utilizzo di materiali di alta qualit\u00e0 hanno portato l&#039;intero prodotto a un nuovo livello, trasformando il principale punto di forza del marchio nel suo fulcro.<\/p>\n<p>Con il rilancio del marchio, il volume delle vendite \u00e8 aumentato del 22% e i consumatori hanno apprezzato molto anche il packaging del prodotto e l&#039;utilizzo di materiali ecocompatibili.<\/p>\n<h2>I tuoi suggerimenti per la personalizzazione<\/h2>\n<p>Durante la personalizzazione di questo contenitore per fragranze, potresti pensare a diverse idee di personalizzazione distintive per aumentare la riconoscibilit\u00e0 del marchio. Un modo \u00e8 sperimentare l&#039;aggiunta di texture o motivi unici al rivestimento del flacone, ad esempio con effetti di incisione o goffratura. Oltre a migliorare l&#039;esperienza tattile, questo rende il flacone pi\u00f9 creativo. Inoltre, puoi utilizzare il vetro colorato sfumato, un design che produce un effetto sfumato dal fondo alla sommit\u00e0 del flacone, conferendo cos\u00ec sia un impatto visivo che una maggiore profondit\u00e0. Per quanto riguarda il tappo del flacone, potresti decidere di presentarlo con un trattamento superficiale diverso, come una finitura opaca o brillante, che non solo comunica l&#039;unicit\u00e0 del marchio, ma contribuisce anche a valorizzarne l&#039;immagine ecologica, ecologica e lussuosa. Oltre a ci\u00f2, per aumentare la sensazione di lusso, potresti anche pensare a intarsi in metallo o decorazioni con gemme.<\/p>","protected":false},"excerpt":{"rendered":"<p>Scoprite flaconi vuoti di colonia di alta qualit\u00e0 all&#039;ingrosso per le vostre esigenze di confezionamento di fragranze e offriamo servizi di personalizzazione all&#039;ingrosso. Aspettiamo con ansia la vostra richiesta.<\/p>","protected":false},"featured_media":4129,"template":"","meta":{"postBodyCss":"","postBodyMargin":[],"postBodyPadding":[],"postBodyBackground":{"backgroundType":"classic","gradient":""}},"product_brand":[],"product_cat":[15,16,62],"product_tag":[],"class_list":{"0":"post-4121","1":"product","2":"type-product","3":"status-publish","4":"has-post-thumbnail","6":"product_cat-glass-containers","7":"product_cat-glass-bottles","8":"product_cat-perfume-bottles","10":"first","11":"instock","12":"shipping-taxable","13":"product-type-simple"},"jetpack_sharing_enabled":true,"_links":{"self":[{"href":"https:\/\/minghanggroup.com\/it\/wp-json\/wp\/v2\/product\/4121","targetHints":{"allow":["GET"]}}],"collection":[{"href":"https:\/\/minghanggroup.com\/it\/wp-json\/wp\/v2\/product"}],"about":[{"href":"https:\/\/minghanggroup.com\/it\/wp-json\/wp\/v2\/types\/product"}],"wp:featuredmedia":[{"embeddable":true,"href":"https:\/\/minghanggroup.com\/it\/wp-json\/wp\/v2\/media\/4129"}],"wp:attachment":[{"href":"https:\/\/minghanggroup.com\/it\/wp-json\/wp\/v2\/media?parent=4121"}],"wp:term":[{"taxonomy":"product_brand","embeddable":true,"href":"https:\/\/minghanggroup.com\/it\/wp-json\/wp\/v2\/product_brand?post=4121"},{"taxonomy":"product_cat","embeddable":true,"href":"https:\/\/minghanggroup.com\/it\/wp-json\/wp\/v2\/product_cat?post=4121"},{"taxonomy":"product_tag","embeddable":true,"href":"https:\/\/minghanggroup.com\/it\/wp-json\/wp\/v2\/product_tag?post=4121"}],"curies":[{"name":"wp","href":"https:\/\/api.w.org\/{rel}","templated":true}]}}