{"id":4111,"date":"2025-12-26T15:07:33","date_gmt":"2025-12-26T07:07:33","guid":{"rendered":"https:\/\/minghanggroup.com\/?post_type=product&#038;p=4111"},"modified":"2025-12-29T11:48:50","modified_gmt":"2025-12-29T03:48:50","slug":"custom-perfume-spray-bottles-with-metallic-lids-bulk","status":"publish","type":"product","link":"https:\/\/minghanggroup.com\/it\/prodotto\/custom-perfume-spray-bottles-with-metallic-lids-bulk\/","title":{"rendered":"Flaconi spray per profumo personalizzati da 30 ml, 55 ml e 100 ml con coperchi in metallo, sfusi"},"content":{"rendered":"<p>La tua fragranza merita un packaging che la faccia risplendere. Realizziamo flaconi spray di alta qualit\u00e0, progettati per un packaging di successo: ogni flacone da 28 ml esalta la storia del tuo prodotto.<\/p>\n<h2>Caratteristiche del prodotto<\/h2>\n<ol>\n<li><strong>Eleganza trasparente: <\/strong>Con il suo look contemporaneo, il nostro flacone spray per profumo in cristallo \u00e8 il mezzo perfetto per mettere in mostra il vero colore della tua fragranza.<\/li>\n<li><strong>Elevate prestazioni di tenuta, nessun rischio di perdite: <\/strong>Per ottenere le migliori prestazioni di tenuta, il collo crimpato pressato \u00e8 strutturato in modo che la parte superiore sia di prima classe.<\/li>\n<li><strong>Progettazione di base stabile: <\/strong>L&#039;esclusivo design del fondo del flacone di profumo lo rende molto stabile anche se posizionato su un pavimento o un tavolo in vetro o marmo.<\/li>\n<\/ol>\n<h2>Specifiche chiave<\/h2>\n<table style=\"border-collapse: collapse; width: 80%; margin-left: auto; margin-right: auto;\" border=\"0\" width=\"360\" cellspacing=\"0\" cellpadding=\"0\">\n<tbody>\n<tr style=\"height: 13.50pt;\">\n<td style=\"height: 13.5pt; width: 54pt; text-align: center;\" width=\"72\" height=\"18\">Capacit\u00e0 (ml)<\/td>\n<td style=\"width: 54pt; text-align: center;\" width=\"72\">Dimensioni (mm)<\/td>\n<td style=\"width: 54pt; text-align: center;\" width=\"72\">Diametro del collo<\/td>\n<td style=\"width: 54pt; text-align: center;\" width=\"72\">Tipo di chiusura<\/td>\n<td style=\"width: 54pt; text-align: center;\" width=\"72\">Materiale<\/td>\n<\/tr>\n<tr style=\"height: 13.50pt;\">\n<td style=\"height: 13.5pt; text-align: center;\" align=\"right\" height=\"18\">30<\/td>\n<td style=\"text-align: center;\">45 x 76<\/td>\n<td class=\"et2\" style=\"text-align: center;\" rowspan=\"3\">15 millimetri<\/td>\n<td class=\"et2\" style=\"text-align: center;\" rowspan=\"3\">Collo a crimpare + spruzzatore<\/td>\n<td class=\"et2\" style=\"text-align: center;\" rowspan=\"3\">vetro di cristallo<\/td>\n<\/tr>\n<tr style=\"height: 13.50pt;\">\n<td style=\"height: 13.5pt; text-align: center;\" align=\"right\" height=\"18\">55<\/td>\n<td style=\"text-align: center;\">46 x 91,4<\/td>\n<\/tr>\n<tr style=\"height: 13.50pt;\">\n<td style=\"height: 13.5pt; text-align: center;\" align=\"right\" height=\"18\">100<\/td>\n<td style=\"text-align: center;\">45 x 126<\/td>\n<\/tr>\n<\/tbody>\n<\/table>\n<h2>Caso di successo<\/h2>\n<p>Un&#039;azienda di profumi di alto livello ha utilizzato questo flacone da 28 ml per confezionare la sua nuova linea di prodotti. Il marchio desiderava trasmettere un&#039;immagine di lusso ed eleganza attraverso il design semplice ma contemporaneo del flacone. Il flacone spray trasparente lasciava intravedere il bel colore del profumo, mentre il tappo spray in metallo conferiva un tocco di lusso, in linea con il suo posizionamento di mercato premium.<\/p>\n<p>Dopo il lancio della linea di profumi, l&#039;azienda ha registrato un aumento delle vendite del 20% in tre mesi. I clienti hanno elogiato il design accattivante del flacone e l&#039;alta qualit\u00e0 del meccanismo di spruzzatura.<\/p>\n<h2>I tuoi suggerimenti per la personalizzazione<\/h2>\n<p>Lo stile del tuo brand e le caratteristiche del tuo prodotto determineranno le diverse scelte che potrai fare nella personalizzazione di un flacone spray per profumo. Puoi decidere di realizzare il flacone in vetro trasparente per far risaltare il colore e la consistenza del profumo, rendendolo visivamente pi\u00f9 accattivante. Se desideri dare un tocco di lusso, puoi personalizzare un tappo in metallo, disponibile in una variet\u00e0 di colori come argento, oro o nero, per conferire un aspetto raffinato al flacone. Inoltre, l&#039;ugello spray pu\u00f2 essere personalizzato per garantire che ogni volta che il profumo viene spruzzato, lo spruzzo sia uniforme e uniforme, preservando cos\u00ec il prodotto. Il contorno del flacone pu\u00f2 essere pensato in modo creativo in base all&#039;esigenza del brand di creare una forma o un motivo diverso per personalizzare il prodotto e aumentarne la competitivit\u00e0 sul mercato. Puoi anche lavorare per migliorare la riconoscibilit\u00e0 del marchio decidendo di applicare il logo del tuo brand o etichette personalizzate sul flacone, rendendolo non solo uno strumento, ma anche un forte elemento rappresentativo del tuo marchio.<\/p>","protected":false},"excerpt":{"rendered":"<p>Scopri le bottiglie di profumo premium da 1 oz, forniamo opzioni di flaconi spray per profumi per le tue esigenze di confezionamento di fragranze personalizzate, vendita diretta in fabbrica.<\/p>","protected":false},"featured_media":4120,"template":"","meta":{"postBodyCss":"","postBodyMargin":[],"postBodyPadding":[],"postBodyBackground":{"backgroundType":"classic","gradient":""}},"product_brand":[],"product_cat":[15,16,62],"product_tag":[],"class_list":{"0":"post-4111","1":"product","2":"type-product","3":"status-publish","4":"has-post-thumbnail","6":"product_cat-glass-containers","7":"product_cat-glass-bottles","8":"product_cat-perfume-bottles","10":"first","11":"instock","12":"shipping-taxable","13":"product-type-simple"},"jetpack_sharing_enabled":true,"_links":{"self":[{"href":"https:\/\/minghanggroup.com\/it\/wp-json\/wp\/v2\/product\/4111","targetHints":{"allow":["GET"]}}],"collection":[{"href":"https:\/\/minghanggroup.com\/it\/wp-json\/wp\/v2\/product"}],"about":[{"href":"https:\/\/minghanggroup.com\/it\/wp-json\/wp\/v2\/types\/product"}],"wp:featuredmedia":[{"embeddable":true,"href":"https:\/\/minghanggroup.com\/it\/wp-json\/wp\/v2\/media\/4120"}],"wp:attachment":[{"href":"https:\/\/minghanggroup.com\/it\/wp-json\/wp\/v2\/media?parent=4111"}],"wp:term":[{"taxonomy":"product_brand","embeddable":true,"href":"https:\/\/minghanggroup.com\/it\/wp-json\/wp\/v2\/product_brand?post=4111"},{"taxonomy":"product_cat","embeddable":true,"href":"https:\/\/minghanggroup.com\/it\/wp-json\/wp\/v2\/product_cat?post=4111"},{"taxonomy":"product_tag","embeddable":true,"href":"https:\/\/minghanggroup.com\/it\/wp-json\/wp\/v2\/product_tag?post=4111"}],"curies":[{"name":"wp","href":"https:\/\/api.w.org\/{rel}","templated":true}]}}