{"id":4092,"date":"2025-12-26T11:58:18","date_gmt":"2025-12-26T03:58:18","guid":{"rendered":"https:\/\/minghanggroup.com\/?post_type=product&#038;p=4092"},"modified":"2025-12-26T16:58:40","modified_gmt":"2025-12-26T08:58:40","slug":"glass-round-perfume-bottle-with-marble-ball-lids-wholesale","status":"publish","type":"product","link":"https:\/\/minghanggroup.com\/it\/prodotto\/glass-round-perfume-bottle-with-marble-ball-lids-wholesale\/","title":{"rendered":"Flacone di profumo rotondo in vetro da 30 ml, 50 ml e 100 ml con coperchi a sfera di marmo all&#039;ingrosso"},"content":{"rendered":"<p>La tua fragranza merita un packaging eccezionale, proprio come il tuo profumo. Realizziamo soluzioni per flaconi rotondi, pensati per il successo del packaging delle fragranze, dove ogni flacone spray diventa il simbolo distintivo del tuo brand.<\/p>\n<h2>Caratteristiche del prodotto<\/h2>\n<ol>\n<li><strong>Design cilindrico elegante: <\/strong>Abbiamo un flacone di profumo circolare dalle linee semplici ed eleganti e un tappo in marmo con texture che crea un bellissimo contrasto.<\/li>\n<li><strong>Sistema di spruzzatura di precisione: <\/strong>La pompa integrata \u00e8 molto efficiente nel rilasciare una nebbia fine per un&#039;applicazione uniforme della fragranza, rendendo i tuoi flaconi spray per fragranze ancora pi\u00f9 accattivanti.<\/li>\n<li><strong>Costruzione di base stabile: <\/strong>Le prestazioni del tuo flacone di profumo rotondo sono garantite dal fondo spesso che garantisce stabilit\u00e0, sia per una vetrina che per un uso regolare.<\/li>\n<\/ol>\n<h2>Specifiche chiave<\/h2>\n<table style=\"border-collapse: collapse; width: 80%; margin-left: auto; margin-right: auto;\" border=\"0\" width=\"360\" cellspacing=\"0\" cellpadding=\"0\">\n<tbody>\n<tr style=\"height: 13.50pt;\">\n<td style=\"height: 13.5pt; width: 54pt; text-align: center;\" width=\"72\" height=\"18\">Capacit\u00e0 (ml)<\/td>\n<td style=\"width: 54pt; text-align: center;\" width=\"72\">Dimensioni (mm)<\/td>\n<td style=\"width: 54pt; text-align: center;\" width=\"72\">Diametro del collo<\/td>\n<td style=\"width: 54pt; text-align: center;\" width=\"72\">Materiale<\/td>\n<td style=\"width: 54pt; text-align: center;\" width=\"72\">Opzioni di colore<\/td>\n<\/tr>\n<tr style=\"height: 13.50pt;\">\n<td style=\"height: 13.5pt; text-align: center;\" align=\"right\" height=\"18\">30<\/td>\n<td style=\"text-align: center;\">40 \u00d7 82<\/td>\n<td class=\"et2\" style=\"text-align: center;\" rowspan=\"3\">15 millimetri<\/td>\n<td class=\"et2\" style=\"text-align: center;\" rowspan=\"3\">vetro di cristallo<\/td>\n<td class=\"et2\" style=\"text-align: center;\" rowspan=\"3\">Personalizzabile<\/td>\n<\/tr>\n<tr style=\"height: 13.50pt;\">\n<td style=\"height: 13.5pt; text-align: center;\" align=\"right\" height=\"18\">50<\/td>\n<td style=\"text-align: center;\">45 \u00d7 92<\/td>\n<\/tr>\n<tr style=\"height: 13.50pt;\">\n<td style=\"height: 13.5pt; text-align: center;\" align=\"right\" height=\"18\">100<\/td>\n<td style=\"text-align: center;\">53 \u00d7 110<\/td>\n<\/tr>\n<\/tbody>\n<\/table>\n<h2>Caso di successo<\/h2>\n<p>Un&#039;azienda di profumi ha scelto questi contenitori circolari in grandi quantit\u00e0 per esporre la sua nuova fragranza esclusiva. L&#039;azienda desiderava esaltare il tono lussuoso del prodotto e, allo stesso tempo, garantirne la sicurezza e renderne la distribuzione efficiente. I flaconi spray trasparenti, abbinati a un esclusivo tappo rotondo, sono ci\u00f2 che attrae i clienti, rivelando la purezza e il colore del profumo, migliorando cos\u00ec la riconoscibilit\u00e0 del marchio e l&#039;attrattiva sullo scaffale. Il meccanismo spray incorporato eroga una nebulizzazione fine e uniforme, deliziando l&#039;utente e riducendo al minimo gli sprechi di prodotto.<\/p>\n<p>Dopo il lancio del prodotto e la promozione sul mercato, l&#039;azienda ha registrato un aumento del 20% delle vendite della linea di profumi nel giro di pochi mesi.<\/p>\n<h2>I tuoi suggerimenti per la personalizzazione<\/h2>\n<p>Per quanto riguarda la personalizzazione, i flaconi spray cilindrici di questa linea possono essere personalizzati per riflettere le diverse esigenze del marchio, modificando la finitura della superficie in vetro o incorporando il logo personalizzato tramite serigrafia o incisione. I marchi possono inoltre scegliere diverse pompe spray e stili di tappo per evidenziare le prestazioni e l&#039;attrattiva del prodotto, rendendo cos\u00ec il packaging del profumo non solo compatibile con i requisiti di un&#039;erogazione lussuosa, elegante e facile da usare, ma anche funzionale e visivamente accattivante.<\/p>","protected":false},"excerpt":{"rendered":"<p>Flacone di profumo rotondo in vetro di alta qualit\u00e0. Flaconi spray per profumi venduti direttamente dalla fabbrica, possibilit\u00e0 di personalizzazione in grandi quantit\u00e0, consegna rapida per gli acquirenti.<\/p>","protected":false},"featured_media":4098,"template":"","meta":{"postBodyCss":"","postBodyMargin":[],"postBodyPadding":[],"postBodyBackground":{"backgroundType":"classic","gradient":""}},"product_brand":[],"product_cat":[15,16,62],"product_tag":[],"class_list":{"0":"post-4092","1":"product","2":"type-product","3":"status-publish","4":"has-post-thumbnail","6":"product_cat-glass-containers","7":"product_cat-glass-bottles","8":"product_cat-perfume-bottles","10":"first","11":"instock","12":"shipping-taxable","13":"product-type-simple"},"jetpack_sharing_enabled":true,"_links":{"self":[{"href":"https:\/\/minghanggroup.com\/it\/wp-json\/wp\/v2\/product\/4092","targetHints":{"allow":["GET"]}}],"collection":[{"href":"https:\/\/minghanggroup.com\/it\/wp-json\/wp\/v2\/product"}],"about":[{"href":"https:\/\/minghanggroup.com\/it\/wp-json\/wp\/v2\/types\/product"}],"wp:featuredmedia":[{"embeddable":true,"href":"https:\/\/minghanggroup.com\/it\/wp-json\/wp\/v2\/media\/4098"}],"wp:attachment":[{"href":"https:\/\/minghanggroup.com\/it\/wp-json\/wp\/v2\/media?parent=4092"}],"wp:term":[{"taxonomy":"product_brand","embeddable":true,"href":"https:\/\/minghanggroup.com\/it\/wp-json\/wp\/v2\/product_brand?post=4092"},{"taxonomy":"product_cat","embeddable":true,"href":"https:\/\/minghanggroup.com\/it\/wp-json\/wp\/v2\/product_cat?post=4092"},{"taxonomy":"product_tag","embeddable":true,"href":"https:\/\/minghanggroup.com\/it\/wp-json\/wp\/v2\/product_tag?post=4092"}],"curies":[{"name":"wp","href":"https:\/\/api.w.org\/{rel}","templated":true}]}}