{"id":4086,"date":"2025-12-25T17:56:05","date_gmt":"2025-12-25T09:56:05","guid":{"rendered":"https:\/\/minghanggroup.com\/?post_type=product&#038;p=4086"},"modified":"2025-12-26T11:17:07","modified_gmt":"2025-12-26T03:17:07","slug":"miniature-perfume-bottles-with-gold-spray-lids-bulk","status":"publish","type":"product","link":"https:\/\/minghanggroup.com\/it\/prodotto\/miniature-perfume-bottles-with-gold-spray-lids-bulk\/","title":{"rendered":"Bottiglie di profumo in miniatura da 2 ml, 3 ml, 5 ml e 10 ml con coperchi spray dorati all&#039;ingrosso"},"content":{"rendered":"<p>Queste bottigliette di profumo in miniatura hanno un corpo liscio e dritto, con un vetro trasparente, disponibili in quattro misure, ideali per esporre campioni di profumo, profumi da viaggio o spray di oli essenziali.<\/p>\n<h2>Caratteristiche del prodotto<\/h2>\n<ul>\n<li><strong>Diverse dimensioni mini:<\/strong> Sono disponibili quattro altezze che possono essere utilizzate per contenere diversi volumi di profumi, oli essenziali e altri prodotti.<\/li>\n<li><strong>Lussuoso vetro trasparente con tappo dorato:<\/strong> L&#039;intero corpo in vetro trasparente con tappo in metallo dorato riflette chiaramente il contenuto, che \u00e8 molto sofisticato e lussuoso.<\/li>\n<li><strong>Design semplice a cilindro dritto:<\/strong> Si tratta del modello a cilindro dritto pi\u00f9 semplice, il cui design consente una facile conservazione e trasporto, il che \u00e8 molto comodo quando si viaggia e si eseguono ritocchi in movimento.<\/li>\n<\/ul>\n<h2 style=\"text-align: left;\">Specifiche chiave<\/h2>\n<table class=\"aligncenter\" style=\"border-collapse: collapse; width: 482.27pt;\" border=\"0\" width=\"643\" cellspacing=\"0\" cellpadding=\"0\">\n<tbody>\n<tr style=\"height: 13.50pt;\">\n<td style=\"height: 13.50pt; width: 111.75pt;\" width=\"149\" height=\"18\">Specifica<\/td>\n<td style=\"width: 370.50pt;\" width=\"494\">Dettagli<\/td>\n<\/tr>\n<tr style=\"height: 13.50pt;\">\n<td style=\"height: 13.50pt;\" height=\"18\">Dimensioni (\u00d8 x A)<\/td>\n<td>2 ml: 1,4\u00d73 cm; 3 ml: 1,4\u00d74 cm; 5 ml: 1,4\u00d75,5 cm; 10 ml: 1,4\u00d710 cm<\/td>\n<\/tr>\n<tr style=\"height: 13.50pt;\">\n<td style=\"height: 13.50pt;\" height=\"18\">Materiale<\/td>\n<td>Corpo in vetro trasparente, tappo in metallo dorato<\/td>\n<\/tr>\n<tr style=\"height: 13.50pt;\">\n<td style=\"height: 13.50pt;\" height=\"18\">Forma della bottiglia<\/td>\n<td>Cilindro a parete dritta<\/td>\n<\/tr>\n<tr style=\"height: 13.50pt;\">\n<td style=\"height: 13.50pt;\" height=\"18\">Caratteristica del materiale<\/td>\n<td>Resistente, ricaricabile, finitura premium<\/td>\n<\/tr>\n<tr style=\"height: 13.50pt;\">\n<td style=\"height: 13.50pt;\" height=\"18\">Ideale per<\/td>\n<td>Flaconi di campione di profumo, mini flaconi di profumo<\/td>\n<\/tr>\n<\/tbody>\n<\/table>\n<h2>Storia di successo<\/h2>\n<p>I nostri flaconi campione di profumo da 5 ml sono stati utilizzati come confezione standard per tutti i prodotti di un&#039;azienda di servizi di profumeria in abbonamento. Il design tradizionale ha ottenuto grandi consensi, con un feedback positivo del 95% nei sondaggi tra i membri. L&#039;impossibilit\u00e0 di rovesciare il prodotto ha inoltre garantito un successo del 99,9% nelle spedizioni, in un momento in cui i prodotti erano quasi rotti. Sulla base di questo successo, l&#039;azienda ha ordinato 500.000 flaconi aggiuntivi per soddisfare la crescente domanda entro due anni.<\/p>\n<h2>Personalizzazione di bottiglie di profumo in miniatura<\/h2>\n<ul>\n<li>Cappuccio in metallo personalizzato: oro rosa, argento o nero con varie finiture PVD.<\/li>\n<li>Colori delle bottiglie di vetro: ambra, blu cobalto o verde (con protezione UV).<\/li>\n<li>Serigrafia su vetro: consiste nel stampare il tuo logo, il nome del profumo o un disegno sul vetro.<\/li>\n<li>Incisione laser: consente di incidere disegni complessi, numeri di lotto o monogrammi sulla superficie del vetro.<\/li>\n<li>Spruzzatori personalizzati: ugelli spruzzatori progettati su misura per il tuo marchio.<\/li>\n<\/ul>","protected":false},"excerpt":{"rendered":"<p>Flaconi di profumo in miniatura e flaconi campione in vetro trasparente con tappo spray dorato. Spedizione rapida disponibile per campionature e viaggi. Campioni gratuiti.<\/p>","protected":false},"featured_media":4096,"template":"","meta":{"postBodyCss":"","postBodyMargin":[],"postBodyPadding":[],"postBodyBackground":{"backgroundType":"classic","gradient":""}},"product_brand":[],"product_cat":[15,16,62],"product_tag":[],"class_list":{"0":"post-4086","1":"product","2":"type-product","3":"status-publish","4":"has-post-thumbnail","6":"product_cat-glass-containers","7":"product_cat-glass-bottles","8":"product_cat-perfume-bottles","10":"first","11":"instock","12":"shipping-taxable","13":"product-type-simple"},"jetpack_sharing_enabled":true,"_links":{"self":[{"href":"https:\/\/minghanggroup.com\/it\/wp-json\/wp\/v2\/product\/4086","targetHints":{"allow":["GET"]}}],"collection":[{"href":"https:\/\/minghanggroup.com\/it\/wp-json\/wp\/v2\/product"}],"about":[{"href":"https:\/\/minghanggroup.com\/it\/wp-json\/wp\/v2\/types\/product"}],"wp:featuredmedia":[{"embeddable":true,"href":"https:\/\/minghanggroup.com\/it\/wp-json\/wp\/v2\/media\/4096"}],"wp:attachment":[{"href":"https:\/\/minghanggroup.com\/it\/wp-json\/wp\/v2\/media?parent=4086"}],"wp:term":[{"taxonomy":"product_brand","embeddable":true,"href":"https:\/\/minghanggroup.com\/it\/wp-json\/wp\/v2\/product_brand?post=4086"},{"taxonomy":"product_cat","embeddable":true,"href":"https:\/\/minghanggroup.com\/it\/wp-json\/wp\/v2\/product_cat?post=4086"},{"taxonomy":"product_tag","embeddable":true,"href":"https:\/\/minghanggroup.com\/it\/wp-json\/wp\/v2\/product_tag?post=4086"}],"curies":[{"name":"wp","href":"https:\/\/api.w.org\/{rel}","templated":true}]}}