{"id":4076,"date":"2025-12-25T16:33:30","date_gmt":"2025-12-25T08:33:30","guid":{"rendered":"https:\/\/minghanggroup.com\/?post_type=product&#038;p=4076"},"modified":"2025-12-26T09:48:59","modified_gmt":"2025-12-26T01:48:59","slug":"small-refillable-perfume-bottles-bulk","status":"publish","type":"product","link":"https:\/\/minghanggroup.com\/it\/prodotto\/small-refillable-perfume-bottles-bulk\/","title":{"rendered":"Bottiglie di profumo ricaricabili piccole da 8 ml all&#039;ingrosso"},"content":{"rendered":"<p>Questo splendido flacone di profumo ricaricabile da 8 ml \u00e8 realizzato con un corpo cilindrico trasparente in vetro e un tappo metallico lucido. Il riempimento dal basso lo rende facile da riempire e le sue dimensioni ridotte lo rendono perfetto per essere riposto in borsa o in tasca, rendendolo elegante e facile da trasportare.<\/p>\n<h2>Caratteristiche del prodotto<\/h2>\n<ul>\n<li><strong>Sistema di nebulizzazione fine integrato:<\/strong> \u00c8 dotato di una buona pompa spray che garantisce una distribuzione istantanea e uniforme.<\/li>\n<li><strong>Design con riempimento dall&#039;alto:<\/strong> Il meccanismo di riempimento dal basso \u00e8 comodo nella progettazione della bottiglia poich\u00e9 ne facilita il riempimento e ne facilita il riutilizzo.<\/li>\n<li><strong>Piccolo e leggero:<\/strong> Il suo formato da 8 ml e la forma del flacone a lunga durata lo rendono l&#039;articolo ideale da portare con s\u00e9 in viaggio, a un processo o semplicemente quando lo si porta con s\u00e9.<\/li>\n<\/ul>\n<h2 style=\"text-align: left;\">Specifiche chiave<\/h2>\n<table class=\"aligncenter\" style=\"border-collapse: collapse; width: 405.02pt;\" border=\"0\" width=\"540\" cellspacing=\"0\" cellpadding=\"0\">\n<tbody>\n<tr style=\"height: 13.50pt;\">\n<td style=\"height: 13.50pt; width: 109.50pt;\" width=\"146\" height=\"18\">Specifica<\/td>\n<td style=\"width: 295.50pt;\" width=\"394\">Dettagli<\/td>\n<\/tr>\n<tr style=\"height: 13.50pt;\">\n<td style=\"height: 13.50pt;\" height=\"18\">Capacit\u00e0<\/td>\n<td>8 ml<\/td>\n<\/tr>\n<tr style=\"height: 13.50pt;\">\n<td style=\"height: 13.50pt;\" height=\"18\">Dimensioni (\u00d8 x A)<\/td>\n<td>1,7 \u00d7 8,4 centimetri<\/td>\n<\/tr>\n<tr style=\"height: 13.50pt;\">\n<td style=\"height: 13.50pt;\" height=\"18\">Materiale<\/td>\n<td>Corpo in vetro trasparente, tappo in metallo<\/td>\n<\/tr>\n<tr style=\"height: 13.50pt;\">\n<td style=\"height: 13.50pt;\" height=\"18\">Caratteristica del materiale<\/td>\n<td>Resistente, ricaricabile, finitura premium<\/td>\n<\/tr>\n<tr style=\"height: 13.50pt;\">\n<td style=\"height: 13.50pt;\" height=\"18\">Ideale per<\/td>\n<td>Bottiglie di profumo ricaricabili, piccole bottiglie di profumo<\/td>\n<\/tr>\n<\/tbody>\n<\/table>\n<h2>Storia di successo: un programma fedelt\u00e0 per un marchio di profumi<\/h2>\n<p>I nostri flaconi di profumo ricaricabili da 8 ml sono stati ordinati da un marchio di profumi che vende direttamente al consumatore. Il modello ricaricabile ha avuto successo, poich\u00e9 3 quarti dei clienti hanno acquistato le ricariche pi\u00f9 economiche anzich\u00e9 flaconi nuovi, con un conseguente aumento del 40% del valore del ciclo di vita del cliente. Il meccanismo \u00e8 facile da usare e ricarica il fondo senza fuoriuscite, il che significa che il 95% di chi lo utilizza pu\u00f2 riempirlo facilmente. Il marchio \u00e8 rimasto molto soddisfatto e ha successivamente ordinato altri 180.000 flaconi per ampliare il programma.<\/p>\n<h2>Personalizzazione di piccole bottiglie di profumo<\/h2>\n<ul>\n<li>Scelta del colore delle bottiglie di vetro: possibilit\u00e0 di scelta del colore del vetro, tra cui ambra, verde o trasparente satinato.<\/li>\n<li>Serigrafia su vetro: il logo o il disegno vengono stampati sulla superficie del vetro.<\/li>\n<li>Incisione laser: ottieni un aspetto di alta qualit\u00e0, incidendo disegni o scrivendo sul vetro.<\/li>\n<li>Spruzzatore personalizzato: sviluppa forme o colori distintivi per gli spruzzatori.<\/li>\n<\/ul>","protected":false},"excerpt":{"rendered":"<p>Scopri i piccoli flaconi di profumo con design curvo e tappi in metallo. Questo flacone di profumo ricaricabile \u00e8 estremamente portatile. Richiedi campioni gratuiti oggi stesso!<\/p>","protected":false},"featured_media":4079,"template":"","meta":{"postBodyCss":"","postBodyMargin":[],"postBodyPadding":[],"postBodyBackground":{"backgroundType":"classic","gradient":""}},"product_brand":[],"product_cat":[15,16,62],"product_tag":[],"class_list":{"0":"post-4076","1":"product","2":"type-product","3":"status-publish","4":"has-post-thumbnail","6":"product_cat-glass-containers","7":"product_cat-glass-bottles","8":"product_cat-perfume-bottles","10":"first","11":"instock","12":"shipping-taxable","13":"product-type-simple"},"jetpack_sharing_enabled":true,"_links":{"self":[{"href":"https:\/\/minghanggroup.com\/it\/wp-json\/wp\/v2\/product\/4076","targetHints":{"allow":["GET"]}}],"collection":[{"href":"https:\/\/minghanggroup.com\/it\/wp-json\/wp\/v2\/product"}],"about":[{"href":"https:\/\/minghanggroup.com\/it\/wp-json\/wp\/v2\/types\/product"}],"wp:featuredmedia":[{"embeddable":true,"href":"https:\/\/minghanggroup.com\/it\/wp-json\/wp\/v2\/media\/4079"}],"wp:attachment":[{"href":"https:\/\/minghanggroup.com\/it\/wp-json\/wp\/v2\/media?parent=4076"}],"wp:term":[{"taxonomy":"product_brand","embeddable":true,"href":"https:\/\/minghanggroup.com\/it\/wp-json\/wp\/v2\/product_brand?post=4076"},{"taxonomy":"product_cat","embeddable":true,"href":"https:\/\/minghanggroup.com\/it\/wp-json\/wp\/v2\/product_cat?post=4076"},{"taxonomy":"product_tag","embeddable":true,"href":"https:\/\/minghanggroup.com\/it\/wp-json\/wp\/v2\/product_tag?post=4076"}],"curies":[{"name":"wp","href":"https:\/\/api.w.org\/{rel}","templated":true}]}}