{"id":4071,"date":"2025-12-25T16:49:20","date_gmt":"2025-12-25T08:49:20","guid":{"rendered":"https:\/\/minghanggroup.com\/?post_type=product&#038;p=4071"},"modified":"2025-12-25T17:13:24","modified_gmt":"2025-12-25T09:13:24","slug":"100ml-perfume-bottles-with-spray-lids-bulk","status":"publish","type":"product","link":"https:\/\/minghanggroup.com\/it\/prodotto\/100ml-perfume-bottles-with-spray-lids-bulk\/","title":{"rendered":"Flaconi di profumo da 30 ml, 50 ml e 100 ml con tappo spray sfusi"},"content":{"rendered":"<p>La tua fragranza merita di brillare di pi\u00f9. Progettiamo flaconi di profumo da 100 ml per acquirenti all&#039;ingrosso, dove ogni ordine all&#039;ingrosso di flaconi di profumo diventa il simbolo del tuo marchio.<\/p>\n<h2>Caratteristiche del prodotto<\/h2>\n<ol>\n<li><strong>Ugello di spruzzatura: <\/strong>Grazie all&#039;ugello spray integrato, il profumo si diffonde in modo uniforme in pochi secondi, consentendo all&#039;utente di controllare facilmente la quantit\u00e0 di profumo utilizzata e riducendo gli sprechi.<\/li>\n<li><strong>Aspetto semplice e moderno: <\/strong>Il design cilindrico minimale pu\u00f2 rappresentare la soluzione perfetta per qualsiasi marca di profumi, conferendogli un aspetto elegante e raffinato una volta esposto.<\/li>\n<li><strong>Progettazione a prova di perdite: <\/strong>L&#039;apertura ermeticamente chiusa della bottiglia, insieme al tappo di qualit\u00e0 superiore, sono i fattori principali che impediscono la fuoriuscita del liquido e, allo stesso tempo, garantiscono la conservazione del profumo a lungo.<\/li>\n<\/ol>\n<h2>Specifiche chiave<\/h2>\n<table style=\"border-collapse: collapse; width: 80%; margin-left: auto; margin-right: auto;\" border=\"0\" width=\"360\" cellspacing=\"0\" cellpadding=\"0\">\n<tbody>\n<tr style=\"height: 13.50pt;\">\n<td style=\"height: 13.5pt; width: 54pt; text-align: center;\" width=\"72\" height=\"18\">Capacit\u00e0 (ml)<\/td>\n<td style=\"width: 54pt; text-align: center;\" width=\"72\">Dimensioni (mm)<\/td>\n<td style=\"width: 54pt; text-align: center;\" width=\"72\">Metodo di sigillatura<\/td>\n<td style=\"width: 54pt; text-align: center;\" width=\"72\">Materiale<\/td>\n<td style=\"width: 54pt; text-align: center;\" width=\"72\">Opzioni di colore<\/td>\n<\/tr>\n<tr style=\"height: 13.50pt;\">\n<td style=\"height: 13.5pt; text-align: center;\" align=\"right\" height=\"18\">30<\/td>\n<td style=\"text-align: center;\">36*72<\/td>\n<td class=\"et2\" style=\"text-align: center;\" rowspan=\"3\">Collo a crimpare + spruzzatore<\/td>\n<td class=\"et2\" style=\"text-align: center;\" rowspan=\"3\">vetro di cristallo<\/td>\n<td class=\"et2\" style=\"text-align: center;\" rowspan=\"3\">Personalizzabile<\/td>\n<\/tr>\n<tr style=\"height: 13.50pt;\">\n<td style=\"height: 13.5pt; text-align: center;\" align=\"right\" height=\"18\">50<\/td>\n<td style=\"text-align: center;\">43.5*85<\/td>\n<\/tr>\n<tr style=\"height: 13.50pt;\">\n<td style=\"height: 13.5pt; text-align: center;\" align=\"right\" height=\"18\">100<\/td>\n<td style=\"text-align: center;\">51.4*100<\/td>\n<\/tr>\n<\/tbody>\n<\/table>\n<h2>Caso di successo<\/h2>\n<p>Un marchio di profumi ha deciso di utilizzare questi flaconi da 100 ml per confezionare la sua nuova linea di fragranze. Il marchio intende migliorare l&#039;esperienza premium del prodotto con un design accattivante, mantenendo al contempo la conservazione e la consegna dei profumi al miglior livello possibile. L&#039;abbinamento del flacone in vetro trasparente con il tappo nero rivela il colore e la lucentezza del profumo, contribuendo cos\u00ec all&#039;attrattiva dell&#039;intero packaging. La disposizione dell&#039;ugello spray nel flacone \u00e8 il modo pi\u00f9 efficiente per distribuire il profumo e riduce anche gli sprechi.<\/p>\n<p>Dopo alcuni mesi di promozione sul mercato, il marchio ha registrato un aumento del 20% nelle vendite di questa linea di fragranze.<\/p>\n<h2>I tuoi suggerimenti per la personalizzazione<\/h2>\n<p>Durante la modifica di questo contenitore per profumo, puoi scegliere le alternative personalizzate in linea con il posizionamento del tuo marchio e le caratteristiche del tuo prodotto. Innanzitutto, il flacone pu\u00f2 essere realizzato in vetro molto trasparente per mettere in risalto il colore e la consistenza del profumo, valorizzandone cos\u00ec l&#039;aspetto visivo.<\/p>\n<p>Se desideri un flacone di profumo che rispecchi maggiormente il tuo stile, puoi sicuramente personalizzare il logo del marchio, il motivo o l&#039;etichetta del flacone per creare coerenza con l&#039;immagine del marchio. Anche il design del tappo del flacone \u00e8 un elemento importante della personalizzazione; \u00e8 possibile optare per un tappo nero, oro o argento, oppure in legno, dall&#039;aspetto pi\u00f9 naturale, per soddisfare le diverse esigenze e stili di mercato.<\/p>","protected":false},"excerpt":{"rendered":"<p>Elegante flacone di profumo da 100 ml con tappo nero, ideale per le fragranze. Perfetto per ordini all&#039;ingrosso di flaconi di profumo con campioni gratuiti e personalizzazione diretta in fabbrica.<\/p>","protected":false},"featured_media":4084,"template":"","meta":{"postBodyCss":"","postBodyMargin":[],"postBodyPadding":[],"postBodyBackground":{"backgroundType":"classic","gradient":""}},"product_brand":[],"product_cat":[15,16,62],"product_tag":[],"class_list":{"0":"post-4071","1":"product","2":"type-product","3":"status-publish","4":"has-post-thumbnail","6":"product_cat-glass-containers","7":"product_cat-glass-bottles","8":"product_cat-perfume-bottles","10":"first","11":"instock","12":"shipping-taxable","13":"product-type-simple"},"jetpack_sharing_enabled":true,"_links":{"self":[{"href":"https:\/\/minghanggroup.com\/it\/wp-json\/wp\/v2\/product\/4071","targetHints":{"allow":["GET"]}}],"collection":[{"href":"https:\/\/minghanggroup.com\/it\/wp-json\/wp\/v2\/product"}],"about":[{"href":"https:\/\/minghanggroup.com\/it\/wp-json\/wp\/v2\/types\/product"}],"wp:featuredmedia":[{"embeddable":true,"href":"https:\/\/minghanggroup.com\/it\/wp-json\/wp\/v2\/media\/4084"}],"wp:attachment":[{"href":"https:\/\/minghanggroup.com\/it\/wp-json\/wp\/v2\/media?parent=4071"}],"wp:term":[{"taxonomy":"product_brand","embeddable":true,"href":"https:\/\/minghanggroup.com\/it\/wp-json\/wp\/v2\/product_brand?post=4071"},{"taxonomy":"product_cat","embeddable":true,"href":"https:\/\/minghanggroup.com\/it\/wp-json\/wp\/v2\/product_cat?post=4071"},{"taxonomy":"product_tag","embeddable":true,"href":"https:\/\/minghanggroup.com\/it\/wp-json\/wp\/v2\/product_tag?post=4071"}],"curies":[{"name":"wp","href":"https:\/\/api.w.org\/{rel}","templated":true}]}}