{"id":4060,"date":"2025-12-25T13:58:00","date_gmt":"2025-12-25T05:58:00","guid":{"rendered":"https:\/\/minghanggroup.com\/?post_type=product&#038;p=4060"},"modified":"2025-12-25T18:03:36","modified_gmt":"2025-12-25T10:03:36","slug":"2-in-1-clear-glass-spray-and-rollerball-bottles-bulk","status":"publish","type":"product","link":"https:\/\/minghanggroup.com\/it\/prodotto\/2-in-1-clear-glass-spray-and-rollerball-bottles-bulk\/","title":{"rendered":"Flaconi spray e rollerball in vetro trasparente 2 in 1 da 10 ml sfusi"},"content":{"rendered":"<p>Si tratta di un flacone di profumo multifunzionale 2 in 1, che rappresenta il miglior mix tra un flacone spray in vetro e un flacone roll-on, con una comoda capacit\u00e0 di 10 ml.<\/p>\n<h2>Caratteristiche del prodotto<\/h2>\n<ul>\n<li><strong>Design a doppio scopo:<\/strong> L&#039;altra estremit\u00e0 \u00e8 un flacone rollerball (adatto per applicazioni localizzate) e l&#039;altra \u00e8 un flacone spray commutabile (adatto per applicazioni su ampie superfici), che soddisfa i requisiti di vari casi d&#039;uso.<\/li>\n<li><strong>Corpo della bottiglia trasparente:<\/strong> \u00c8 realizzata interamente in vetro trasparente, quindi \u00e8 facile vedere la quantit\u00e0 di caff\u00e8 rimasta senza dover aprire la parte superiore della bottiglia, quindi \u00e8 facile riempirla quando vuoi.<\/li>\n<li><strong>Telaio elegante e compatto:<\/strong> La forma mini e dritta \u00e8 facile da trasportare e pu\u00f2 essere facilmente inserita in una borsa, il che lo rende la scelta perfetta per ritoccare quotidianamente la fragranza.<\/li>\n<\/ul>\n<h2 style=\"text-align: left;\">Specifiche chiave<\/h2>\n<table class=\"aligncenter\" style=\"border-collapse: collapse; width: 500.27pt;\" border=\"0\" width=\"667\" cellspacing=\"0\" cellpadding=\"0\">\n<tbody>\n<tr style=\"height: 13.50pt;\">\n<td style=\"height: 13.50pt; width: 116.25pt;\" width=\"155\" height=\"18\">Specifica<\/td>\n<td style=\"width: 384.00pt;\" width=\"512\">Dettagli<\/td>\n<\/tr>\n<tr style=\"height: 13.50pt;\">\n<td style=\"height: 13.50pt;\" height=\"18\">Capacit\u00e0<\/td>\n<td>10 ml<\/td>\n<\/tr>\n<tr style=\"height: 13.50pt;\">\n<td style=\"height: 13.50pt;\" height=\"18\">Dimensioni (\u00d8 x A)<\/td>\n<td>1,8\u00d710,3 cm<\/td>\n<\/tr>\n<tr style=\"height: 13.50pt;\">\n<td style=\"height: 13.50pt;\" height=\"18\">Materiale<\/td>\n<td>Clear Glass Body, Metal Lids<\/td>\n<\/tr>\n<tr style=\"height: 13.50pt;\">\n<td style=\"height: 13.50pt;\" height=\"18\">Forma della bottiglia<\/td>\n<td>Cilindro a parete dritta<\/td>\n<\/tr>\n<tr style=\"height: 13.50pt;\">\n<td style=\"height: 13.50pt;\" height=\"18\">Tipo di chiusura<\/td>\n<td>2 in 1: Rollerball e pompa spray intercambiabile<\/td>\n<\/tr>\n<tr style=\"height: 13.50pt;\">\n<td style=\"height: 13.50pt;\" height=\"18\">Caratteristica del materiale<\/td>\n<td>Vetro resistente agli agenti chimici, componenti metallici durevoli<\/td>\n<\/tr>\n<tr style=\"height: 13.50pt;\">\n<td style=\"height: 13.50pt;\" height=\"18\">Ideale per<\/td>\n<td>Flaconi spray in vetro, flaconi rollerball, flaconi di profumo personalizzati<\/td>\n<\/tr>\n<\/tbody>\n<\/table>\n<h2>Storia di successo: un kit di prova rivoluzionario di un marchio di profumi<\/h2>\n<p>Un&#039;azienda di profumi consumer-to-consumer ha lanciato un pacchetto di prova chiamato &#034;Scopri la tua fragranza personale&#034;. Hanno provato i nostri flaconi spray in vetro 2 in 1 da 10 ml e il design a doppia estremit\u00e0 ha riscosso un enorme successo, con il 94% degli utenti che ha utilizzato contemporaneamente sia la funzione roll-on che quella spray, aumentando cos\u00ec il livello di coinvolgimento degli utenti. Il corpo in vetro consente di visualizzare facilmente la capacit\u00e0 di 10 ml di ogni flacone, aumentando cos\u00ec la fiducia e riducendo del 99% il tasso di reclami per flaconi vuoti. Il marchio \u00e8 stato molto soddisfatto e ha ordinato oltre 300.000 flaconi per creare una nuova linea di prodotti.<\/p>\n<h2>Opzioni di personalizzazione per flaconi spray e rollerball<\/h2>\n<ul>\n<li>Bottiglie di vetro colorato, ambra, blu cobalto o verde (protezione UV).<\/li>\n<li>Serigrafia del marchio: un&#039;opzione pi\u00f9 economica per promuovere il tuo marchio \u00e8 la stampa del tuo logo o disegno direttamente sulla superficie del vetro.<\/li>\n<li>Incisione laser: il laser viene utilizzato per incidere disegni dettagliati, monogrammi o loghi sul vetro, conferendogli un aspetto e una sensazione di ricchezza.<\/li>\n<li>Progetta gli ugelli, modellali in modo creativo per aumentare il livello dell&#039;immagine del tuo marchio e farti riconoscere.<\/li>\n<\/ul>","protected":false},"excerpt":{"rendered":"<p>Questi flaconi spray e rollerball in vetro offrono una doppia portabilit\u00e0. Vetro ad alta trasparenza con dettagli in metallo. Contattateci oggi stesso per i prezzi all&#039;ingrosso.<\/p>","protected":false},"featured_media":4063,"template":"","meta":{"postBodyCss":"","postBodyMargin":[],"postBodyPadding":[],"postBodyBackground":{"backgroundType":"classic","gradient":""}},"product_brand":[],"product_cat":[15,16,62],"product_tag":[],"class_list":{"0":"post-4060","1":"product","2":"type-product","3":"status-publish","4":"has-post-thumbnail","6":"product_cat-glass-containers","7":"product_cat-glass-bottles","8":"product_cat-perfume-bottles","10":"first","11":"instock","12":"shipping-taxable","13":"product-type-simple"},"jetpack_sharing_enabled":true,"_links":{"self":[{"href":"https:\/\/minghanggroup.com\/it\/wp-json\/wp\/v2\/product\/4060","targetHints":{"allow":["GET"]}}],"collection":[{"href":"https:\/\/minghanggroup.com\/it\/wp-json\/wp\/v2\/product"}],"about":[{"href":"https:\/\/minghanggroup.com\/it\/wp-json\/wp\/v2\/types\/product"}],"wp:featuredmedia":[{"embeddable":true,"href":"https:\/\/minghanggroup.com\/it\/wp-json\/wp\/v2\/media\/4063"}],"wp:attachment":[{"href":"https:\/\/minghanggroup.com\/it\/wp-json\/wp\/v2\/media?parent=4060"}],"wp:term":[{"taxonomy":"product_brand","embeddable":true,"href":"https:\/\/minghanggroup.com\/it\/wp-json\/wp\/v2\/product_brand?post=4060"},{"taxonomy":"product_cat","embeddable":true,"href":"https:\/\/minghanggroup.com\/it\/wp-json\/wp\/v2\/product_cat?post=4060"},{"taxonomy":"product_tag","embeddable":true,"href":"https:\/\/minghanggroup.com\/it\/wp-json\/wp\/v2\/product_tag?post=4060"}],"curies":[{"name":"wp","href":"https:\/\/api.w.org\/{rel}","templated":true}]}}