{"id":4052,"date":"2025-12-25T11:07:16","date_gmt":"2025-12-25T03:07:16","guid":{"rendered":"https:\/\/minghanggroup.com\/?post_type=product&#038;p=4052"},"modified":"2025-12-25T13:41:29","modified_gmt":"2025-12-25T05:41:29","slug":"2-in-1-glass-small-spray-bottles-with-lids-bulk","status":"publish","type":"product","link":"https:\/\/minghanggroup.com\/it\/prodotto\/2-in-1-glass-small-spray-bottles-with-lids-bulk\/","title":{"rendered":"Flaconi spray piccoli in vetro 2 in 1 da 10 ml con coperchi, sfusi"},"content":{"rendered":"<p>Si tratta di un flacone di profumo multifunzionale con un design speciale a cilindricit\u00e0 segmentata, composto da 2 parti metalliche separate. Ho un ugello nebulizzatore fine su un&#039;estremit\u00e0 e un applicatore a sfera liscio sull&#039;altra, che pu\u00f2 essere utilizzato in un&#039;ampia variet\u00e0 di modi.<\/p>\n<h2>Caratteristiche del prodotto<\/h2>\n<ul>\n<li><strong>Design a doppio scopo:<\/strong> \u00c8 dotato di un applicatore a sfera all&#039;altra estremit\u00e0 e di un ugello sull&#039;altra, il che gli consente di soddisfare sia i requisiti di uno spruzzatore per grandi superfici sia quelli di un applicatore localizzato.<\/li>\n<li><strong>Design portatile:<\/strong> Il flacone cilindrico \u00e8 sottile, il che lo rende compatto e facile da trasportare in borsa, per ritoccare la fragranza in qualsiasi momento.<\/li>\n<li><strong>Aspetto elegante:<\/strong> La bottiglia di metallo divisa sar\u00e0 un mix di moda e classe e potr\u00e0 essere utilizzata in diversi design ed eventi.<\/li>\n<\/ul>\n<h2 style=\"text-align: left;\">Specifiche chiave<\/h2>\n<table class=\"aligncenter\" style=\"border-collapse: collapse; width: 533.27pt;\" border=\"0\" width=\"711\" cellspacing=\"0\" cellpadding=\"0\">\n<tbody>\n<tr style=\"height: 13.50pt;\">\n<td style=\"height: 13.50pt; width: 116.25pt;\" width=\"155\" height=\"18\">Specifica<\/td>\n<td style=\"width: 417.00pt;\" width=\"556\">Dettagli<\/td>\n<\/tr>\n<tr style=\"height: 13.50pt;\">\n<td style=\"height: 13.50pt;\" height=\"18\">Capacit\u00e0<\/td>\n<td>10 ml<\/td>\n<\/tr>\n<tr style=\"height: 13.50pt;\">\n<td style=\"height: 13.50pt;\" height=\"18\">Dimensioni (\u00d8 x A)<\/td>\n<td>1,6 centimetri x 10 centimetri<\/td>\n<\/tr>\n<tr style=\"height: 13.50pt;\">\n<td style=\"height: 13.50pt;\" height=\"18\">Materiale<\/td>\n<td>Corpo in vetro, componenti con finitura in metallo<\/td>\n<\/tr>\n<tr style=\"height: 13.50pt;\">\n<td style=\"height: 13.50pt;\" height=\"18\">Forma della bottiglia<\/td>\n<td>Cilindro segmentato<\/td>\n<\/tr>\n<tr style=\"height: 13.50pt;\">\n<td style=\"height: 13.50pt;\" height=\"18\">Tipi di chiusura<\/td>\n<td>Testina spray e testina rollerball (2 in 1)<\/td>\n<\/tr>\n<tr style=\"height: 13.50pt;\">\n<td style=\"height: 13.50pt;\" height=\"18\">Tratto chiave del design<\/td>\n<td>Design a doppia funzione; finiture metalliche di alta qualit\u00e0 (oro, argento, nero)<\/td>\n<\/tr>\n<tr style=\"height: 13.50pt;\">\n<td style=\"height: 13.50pt;\" height=\"18\">Ideale per<\/td>\n<td>Piccole bottiglie spray, campioni di fragranze, profumi roll-on<\/td>\n<\/tr>\n<\/tbody>\n<\/table>\n<h2>Caso di successo: la svolta di un marchio di profumi di nicchia.<\/h2>\n<p>Uno dei nuovi marchi di profumi di nicchia ha scelto i nostri flaconi spray 2 in 1 da 10 ml. Il risultato \u00e8 stato un grande successo: l&#039;85% dei clienti ha utilizzato entrambe le funzionalit\u00e0 contemporaneamente, il che ha migliorato notevolmente la versatilit\u00e0 del prodotto. La finitura metallica di alta qualit\u00e0 ha anticipato un valore aggiunto al prodotto, che si \u00e8 tradotto in un aumento del 30% del prezzo di vendita. Grazie a questo successo, hanno ordinato nuovamente 250.000 flaconi del loro prodotto nella stagione successiva.<\/p>\n<h2>Flaconi spray piccoli 2 in 1 personalizzati da 100 litri<\/h2>\n<ul>\n<li>Rivestimento metallico personalizzato: seleziona una corrispondenza Pantone esatta con il rivestimento PVD di un marchio specifico.<\/li>\n<li>Incisione laser dell&#039;anello centrale: incidi il nome del tuo marchio, il tuo design o il tuo testo sull&#039;anello metallico al centro dell&#039;anello.<\/li>\n<li>Serigrafia: stampa il logo o il testo del tuo marchio sul corpo della bottiglia in vetro o plastica.<\/li>\n<li>Colori ugelli personalizzati: scegli tra nero opaco, oro rosa o trasparente.<\/li>\n<\/ul>","protected":false},"excerpt":{"rendered":"<p>Scopri i nostri piccoli flaconi spray 2 in 1 con testina spray e roller. Flaconi di profumo personalizzati con finiture metalliche. Design resistente ed elegante. Campioni gratuiti.<\/p>","protected":false},"featured_media":4057,"template":"","meta":{"postBodyCss":"","postBodyMargin":[],"postBodyPadding":[],"postBodyBackground":{"backgroundType":"classic","gradient":""}},"product_brand":[],"product_cat":[15,16,62],"product_tag":[],"class_list":{"0":"post-4052","1":"product","2":"type-product","3":"status-publish","4":"has-post-thumbnail","6":"product_cat-glass-containers","7":"product_cat-glass-bottles","8":"product_cat-perfume-bottles","10":"first","11":"instock","12":"shipping-taxable","13":"product-type-simple"},"jetpack_sharing_enabled":true,"_links":{"self":[{"href":"https:\/\/minghanggroup.com\/it\/wp-json\/wp\/v2\/product\/4052","targetHints":{"allow":["GET"]}}],"collection":[{"href":"https:\/\/minghanggroup.com\/it\/wp-json\/wp\/v2\/product"}],"about":[{"href":"https:\/\/minghanggroup.com\/it\/wp-json\/wp\/v2\/types\/product"}],"wp:featuredmedia":[{"embeddable":true,"href":"https:\/\/minghanggroup.com\/it\/wp-json\/wp\/v2\/media\/4057"}],"wp:attachment":[{"href":"https:\/\/minghanggroup.com\/it\/wp-json\/wp\/v2\/media?parent=4052"}],"wp:term":[{"taxonomy":"product_brand","embeddable":true,"href":"https:\/\/minghanggroup.com\/it\/wp-json\/wp\/v2\/product_brand?post=4052"},{"taxonomy":"product_cat","embeddable":true,"href":"https:\/\/minghanggroup.com\/it\/wp-json\/wp\/v2\/product_cat?post=4052"},{"taxonomy":"product_tag","embeddable":true,"href":"https:\/\/minghanggroup.com\/it\/wp-json\/wp\/v2\/product_tag?post=4052"}],"curies":[{"name":"wp","href":"https:\/\/api.w.org\/{rel}","templated":true}]}}