{"id":4046,"date":"2025-12-25T10:27:39","date_gmt":"2025-12-25T02:27:39","guid":{"rendered":"https:\/\/minghanggroup.com\/?post_type=product&#038;p=4046"},"modified":"2026-03-02T15:23:19","modified_gmt":"2026-03-02T07:23:19","slug":"round-belly-unique-glass-jars-with-lids-bulk","status":"publish","type":"product","link":"https:\/\/minghanggroup.com\/it\/prodotto\/round-belly-unique-glass-jars-with-lids-bulk\/","title":{"rendered":"Barattoli di vetro unici con coperchio a pancia rotonda da 500 ml, 750 ml e 1100 ml, sfusi"},"content":{"rendered":"<p>La forma sferica di questo barattolo di vetro con coperchio \u00e8 molto tradizionale e antica. Le conicit\u00e0 sono arrotondate e corpose, rastremandosi verso il collo e leggermente arrotondate sul fondo. Il coperchio in bamb\u00f9 \u00e8 di colore chiaro, naturale e caldo.<\/p>\n<h2>Caratteristiche del prodotto<\/h2>\n<ul>\n<li><strong>Vetro borosilicato di alta qualit\u00e0:<\/strong> \u00c8 molto pi\u00f9 resistente, ha la capacit\u00e0 di sopportare gli shock termici e pu\u00f2 raggiungere un aspetto cristallino e indeformabile.<\/li>\n<li><strong>Coperchio in bamb\u00f9 naturale:<\/strong> Il coperchio in bamb\u00f9 \u00e8 leggero, garantisce un&#039;ottima tenuta e si adatta bene alla forma naturale del barattolo.<\/li>\n<li><strong>Capacit\u00e0 multiple:<\/strong> Dispone di tre capacit\u00e0 (da 500 ml a 1100 ml) che soddisfano le diverse esigenze di stoccaggio di prodotti secchi.<\/li>\n<\/ul>\n<h2 style=\"text-align: left;\">Specifiche chiave<\/h2>\n<table class=\"aligncenter\" style=\"border-collapse: collapse; width: 451.52pt;\" border=\"0\" width=\"602\" cellspacing=\"0\" cellpadding=\"0\">\n<tbody>\n<tr style=\"height: 13.50pt;\">\n<td style=\"height: 13.50pt; width: 116.25pt;\" width=\"155\" height=\"18\">Specifica<\/td>\n<td style=\"width: 335.25pt;\" width=\"447\">Dettagli<\/td>\n<\/tr>\n<tr style=\"height: 13.50pt;\">\n<td style=\"height: 13.50pt;\" height=\"18\">Dimensioni<\/td>\n<td>500 ml: 10\u00d710,5 cm; 750 ml: 10,5\u00d712 cm; 1100 ml: 11,5\u00d716 cm<\/td>\n<\/tr>\n<tr style=\"height: 13.50pt;\">\n<td style=\"height: 13.50pt;\" height=\"18\">Materiale<\/td>\n<td>Vetro borosilicato di alta qualit\u00e0<\/td>\n<\/tr>\n<tr style=\"height: 13.50pt;\">\n<td style=\"height: 13.50pt;\" height=\"18\">Tipo di coperchio<\/td>\n<td>Coperchio piatto in bamb\u00f9 naturale<\/td>\n<\/tr>\n<tr style=\"height: 13.50pt;\">\n<td style=\"height: 13.50pt;\" height=\"18\">Caratteristica del materiale chiave<\/td>\n<td>Eccezionale resistenza agli shock termici, brillantezza<\/td>\n<\/tr>\n<tr style=\"height: 13.50pt;\">\n<td style=\"height: 13.50pt;\" height=\"18\">Perfetto per<\/td>\n<td>Alimenti secchi sfusi, caff\u00e8, t\u00e8, spezie, snack<\/td>\n<\/tr>\n<\/tbody>\n<\/table>\n<h2>Storia di successo<\/h2>\n<p>I nostri esclusivi barattoli in vetro borosilicato ad alto contenuto di grassi da 1100 ml sono stati ordinati da un&#039;azienda alimentare nordamericana di fascia alta per la conservazione dei propri alimenti. Il risultato? Il vetro borosilicato ad alto contenuto di grassi \u00e8 in grado di resistere a sbalzi di temperatura fino a 220 \u00b0C senza rompersi. Il coperchio in bamb\u00f9 \u00e8 rimasto sigillato per oltre 6 mesi se conservato in condizioni di umidit\u00e0. L&#039;azienda \u00e8 rimasta cos\u00ec soddisfatta del nostro prodotto che ha subito effettuato un altro ordine di 200.000 pezzi per ampliare la sua nuova linea.<\/p>\n<h2>Opzioni di personalizzazione uniche per barattoli di vetro<\/h2>\n<ul>\n<li>Coperchio in bamb\u00f9 con marchio B: il coperchio in bamb\u00f9 pu\u00f2 essere stampato a caldo o inciso al laser con il logo del tuo marchio al centro.<\/li>\n<li>Design a spirale stampato: stampa uno splendido design che ripete le linee naturali del barattolo.<\/li>\n<li>Colorazione personalizzata del bamb\u00f9: seleziona il colore specifico del bamb\u00f9, che sia giallo dorato naturale, giallo miele o grigio.<\/li>\n<li>Decorazione di vetrate colorate: \u00e8 possibile utilizzare versioni di corpi in vetro di colore chiaro (ad esempio ambra).<\/li>\n<\/ul>","protected":false},"excerpt":{"rendered":"<p>Ordina barattoli di vetro unici dalla forma morbida e arrotondata. Questo set di barattoli in vetro con coperchio fonde perfettamente bamb\u00f9 e vetro. Disponibile in magazzino. Contattaci per campioni gratuiti!<\/p>","protected":false},"featured_media":4047,"template":"","meta":{"postBodyCss":"","postBodyMargin":[],"postBodyPadding":[],"postBodyBackground":{"backgroundType":"classic","gradient":""}},"product_brand":[],"product_cat":[15,17,61],"product_tag":[68,67,100],"class_list":{"0":"post-4046","1":"product","2":"type-product","3":"status-publish","4":"has-post-thumbnail","6":"product_cat-glass-containers","7":"product_cat-glass-jars","8":"product_cat-glass-jars-with-lids","9":"product_tag-borosilicate-glass-jars","10":"product_tag-candy-jars","11":"product_tag-glass-coffee-jars","13":"first","14":"instock","15":"shipping-taxable","16":"product-type-simple"},"jetpack_sharing_enabled":true,"_links":{"self":[{"href":"https:\/\/minghanggroup.com\/it\/wp-json\/wp\/v2\/product\/4046","targetHints":{"allow":["GET"]}}],"collection":[{"href":"https:\/\/minghanggroup.com\/it\/wp-json\/wp\/v2\/product"}],"about":[{"href":"https:\/\/minghanggroup.com\/it\/wp-json\/wp\/v2\/types\/product"}],"wp:featuredmedia":[{"embeddable":true,"href":"https:\/\/minghanggroup.com\/it\/wp-json\/wp\/v2\/media\/4047"}],"wp:attachment":[{"href":"https:\/\/minghanggroup.com\/it\/wp-json\/wp\/v2\/media?parent=4046"}],"wp:term":[{"taxonomy":"product_brand","embeddable":true,"href":"https:\/\/minghanggroup.com\/it\/wp-json\/wp\/v2\/product_brand?post=4046"},{"taxonomy":"product_cat","embeddable":true,"href":"https:\/\/minghanggroup.com\/it\/wp-json\/wp\/v2\/product_cat?post=4046"},{"taxonomy":"product_tag","embeddable":true,"href":"https:\/\/minghanggroup.com\/it\/wp-json\/wp\/v2\/product_tag?post=4046"}],"curies":[{"name":"wp","href":"https:\/\/api.w.org\/{rel}","templated":true}]}}