{"id":4041,"date":"2025-12-24T15:20:08","date_gmt":"2025-12-24T07:20:08","guid":{"rendered":"https:\/\/minghanggroup.com\/?post_type=product&#038;p=4041"},"modified":"2026-01-20T13:16:34","modified_gmt":"2026-01-20T05:16:34","slug":"high-borosilicate-food-storage-glass-jars-wholesale","status":"publish","type":"product","link":"https:\/\/minghanggroup.com\/it\/prodotto\/high-borosilicate-food-storage-glass-jars-wholesale\/","title":{"rendered":"Barattoli in vetro borosilicato ad alta resistenza per alimenti da 175 ml a 500 ml all&#039;ingrosso"},"content":{"rendered":"<p>Meriti un packaging di alta qualit\u00e0 che mantenga la freschezza dei prodotti e faccia risaltare il tuo marchio. Realizziamo barattoli in vetro per alimenti con coperchio in bamb\u00f9, pensati per il successo in cucina: ogni barattolo esalta la storia del tuo prodotto.<\/p>\n<h2>Caratteristiche del prodotto<\/h2>\n<ol>\n<li><strong>Design del coperchio: <\/strong>Puoi scegliere tra diversi materiali per i coperchi, in base allo stile del tuo marchio. Ad esempio, puoi usare coperchi in acciaio inossidabile o in legno, ma non in bamb\u00f9. I coperchi in bamb\u00f9 sono ottimi per uno stile particolare. D&#039;altro canto, i coperchi in acciaio inossidabile conferiscono un aspetto pi\u00f9 moderno.<\/li>\n<li><strong>Logo del marchio personalizzato: <\/strong>Puoi applicare il logo del tuo marchio sui barattoli di vetro. Questo aiuter\u00e0 le persone a riconoscere il tuo marchio. Puoi anche applicare etichette o disegni sui barattoli. Questo render\u00e0 il prodotto davvero accattivante per chi potrebbe acquistarlo. I barattoli di vetro con il logo o i disegni del tuo marchio si distingueranno sul mercato. Il logo del tuo marchio sui barattoli \u00e8 un modo per rendere il tuo prodotto pi\u00f9 accattivante.<\/li>\n<li><strong>Opzioni di sigillatura: <\/strong>Scegliete coperchi in bamb\u00f9 con guarnizioni in silicone per una migliore tenuta, impedendo l&#039;ingresso di aria e umidit\u00e0. Sono adatti per conservare alimenti secchi, t\u00e8 e altri alimenti sensibili all&#039;umidit\u00e0.<\/li>\n<\/ol>\n<h2>Specifiche chiave<\/h2>\n<table style=\"border-collapse: collapse; width: 80%; margin-left: auto; margin-right: auto;\" border=\"0\" width=\"288\" cellspacing=\"0\" cellpadding=\"0\">\n<tbody>\n<tr style=\"height: 13.50pt;\">\n<td style=\"height: 13.5pt; width: 54pt; text-align: center;\" width=\"72\" height=\"18\">Capacit\u00e0 (ml)<\/td>\n<td style=\"width: 54pt; text-align: center;\" width=\"72\">Dimensioni (cm)<\/td>\n<td style=\"width: 54pt; text-align: center;\" width=\"72\">Materiale<\/td>\n<td style=\"width: 54pt; text-align: center;\" width=\"72\">Caratteristiche<\/td>\n<\/tr>\n<tr style=\"height: 13.50pt;\">\n<td style=\"height: 13.5pt; text-align: center;\" align=\"right\" height=\"18\">175<\/td>\n<td style=\"text-align: center;\">6.5 * 10.0<\/td>\n<td class=\"et2\" style=\"text-align: center;\" rowspan=\"5\">Vetro borosilicato<\/td>\n<td class=\"et2\" style=\"text-align: center;\" rowspan=\"5\">Coperchio in bamb\u00f9 dritto da 65 mm<\/td>\n<\/tr>\n<tr style=\"height: 13.50pt;\">\n<td style=\"height: 13.5pt; text-align: center;\" align=\"right\" height=\"18\">250<\/td>\n<td style=\"text-align: center;\">6.5 * 10.0<\/td>\n<\/tr>\n<tr style=\"height: 13.50pt;\">\n<td style=\"height: 13.5pt; text-align: center;\" align=\"right\" height=\"18\">300<\/td>\n<td style=\"text-align: center;\">6.5 * 12.0<\/td>\n<\/tr>\n<tr style=\"height: 13.50pt;\">\n<td style=\"height: 13.5pt; text-align: center;\" align=\"right\" height=\"18\">380<\/td>\n<td style=\"text-align: center;\">6.5 * 15.0<\/td>\n<\/tr>\n<tr style=\"height: 13.50pt;\">\n<td style=\"height: 13.5pt; text-align: center;\" align=\"right\" height=\"18\">500<\/td>\n<td style=\"text-align: center;\">6.5 * 20.0<\/td>\n<\/tr>\n<\/tbody>\n<\/table>\n<h2>Caso di successo<\/h2>\n<p>Un marchio di alimenti biologici ha utilizzato questi barattoli da cucina in vetro borosilicato come contenitori ed espositori per la sua nuova linea di frutta secca e spezie. Oltre al coperchio in armonia con il concetto di amore per la natura del marchio, il coperchio in bamb\u00f9 offre anche un&#039;ottima tenuta, mantenendo intatta la freschezza del prodotto.<\/p>\n<p>Dopo aver sostituito i barattoli in vetro per la conservazione in cucina, il marchio \u00e8 riuscito a ottenere un notevole aumento delle vendite di frutta secca e spezie, soprattutto nel segmento premium. L&#039;apprezzamento dei consumatori per l&#039;imballaggio ecologico e la qualit\u00e0 del prodotto \u00e8 stato il principale motore del passaparola. Il fatturato \u00e8 raddoppiato nei tre mesi successivi all&#039;installazione.<\/p>\n<h2>I tuoi suggerimenti per la personalizzazione<\/h2>\n<p>Se vuoi personalizzare questi barattoli in vetro borosilicato per la conservazione degli alimenti, puoi modificarne le dimensioni e la forma per adattarli all&#039;uso che desideri e allo stile del tuo marchio. I barattoli in vetro per alimenti pi\u00f9 grandi sono ideali per conservare t\u00e8, frutta secca o molti ingredienti. I barattoli in vetro borosilicato pi\u00f9 piccoli sono ideali per conservare spezie o caramelle. Il coperchio dei barattoli in vetro \u00e8 in bamb\u00f9, un materiale che fa bene all&#039;ambiente. Il coperchio in bamb\u00f9 dei barattoli in vetro si chiude molto bene, quindi il cibo all&#039;interno dei barattoli in vetro borosilicato rimane fresco a lungo. Puoi anche scegliere di personalizzare il logo o l&#039;etichetta del tuo marchio sui barattoli in vetro per migliorarne la riconoscibilit\u00e0. Se il tuo marchio si posiziona come un prodotto di alta gamma, puoi scegliere il vetro trasparente per conferire al prodotto un aspetto pi\u00f9 moderno, oppure personalizzare il vetro satinato per aggiungere una texture unica.<\/p>","protected":false},"excerpt":{"rendered":"<p>Barattoli in vetro per alimenti con coperchi in bamb\u00f9, ideali per organizzare cibi secchi e spezie. Design elegante, possibilit\u00e0 di personalizzazione in grandi quantit\u00e0. Spedizione veloce.<\/p>","protected":false},"featured_media":4042,"template":"","meta":{"postBodyCss":"","postBodyMargin":[],"postBodyPadding":[],"postBodyBackground":{"backgroundType":"classic","gradient":""}},"product_brand":[],"product_cat":[15,17,61],"product_tag":[68,69],"class_list":{"0":"post-4041","1":"product","2":"type-product","3":"status-publish","4":"has-post-thumbnail","6":"product_cat-glass-containers","7":"product_cat-glass-jars","8":"product_cat-glass-jars-with-lids","9":"product_tag-borosilicate-glass-jars","10":"product_tag-storage-jars","12":"first","13":"instock","14":"shipping-taxable","15":"product-type-simple"},"jetpack_sharing_enabled":true,"_links":{"self":[{"href":"https:\/\/minghanggroup.com\/it\/wp-json\/wp\/v2\/product\/4041","targetHints":{"allow":["GET"]}}],"collection":[{"href":"https:\/\/minghanggroup.com\/it\/wp-json\/wp\/v2\/product"}],"about":[{"href":"https:\/\/minghanggroup.com\/it\/wp-json\/wp\/v2\/types\/product"}],"wp:featuredmedia":[{"embeddable":true,"href":"https:\/\/minghanggroup.com\/it\/wp-json\/wp\/v2\/media\/4042"}],"wp:attachment":[{"href":"https:\/\/minghanggroup.com\/it\/wp-json\/wp\/v2\/media?parent=4041"}],"wp:term":[{"taxonomy":"product_brand","embeddable":true,"href":"https:\/\/minghanggroup.com\/it\/wp-json\/wp\/v2\/product_brand?post=4041"},{"taxonomy":"product_cat","embeddable":true,"href":"https:\/\/minghanggroup.com\/it\/wp-json\/wp\/v2\/product_cat?post=4041"},{"taxonomy":"product_tag","embeddable":true,"href":"https:\/\/minghanggroup.com\/it\/wp-json\/wp\/v2\/product_tag?post=4041"}],"curies":[{"name":"wp","href":"https:\/\/api.w.org\/{rel}","templated":true}]}}