{"id":4036,"date":"2025-12-24T13:55:31","date_gmt":"2025-12-24T05:55:31","guid":{"rendered":"https:\/\/minghanggroup.com\/?post_type=product&#038;p=4036"},"modified":"2026-03-02T15:23:32","modified_gmt":"2026-03-02T07:23:32","slug":"cylindrical-glass-jars-with-lids-and-spoons-bulk","status":"publish","type":"product","link":"https:\/\/minghanggroup.com\/it\/prodotto\/cylindrical-glass-jars-with-lids-and-spoons-bulk\/","title":{"rendered":"Barattoli di vetro cilindrici da 300 ml, 350 ml e 450 ml con coperchi e cucchiai sfusi"},"content":{"rendered":"<p>Questo barattolo cilindrico in vetro con coperchio e cucchiaio \u00e8 realizzato in un unico pezzo di vetro liscio, senza nervature. \u00c8 realizzato in vetro borosilicato trasparente ed \u00e8 disponibile in tre diverse dimensioni.<\/p>\n<h2>Caratteristiche del prodotto<\/h2>\n<ul>\n<li><strong>Cilindrico a parete dritta:<\/strong> Il design semplice con pareti dritte consente di risparmiare spazio, \u00e8 facile da accedere e da pulire e la maggior parte delle situazioni di stoccaggio si adattano a questo design semplice.<\/li>\n<li><strong>Contenitore trasparente e trasparente:<\/strong> Il vetro borosilicato consente di vedere chiaramente l&#039;interno del contenitore e di identificarne facilmente il contenuto senza dover aprire il coperchio.<\/li>\n<li><strong>Miscela bilanciata di sostanze naturali:<\/strong> Il coperchio e il cucchiaio in bamb\u00f9 hanno un&#039;estetica pulita, naturale e coerente.<\/li>\n<\/ul>\n<h2 style=\"text-align: left;\">Specifiche chiave<\/h2>\n<table class=\"aligncenter\" style=\"border-collapse: collapse; width: 497.27pt;\" border=\"0\" width=\"663\" cellspacing=\"0\" cellpadding=\"0\">\n<tbody>\n<tr style=\"height: 13.50pt;\">\n<td style=\"height: 13.50pt; width: 104.25pt;\" width=\"139\" height=\"18\">Specifica<\/td>\n<td style=\"width: 393.00pt;\" width=\"524\">Dettagli<\/td>\n<\/tr>\n<tr style=\"height: 13.50pt;\">\n<td style=\"height: 13.50pt;\" height=\"18\">Capacit\u00e0<\/td>\n<td>300 ml \/ 350 ml \/ 450 ml<\/td>\n<\/tr>\n<tr style=\"height: 13.50pt;\">\n<td style=\"height: 13.50pt;\" height=\"18\">Dimensioni<\/td>\n<td>6,5\u00d710 cm \/ 6,5\u00d712 cm \/ 6,5\u00d715 cm<\/td>\n<\/tr>\n<tr style=\"height: 13.50pt;\">\n<td style=\"height: 13.50pt;\" height=\"18\">Materiale<\/td>\n<td>Vetro borosilicato alto, bamb\u00f9<\/td>\n<\/tr>\n<tr style=\"height: 13.50pt;\">\n<td style=\"height: 13.50pt;\" height=\"18\">Forma del barattolo<\/td>\n<td>Cilindro a parete dritta<\/td>\n<\/tr>\n<tr style=\"height: 13.50pt;\">\n<td style=\"height: 13.50pt;\" height=\"18\">Tipo di coperchio<\/td>\n<td>Coperchio piatto in bamb\u00f9 con cucchiaio centrale integrato<\/td>\n<\/tr>\n<tr style=\"height: 13.50pt;\">\n<td style=\"height: 13.50pt;\" height=\"18\">Caratteristica del materiale<\/td>\n<td>Resistente al calore e agli agenti chimici, elevata trasparenza, igienico<\/td>\n<\/tr>\n<tr style=\"height: 13.50pt;\">\n<td style=\"height: 13.50pt;\" height=\"18\">Ideale per<\/td>\n<td>Barattoli di vetro con coperchi e cucchiai, contenitori per alimenti con coperchi<\/td>\n<\/tr>\n<\/tbody>\n<\/table>\n<h2>Storia di successo: una soluzione completa per un&#039;azienda di spezie<\/h2>\n<p>Un&#039;azienda locale di spezie ha deciso di utilizzare il nostro barattolo di vetro da 350 ml con coperchio e cucchiaio per conservare i suoi condimenti di alta qualit\u00e0. Si tratta di un prodotto innovativo, che combina una bottiglia in vetro borosilicato con un cucchiaio di bamb\u00f9, eliminando il cucchiaio di plastica separato e riducendo al minimo la quantit\u00e0 di rifiuti negli imballaggi del 25%. Quando \u00e8 stato chiesto agli utenti di esprimere il loro gradimento per la praticit\u00e0 del cucchiaio di bamb\u00f9 in dotazione, i sondaggi sulla soddisfazione del cliente hanno rivelato che la caratteristica menzionata \u00e8 stata valutata molto positivamente dai clienti, con un conseguente aumento del 40%. Di conseguenza, il prossimo lancio del prodotto sar\u00e0 realizzato in 280.000 barattoli di vetro con coperchio e cucchiaio, ordinati dall&#039;azienda.<\/p>\n<h2>Barattoli di vetro con opzioni di personalizzazione dei coperchi<\/h2>\n<ul>\n<li>Manico per cucchiaio in bamb\u00f9, laser: incidi il tuo marchio o un messaggio sulla parte dell&#039;utensile in bamb\u00f9 visibile con un&#039;incisione laser.<\/li>\n<li>Colore personalizzato del bamb\u00f9: scegli il colore del coperchio del barattolo di bamb\u00f9 e del cucchiaio, naturale o nero carbone.<\/li>\n<li>Anello inferiore satinato: crea un sottile, piccolo ed elegante anello inferiore satinato attorno al barattolo.<\/li>\n<li>Forma personalizzata del cucchiaio: ritaglia una forma particolare del cucchiaio (ad esempio ovale, rotondo) finch\u00e9 non entra perfettamente nel foro centrale.<\/li>\n<\/ul>","protected":false},"excerpt":{"rendered":"<p>Barattolo di vetro di alta qualit\u00e0 con coperchio e cucchiaio, caratterizzato da barattoli in vetro trasparente con coperchio e cucchiaio integrato in bamb\u00f9 naturale, disponibile in diverse misure. Sconti per ordini all&#039;ingrosso.<\/p>","protected":false},"featured_media":4040,"template":"","meta":{"postBodyCss":"","postBodyMargin":[],"postBodyPadding":[],"postBodyBackground":{"backgroundType":"classic","gradient":""}},"product_brand":[],"product_cat":[15,17,61],"product_tag":[68,100,70,69],"class_list":{"0":"post-4036","1":"product","2":"type-product","3":"status-publish","4":"has-post-thumbnail","6":"product_cat-glass-containers","7":"product_cat-glass-jars","8":"product_cat-glass-jars-with-lids","9":"product_tag-borosilicate-glass-jars","10":"product_tag-glass-coffee-jars","11":"product_tag-seasoning-jars","12":"product_tag-storage-jars","14":"first","15":"instock","16":"shipping-taxable","17":"product-type-simple"},"jetpack_sharing_enabled":true,"_links":{"self":[{"href":"https:\/\/minghanggroup.com\/it\/wp-json\/wp\/v2\/product\/4036","targetHints":{"allow":["GET"]}}],"collection":[{"href":"https:\/\/minghanggroup.com\/it\/wp-json\/wp\/v2\/product"}],"about":[{"href":"https:\/\/minghanggroup.com\/it\/wp-json\/wp\/v2\/types\/product"}],"wp:featuredmedia":[{"embeddable":true,"href":"https:\/\/minghanggroup.com\/it\/wp-json\/wp\/v2\/media\/4040"}],"wp:attachment":[{"href":"https:\/\/minghanggroup.com\/it\/wp-json\/wp\/v2\/media?parent=4036"}],"wp:term":[{"taxonomy":"product_brand","embeddable":true,"href":"https:\/\/minghanggroup.com\/it\/wp-json\/wp\/v2\/product_brand?post=4036"},{"taxonomy":"product_cat","embeddable":true,"href":"https:\/\/minghanggroup.com\/it\/wp-json\/wp\/v2\/product_cat?post=4036"},{"taxonomy":"product_tag","embeddable":true,"href":"https:\/\/minghanggroup.com\/it\/wp-json\/wp\/v2\/product_tag?post=4036"}],"curies":[{"name":"wp","href":"https:\/\/api.w.org\/{rel}","templated":true}]}}