{"id":4026,"date":"2025-12-24T11:33:20","date_gmt":"2025-12-24T03:33:20","guid":{"rendered":"https:\/\/minghanggroup.com\/?post_type=product&#038;p=4026"},"modified":"2026-01-20T13:18:13","modified_gmt":"2026-01-20T05:18:13","slug":"glass-jar-with-bamboo-lid-for-food-wholesale","status":"publish","type":"product","link":"https:\/\/minghanggroup.com\/it\/prodotto\/glass-jar-with-bamboo-lid-for-food-wholesale\/","title":{"rendered":"Barattolo di vetro da 450 ml, 560 ml, 700 ml e 950 ml con coperchio in bamb\u00f9 per alimenti all&#039;ingrosso"},"content":{"rendered":"<p>Meriti un packaging di alta qualit\u00e0 che mantenga la freschezza dei prodotti e faccia risplendere il tuo marchio. Realizziamo barattoli di vetro con coperchio in bamb\u00f9, pensati per la conservazione di successo, in cui ogni contenitore esalta la storia del tuo prodotto.<\/p>\n<h2>Caratteristiche del prodotto<\/h2>\n<ol>\n<li><strong>Comodit\u00e0 della bocca larga: <\/strong>L&#039;apertura larga 85 mm consente di riempire, pulire e accedere allo spazio per riporre gli oggetti di uso quotidiano senza problemi.<\/li>\n<li><strong>Sigillo di bamb\u00f9 naturale: <\/strong>Grazie al coperchio girevole in bamb\u00f9, la maggior parte dei tuoi alimenti verr\u00e0 conservata fresca e igienicamente.<\/li>\n<li><strong>Resistenza al calore e durevolezza: <\/strong>Il contenitore in vetro \u00e8 realizzato in vetro borosilicato resistente al calore e adatto agli alimenti, perfetto per miele, sciroppo e chicchi di caff\u00e8.<\/li>\n<li><strong>Design con visibilit\u00e0 chiara: <\/strong>Grazie al vetro trasparente, \u00e8 possibile vedere subito cosa c&#039;\u00e8 all&#039;interno, rendendo molto facile maneggiare i contenitori di stoccaggio.<\/li>\n<\/ol>\n<h2>Specifiche chiave<\/h2>\n<table style=\"border-collapse: collapse; width: 80%; margin-left: auto; margin-right: auto;\" border=\"0\" width=\"288\" cellspacing=\"0\" cellpadding=\"0\">\n<tbody>\n<tr style=\"height: 13.50pt;\">\n<td style=\"height: 13.5pt; width: 54pt; text-align: center;\" width=\"72\" height=\"18\">Capacit\u00e0 (ml)<\/td>\n<td style=\"width: 54pt; text-align: center;\" width=\"72\">Dimensioni (cm)<\/td>\n<td style=\"width: 54pt; text-align: center;\" width=\"72\">Materiale<\/td>\n<td style=\"width: 54pt; text-align: center;\" width=\"72\">Caratteristiche<\/td>\n<\/tr>\n<tr style=\"height: 13.50pt;\">\n<td style=\"height: 13.5pt; text-align: center;\" align=\"right\" height=\"18\">450<\/td>\n<td style=\"text-align: center;\">8.5*10.0<\/td>\n<td class=\"et2\" style=\"text-align: center;\" rowspan=\"4\">Vetro borosilicato<\/td>\n<td class=\"et2\" style=\"text-align: center;\" rowspan=\"4\">Coperchio in bamb\u00f9 dritto da 85 mm<\/td>\n<\/tr>\n<tr style=\"height: 13.50pt;\">\n<td style=\"height: 13.5pt; text-align: center;\" align=\"right\" height=\"18\">560<\/td>\n<td style=\"text-align: center;\">8.5*12.0<\/td>\n<\/tr>\n<tr style=\"height: 13.50pt;\">\n<td style=\"height: 13.5pt; text-align: center;\" align=\"right\" height=\"18\">700<\/td>\n<td style=\"text-align: center;\">8.5*15.0<\/td>\n<\/tr>\n<tr style=\"height: 13.50pt;\">\n<td style=\"height: 13.5pt; text-align: center;\" align=\"right\" height=\"18\">950<\/td>\n<td style=\"text-align: center;\">8.5*20.0<\/td>\n<\/tr>\n<\/tbody>\n<\/table>\n<h2>Caso di successo<\/h2>\n<p>Questa azienda di alimenti e snack vuole rendere il nuovo look dei suoi prodotti molto accattivante. Confeziona gli alimenti in barattoli di vetro con coperchio in bamb\u00f9. Poich\u00e9 i barattoli sono in vetro, \u00e8 possibile vedere il cibo all&#039;interno. Anche i coperchi in bamb\u00f9 sono un tocco di stile. Questo dimostra che l&#039;azienda ha a cuore il pianeta e vuole mantenerlo pulito. L&#039;azienda di alimenti e snack lo fa con questi barattoli di vetro con coperchio in bamb\u00f9 per dimostrare alle persone il suo impegno per il pianeta.<\/p>\n<p>Dopo diversi mesi di feedback di mercato, un cliente ha notato un aumento del 15% delle vendite di questa linea di prodotti. I consumatori hanno anche notato che i barattoli in vetro erano esteticamente accattivanti ed ecosostenibili, mentre i coperchi in bamb\u00f9 contribuivano a un tocco di lusso.<\/p>\n<h2>I tuoi suggerimenti per la personalizzazione<\/h2>\n<p>Personalizzando questo barattolo in vetro borosilicato con un coperchio in bamb\u00f9, puoi scegliere in modo flessibile in base all&#039;utilizzo e all&#039;immagine del tuo marchio. Se desideri evidenziare le caratteristiche pure ed ecologiche del prodotto, scegli un coperchio in bamb\u00f9 naturale con vetro satinato o trasparente per attirare l&#039;attenzione del cliente e migliorare l&#039;immagine del tuo marchio. Se desideri preservare al meglio la freschezza del prodotto, ti consigliamo un coperchio in bamb\u00f9 con guarnizione in silicone, che sigilla ermeticamente il barattolo contro umidit\u00e0 e aria. In termini di capacit\u00e0, i barattoli possono essere personalizzati in diverse dimensioni, adatte alla conservazione di spezie o frutta secca, per soddisfare le esigenze del mercato. Inoltre, l&#039;aggiunta del logo o del design del tuo marchio durante la personalizzazione non solo rende il barattolo pi\u00f9 pratico, ma contribuisce anche alla riconoscibilit\u00e0 e alla competitivit\u00e0 del prodotto sul mercato.<\/p>","protected":false},"excerpt":{"rendered":"<p>Barattolo di vetro ecologico con coperchio in bamb\u00f9, perfetto per conservare snack, caff\u00e8 o prodotti secchi. Consegna diretta in fabbrica, personalizzazione all&#039;ingrosso e spedizione veloce.<\/p>","protected":false},"featured_media":4034,"template":"","meta":{"postBodyCss":"","postBodyMargin":[],"postBodyPadding":[],"postBodyBackground":{"backgroundType":"classic","gradient":""}},"product_brand":[],"product_cat":[15,17,61],"product_tag":[68,67,69],"class_list":{"0":"post-4026","1":"product","2":"type-product","3":"status-publish","4":"has-post-thumbnail","6":"product_cat-glass-containers","7":"product_cat-glass-jars","8":"product_cat-glass-jars-with-lids","9":"product_tag-borosilicate-glass-jars","10":"product_tag-candy-jars","11":"product_tag-storage-jars","13":"first","14":"instock","15":"shipping-taxable","16":"product-type-simple"},"jetpack_sharing_enabled":true,"_links":{"self":[{"href":"https:\/\/minghanggroup.com\/it\/wp-json\/wp\/v2\/product\/4026","targetHints":{"allow":["GET"]}}],"collection":[{"href":"https:\/\/minghanggroup.com\/it\/wp-json\/wp\/v2\/product"}],"about":[{"href":"https:\/\/minghanggroup.com\/it\/wp-json\/wp\/v2\/types\/product"}],"wp:featuredmedia":[{"embeddable":true,"href":"https:\/\/minghanggroup.com\/it\/wp-json\/wp\/v2\/media\/4034"}],"wp:attachment":[{"href":"https:\/\/minghanggroup.com\/it\/wp-json\/wp\/v2\/media?parent=4026"}],"wp:term":[{"taxonomy":"product_brand","embeddable":true,"href":"https:\/\/minghanggroup.com\/it\/wp-json\/wp\/v2\/product_brand?post=4026"},{"taxonomy":"product_cat","embeddable":true,"href":"https:\/\/minghanggroup.com\/it\/wp-json\/wp\/v2\/product_cat?post=4026"},{"taxonomy":"product_tag","embeddable":true,"href":"https:\/\/minghanggroup.com\/it\/wp-json\/wp\/v2\/product_tag?post=4026"}],"curies":[{"name":"wp","href":"https:\/\/api.w.org\/{rel}","templated":true}]}}