{"id":4025,"date":"2025-12-24T10:06:48","date_gmt":"2025-12-24T02:06:48","guid":{"rendered":"https:\/\/minghanggroup.com\/?post_type=product&#038;p=4025"},"modified":"2026-03-02T15:23:43","modified_gmt":"2026-03-02T07:23:43","slug":"round-glass-jars-with-bamboo-lids-and-spoons-bulk","status":"publish","type":"product","link":"https:\/\/minghanggroup.com\/it\/prodotto\/round-glass-jars-with-bamboo-lids-and-spoons-bulk\/","title":{"rendered":"Barattoli di vetro rotondi da 500 ml, 850 ml e 1150 ml con coperchi in bamb\u00f9 e cucchiai sfusi"},"content":{"rendered":"<p>Questi barattoli sono in vetro borosilicato con coperchi e cucchiaini in bamb\u00f9. Hanno una forma sferica delicata e arrotondata e sono dotati degli stessi coperchi e cucchiaini in bamb\u00f9 (per un facile accesso agli ingredienti).<\/p>\n<h2>Caratteristiche del prodotto<\/h2>\n<ul>\n<li><strong>Coperchi e cucchiai di bamb\u00f9:<\/strong> I coperchi e i cucchiai in bamb\u00f9 sono coordinati tra loro, rendendo lo stile coerente, l&#039;accesso agli ingredienti facile e l&#039;aderenza allo stile naturale.<\/li>\n<li><strong>Design a forma di tamburo arrotondato:<\/strong> Il design arrotondato a forma di tamburo ne aumenta la capienza e risulta pi\u00f9 morbido rispetto ai barattoli di vetro cilindrici.<\/li>\n<li><strong>Barattoli completamente trasparenti:<\/strong> Questo perch\u00e9 il vetro borosilicato ad alto tenore di carbonio consente di vedere chiaramente il contenuto e quindi di identificarlo facilmente senza dover aprire il coperchio.<\/li>\n<\/ul>\n<h2 style=\"text-align: left;\">Specifiche chiave<\/h2>\n<table class=\"aligncenter\" style=\"border-collapse: collapse; width: 513.02pt;\" border=\"0\" width=\"684\" cellspacing=\"0\" cellpadding=\"0\">\n<tbody>\n<tr style=\"height: 13.50pt;\">\n<td style=\"height: 13.50pt; width: 100.50pt;\" width=\"134\" height=\"18\">Specifica<\/td>\n<td style=\"width: 412.50pt;\" width=\"550\">Dettagli<\/td>\n<\/tr>\n<tr style=\"height: 13.50pt;\">\n<td style=\"height: 13.50pt;\" height=\"18\">Capacit\u00e0<\/td>\n<td>500 ml \/ 850 ml \/ 1150 ml<\/td>\n<\/tr>\n<tr style=\"height: 13.50pt;\">\n<td style=\"height: 13.50pt;\" height=\"18\">Dimensioni<\/td>\n<td>7\u00d710,5 cm \/ 7\u00d713 cm \/ 7,5\u00d714 cm<\/td>\n<\/tr>\n<tr style=\"height: 13.50pt;\">\n<td style=\"height: 13.50pt;\" height=\"18\">Materiale<\/td>\n<td>Vetro borosilicato alto, bamb\u00f9<\/td>\n<\/tr>\n<tr style=\"height: 13.50pt;\">\n<td style=\"height: 13.50pt;\" height=\"18\">Forma del barattolo<\/td>\n<td>Pancia tonda con collo stretto<\/td>\n<\/tr>\n<tr style=\"height: 13.50pt;\">\n<td style=\"height: 13.50pt;\" height=\"18\">Tipo di coperchio<\/td>\n<td>Coperchio piatto in bamb\u00f9 con paletta integrata<\/td>\n<\/tr>\n<tr style=\"height: 13.50pt;\">\n<td style=\"height: 13.50pt;\" height=\"18\">Caratteristica del materiale<\/td>\n<td>Elevata trasparenza, eccellente resistenza alla temperatura (da -20\u2103 a 150\u2103)<\/td>\n<\/tr>\n<tr style=\"height: 13.50pt;\">\n<td style=\"height: 13.50pt;\" height=\"18\">Ideale per<\/td>\n<td>Barattoli di vetro con coperchi e cucchiai di bamb\u00f9, barattoli di vetro sfusi<\/td>\n<\/tr>\n<\/tbody>\n<\/table>\n<h2>Caso di successo: un bestseller di un&#039;azienda di forniture per la panificazione<\/h2>\n<p>Un&#039;azienda che offre ingredienti di qualit\u00e0 agli amanti della pasticceria casalinga ha selezionato i nostri barattoli di vetro da 850 ml con coperchi e cucchiai in bamb\u00f9 per la sua linea di prodotti a base di farina e zucchero. La chiusura ermetica dei coperchi in bamb\u00f9 ha aumentato la durata di conservazione degli articoli del 42% e anche i cucchiai in bamb\u00f9 complementari hanno riscosso un enorme successo; il 95% dei clienti ha dichiarato che questa \u00e8 stata la motivazione principale del riacquisto, in quanto ha risolto il problema dei cucchiai smarriti. Sulla base del loro colossale successo, hanno commissionato la produzione di altre 100.000 unit\u00e0 per lanciare la nuova linea.<\/p>\n<h2>Suggerimenti per la personalizzazione dei barattoli di vetro sfusi<\/h2>\n<ul>\n<li>Cucchiai di bamb\u00f9 con logo o testo inciso al laser: incidi il manico di un cucchiaio di bamb\u00f9 con il tuo logo o testo utilizzando un laser.<\/li>\n<li>Tacche di graduazione serigrafate: stampa in modo permanente le tacche di graduazione all&#039;interno del barattolo.<\/li>\n<li>Anello decorativo satinato: decora l&#039;anello decorativo satinato per impreziosire la spalla del barattolo.<\/li>\n<li>Colore\/logo della clip personalizzato: \u00e8 possibile ordinare clip di un colore particolare o un logo stampato sul cucchiaio.<\/li>\n<\/ul>","protected":false},"excerpt":{"rendered":"<p>Scopri i barattoli di vetro con coperchi in bamb\u00f9 e cucchiai per barattoli di vetro sfusi: elegante forma a bulbo, vetro trasparente, clip per cucchiaio abbinata. Campioni gratuiti disponibili.<\/p>","protected":false},"featured_media":4027,"template":"","meta":{"postBodyCss":"","postBodyMargin":[],"postBodyPadding":[],"postBodyBackground":{"backgroundType":"classic","gradient":""}},"product_brand":[],"product_cat":[15,17,61],"product_tag":[100],"class_list":{"0":"post-4025","1":"product","2":"type-product","3":"status-publish","4":"has-post-thumbnail","6":"product_cat-glass-containers","7":"product_cat-glass-jars","8":"product_cat-glass-jars-with-lids","9":"product_tag-glass-coffee-jars","11":"first","12":"instock","13":"shipping-taxable","14":"product-type-simple"},"jetpack_sharing_enabled":true,"_links":{"self":[{"href":"https:\/\/minghanggroup.com\/it\/wp-json\/wp\/v2\/product\/4025","targetHints":{"allow":["GET"]}}],"collection":[{"href":"https:\/\/minghanggroup.com\/it\/wp-json\/wp\/v2\/product"}],"about":[{"href":"https:\/\/minghanggroup.com\/it\/wp-json\/wp\/v2\/types\/product"}],"wp:featuredmedia":[{"embeddable":true,"href":"https:\/\/minghanggroup.com\/it\/wp-json\/wp\/v2\/media\/4027"}],"wp:attachment":[{"href":"https:\/\/minghanggroup.com\/it\/wp-json\/wp\/v2\/media?parent=4025"}],"wp:term":[{"taxonomy":"product_brand","embeddable":true,"href":"https:\/\/minghanggroup.com\/it\/wp-json\/wp\/v2\/product_brand?post=4025"},{"taxonomy":"product_cat","embeddable":true,"href":"https:\/\/minghanggroup.com\/it\/wp-json\/wp\/v2\/product_cat?post=4025"},{"taxonomy":"product_tag","embeddable":true,"href":"https:\/\/minghanggroup.com\/it\/wp-json\/wp\/v2\/product_tag?post=4025"}],"curies":[{"name":"wp","href":"https:\/\/api.w.org\/{rel}","templated":true}]}}