{"id":4020,"date":"2025-12-24T09:47:21","date_gmt":"2025-12-24T01:47:21","guid":{"rendered":"https:\/\/minghanggroup.com\/?post_type=product&#038;p=4020"},"modified":"2026-03-02T15:23:55","modified_gmt":"2026-03-02T07:23:55","slug":"unique-trapezoidal-glass-jars-and-lids-wholesale","status":"publish","type":"product","link":"https:\/\/minghanggroup.com\/it\/prodotto\/unique-trapezoidal-glass-jars-and-lids-wholesale\/","title":{"rendered":"Barattoli e coperchi in vetro trapezoidali unici da 350 ml a 950 ml all&#039;ingrosso"},"content":{"rendered":"<p>Questi esclusivi barattoli di vetro con coperchio sono realizzati in vetro borosilicato completamente trasparente. Sono composti da contenitori trapezoidali (tronco di cono), con la parte superiore rastremata e il fondo poligonale, con un coperchio piatto in bamb\u00f9 beige chiaro.<\/p>\n<h2>Caratteristiche del prodotto<\/h2>\n<ul>\n<li><strong>Materiale in vetro borosilicato ad alta densit\u00e0:<\/strong> Offre un elevato livello di durevolezza, resistenza agli shock termici e un aspetto visivo limpido e senza distorsioni.<\/li>\n<li><strong>Coperchio di bamb\u00f9 sigillato:<\/strong> Questo coperchio \u00e8 dotato di guarnizione sigillata per renderlo ermetico e conferire inoltre un aspetto pulito e gradevole.<\/li>\n<li><strong>Design angolare:<\/strong> Il design angolare trapezoidale \u00e8 pi\u00f9 decorato rispetto ai vasi tradizionali, con forma trapezoidale che si assottiglia nella parte superiore e si espande nella parte inferiore, insieme al design angolare poligonale nella parte inferiore.<\/li>\n<\/ul>\n<h2 style=\"text-align: left;\">Specifiche chiave<\/h2>\n<table class=\"aligncenter\" style=\"border-collapse: collapse; width: 459.02pt;\" border=\"0\" width=\"612\" cellspacing=\"0\" cellpadding=\"0\">\n<tbody>\n<tr style=\"height: 13.50pt;\">\n<td style=\"height: 13.50pt; width: 100.50pt;\" width=\"134\" height=\"18\">Specifica<\/td>\n<td style=\"width: 358.50pt;\" width=\"478\">Dettagli<\/td>\n<\/tr>\n<tr style=\"height: 13.50pt;\">\n<td style=\"height: 13.50pt;\" height=\"18\">Capacit\u00e0<\/td>\n<td>350 ml \/ 500 ml \/ 750 ml \/ 950 ml<\/td>\n<\/tr>\n<tr style=\"height: 13.50pt;\">\n<td style=\"height: 13.50pt;\" height=\"18\">Dimensioni<\/td>\n<td>10\u00d710,2 cm \/ 11,5\u00d712 cm \/ 12,5\u00d713,7 cm \/ 14\u00d715,2 cm<\/td>\n<\/tr>\n<tr style=\"height: 13.50pt;\">\n<td style=\"height: 13.50pt;\" height=\"18\">Materiale<\/td>\n<td>Vetro borosilicato alto<\/td>\n<\/tr>\n<tr style=\"height: 13.50pt;\">\n<td style=\"height: 13.50pt;\" height=\"18\">Forma del barattolo<\/td>\n<td>Piramide tronca multiforme (base allargata)<\/td>\n<\/tr>\n<tr style=\"height: 13.50pt;\">\n<td style=\"height: 13.50pt;\" height=\"18\">Tipo di coperchio<\/td>\n<td>Coperchio piatto in bamb\u00f9 leggero con guarnizione integrata<\/td>\n<\/tr>\n<tr style=\"height: 13.50pt;\">\n<td style=\"height: 13.50pt;\" height=\"18\">Caratteristica del materiale<\/td>\n<td>Resistente alle alte e basse temperature, elevata trasparenza<\/td>\n<\/tr>\n<tr style=\"height: 13.50pt;\">\n<td style=\"height: 13.50pt;\" height=\"18\">Ideale per<\/td>\n<td>Barattoli di vetro unici con coperchi, barattoli di vetro e coperchi all&#039;ingrosso<\/td>\n<\/tr>\n<\/tbody>\n<\/table>\n<h2>Caso di successo: l&#039;esclusivit\u00e0 del packaging di una torrefazione di caff\u00e8.<\/h2>\n<p>I nostri barattoli in vetro (completi di coperchio) da 750 ml sono stati scelti da una torrefazione di caff\u00e8 specializzato come confezione per i suoi chicchi di caff\u00e8 monorigine in edizione limitata. I lati geometrici del barattolo mettevano in risalto il colore e la lucentezza dei chicchi di caff\u00e8, il che ha portato a una crescita del 300% delle condivisioni dei video di unboxing sui social network. Il design distintivo del barattolo \u00e8 molto riconoscibile e la notoriet\u00e0 del marchio \u00e8 aumentata del 60% in un test di degustazione alla cieca. A seguito di un&#039;accoglienza cos\u00ec massiccia sul mercato, la panetteria ha effettuato un altro ordine di 150.000 barattoli in vetro nelle due stagioni di raccolta successive.<\/p>\n<h2>Vendita all&#039;ingrosso di barattoli e coperchi in vetro<\/h2>\n<ul>\n<li>Coperchi in bamb\u00f9 massiccio (con incisione) \u2013 I coperchi in bamb\u00f9 massiccio possono essere dotati anche di loghi incisi al laser, oltre che di coperchi in bamb\u00f9 massiccio.<\/li>\n<li>Finitura parzialmente satinata: rifinisci alcuni pannelli alternati con una finitura satinata per creare un design imponente.<\/li>\n<li>Motivi angolari serigrafati: trasferimento di motivi moderni che ricordano il corpo geometrico del barattolo.<\/li>\n<li>Tinta personalizzata in bamb\u00f9: scegli tra coperchio naturale, bianco sporco o tinto scuro.<\/li>\n<li>Pannelli decorativi in \u200b\u200bvetro colorato: sono disponibili con una o due sfaccettature in vetro colorato (ad esempio ambra).<\/li>\n<\/ul>","protected":false},"excerpt":{"rendered":"<p>Vendita all&#039;ingrosso di barattoli e coperchi in vetro di alta qualit\u00e0, con esclusivi barattoli in vetro con coperchi: vetro borosilicato trasparente, base poligonale e coperchio ermetico in bamb\u00f9. Campione gratuito.<\/p>","protected":false},"featured_media":4021,"template":"","meta":{"postBodyCss":"","postBodyMargin":[],"postBodyPadding":[],"postBodyBackground":{"backgroundType":"classic","gradient":""}},"product_brand":[],"product_cat":[15,17,61],"product_tag":[68,100,70,69],"class_list":{"0":"post-4020","1":"product","2":"type-product","3":"status-publish","4":"has-post-thumbnail","6":"product_cat-glass-containers","7":"product_cat-glass-jars","8":"product_cat-glass-jars-with-lids","9":"product_tag-borosilicate-glass-jars","10":"product_tag-glass-coffee-jars","11":"product_tag-seasoning-jars","12":"product_tag-storage-jars","14":"first","15":"instock","16":"shipping-taxable","17":"product-type-simple"},"jetpack_sharing_enabled":true,"_links":{"self":[{"href":"https:\/\/minghanggroup.com\/it\/wp-json\/wp\/v2\/product\/4020","targetHints":{"allow":["GET"]}}],"collection":[{"href":"https:\/\/minghanggroup.com\/it\/wp-json\/wp\/v2\/product"}],"about":[{"href":"https:\/\/minghanggroup.com\/it\/wp-json\/wp\/v2\/types\/product"}],"wp:featuredmedia":[{"embeddable":true,"href":"https:\/\/minghanggroup.com\/it\/wp-json\/wp\/v2\/media\/4021"}],"wp:attachment":[{"href":"https:\/\/minghanggroup.com\/it\/wp-json\/wp\/v2\/media?parent=4020"}],"wp:term":[{"taxonomy":"product_brand","embeddable":true,"href":"https:\/\/minghanggroup.com\/it\/wp-json\/wp\/v2\/product_brand?post=4020"},{"taxonomy":"product_cat","embeddable":true,"href":"https:\/\/minghanggroup.com\/it\/wp-json\/wp\/v2\/product_cat?post=4020"},{"taxonomy":"product_tag","embeddable":true,"href":"https:\/\/minghanggroup.com\/it\/wp-json\/wp\/v2\/product_tag?post=4020"}],"curies":[{"name":"wp","href":"https:\/\/api.w.org\/{rel}","templated":true}]}}