{"id":4013,"date":"2025-12-23T16:36:55","date_gmt":"2025-12-23T08:36:55","guid":{"rendered":"https:\/\/minghanggroup.com\/?post_type=product&#038;p=4013"},"modified":"2026-01-20T13:32:24","modified_gmt":"2026-01-20T05:32:24","slug":"wide-mouth-glass-jars-with-95-diameter-lids-for-storage-bulk","status":"publish","type":"product","link":"https:\/\/minghanggroup.com\/it\/prodotto\/wide-mouth-glass-jars-with-95-diameter-lids-for-storage-bulk\/","title":{"rendered":"Barattoli di vetro a bocca larga da 600 ml, 1000 ml e 1200 ml con coperchi di diametro 95 per lo stoccaggio all&#039;ingrosso"},"content":{"rendered":"<p>Meriti un packaging di alta qualit\u00e0 che mantenga la freschezza dei prodotti e faccia risaltare il tuo marchio. Realizziamo barattoli in vetro a bocca larga, pensati per la conservazione ottimale degli alimenti, in cui ogni contenitore esalta la storia del tuo prodotto.<\/p>\n<h2>Caratteristiche del prodotto<\/h2>\n<ol>\n<li><strong>Comodit\u00e0 della bocca larga:<\/strong>Grazie all&#039;apertura larga 95 mm, riempire, pulire e accedere al contenuto \u00e8 un gioco da ragazzi per le tue esigenze di stoccaggio quotidiane.<\/li>\n<li><strong>Resistenza al calore:<\/strong>Realizzato in vetro borosilicato resistente al calore e sicuro per la conservazione degli alimenti: perfetto per miele, sciroppo e salsa.<\/li>\n<li><strong>Design con visibilit\u00e0 chiara:<\/strong>Il vetro trasparente consente di vedere immediatamente il contenuto, semplificando la gestione dell&#039;inventario del tuo contenitore.<\/li>\n<li><strong>Potere del marchio personalizzato:<\/strong>Aggiungi il tuo logo per trasformare questi barattoli di vetro a bocca larga in un elemento distintivo del tuo marchio per la tua linea all&#039;ingrosso.<\/li>\n<\/ol>\n<h2>Specifiche chiave<\/h2>\n<table style=\"border-collapse: collapse; width: 80%; margin-left: auto; margin-right: auto;\" border=\"0\" width=\"288\" cellspacing=\"0\" cellpadding=\"0\">\n<tbody>\n<tr style=\"height: 13.50pt;\">\n<td style=\"height: 13.5pt; width: 54pt; text-align: center;\" width=\"72\" height=\"18\">Capacit\u00e0 (ml)<\/td>\n<td style=\"width: 54pt; text-align: center;\" width=\"72\">Dimensioni (cm)<\/td>\n<td style=\"width: 54pt; text-align: center;\" width=\"72\">Materiale<\/td>\n<td style=\"width: 54pt; text-align: center;\" width=\"72\">Caratteristiche<\/td>\n<\/tr>\n<tr style=\"height: 13.50pt;\">\n<td style=\"height: 13.5pt; text-align: center;\" align=\"right\" height=\"18\">600<\/td>\n<td style=\"text-align: center;\">9.5 * 10.0<\/td>\n<td class=\"et2\" style=\"text-align: center;\" rowspan=\"3\">Vetro borosilicato<\/td>\n<td class=\"et2\" style=\"text-align: center;\" rowspan=\"3\">Coperchio in acciaio inox da 95 mm con lati dritti<\/td>\n<\/tr>\n<tr style=\"height: 13.50pt;\">\n<td style=\"height: 13.5pt; text-align: center;\" align=\"right\" height=\"18\">1000<\/td>\n<td style=\"text-align: center;\">9.5 * 15.0<\/td>\n<\/tr>\n<tr style=\"height: 13.50pt;\">\n<td style=\"height: 13.5pt; text-align: center;\" align=\"right\" height=\"18\">1200<\/td>\n<td style=\"text-align: center;\">9.5 * 20.0<\/td>\n<\/tr>\n<\/tbody>\n<\/table>\n<h2>Caso di successo<\/h2>\n<p>Un negozio di alimentari al dettaglio ha aumentato le vendite del 50% utilizzando i nostri barattoli in vetro a bocca larga. I loro prodotti a base di miele, sciroppo e gelatina in vetro hanno acquisito un aspetto premium e i barattoli per la conservazione degli alimenti sono diventati un bestseller. &#034;Questi barattoli hanno trasformato il modo in cui i clienti percepiscono il nostro marchio: ora si riforniscono all&#039;ingrosso di tutti i loro barattoli per la conservazione degli alimenti per ogni lancio di nuovi prodotti.<\/p>\n<h2>I tuoi suggerimenti per la personalizzazione<\/h2>\n<p>Quando si personalizza questo barattolo in vetro borosilicato alto e largo, \u00e8 meglio selezionare la dimensione e il volume che corrispondono alle proprie esigenze di conservazione. I barattoli pi\u00f9 grandi sono ideali per conservare frutta secca, snack sfusi o cereali, mentre i barattoli pi\u00f9 piccoli sono adatti per spezie, caramelle o piccoli alimenti confezionati; per una conservazione a lungo termine degli alimenti, \u00e8 possibile scegliere un coperchio in acciaio inossidabile con guarnizione in silicone, per garantire che il contenitore sia resistente all&#039;umidit\u00e0 e che gli alimenti non si ossidino. In base alle esigenze del marchio, \u00e8 anche possibile decorare i barattoli aggiungendo loghi, motivi o etichette per aumentare la riconoscibilit\u00e0 del marchio e attrarre pi\u00f9 clienti.<\/p>","protected":false},"excerpt":{"rendered":"<p>Barattoli in vetro a bocca larga con coperchio in acciaio inossidabile, venduti direttamente dalla fabbrica, ideali per snack e alimenti secchi. Disponibili campioni gratuiti e opzioni di personalizzazione all&#039;ingrosso.<\/p>","protected":false},"featured_media":4014,"template":"","meta":{"postBodyCss":"","postBodyMargin":[],"postBodyPadding":[],"postBodyBackground":{"backgroundType":"classic","gradient":""}},"product_brand":[],"product_cat":[15,17,61],"product_tag":[68,70,69],"class_list":{"0":"post-4013","1":"product","2":"type-product","3":"status-publish","4":"has-post-thumbnail","6":"product_cat-glass-containers","7":"product_cat-glass-jars","8":"product_cat-glass-jars-with-lids","9":"product_tag-borosilicate-glass-jars","10":"product_tag-seasoning-jars","11":"product_tag-storage-jars","13":"first","14":"instock","15":"shipping-taxable","16":"product-type-simple"},"jetpack_sharing_enabled":true,"_links":{"self":[{"href":"https:\/\/minghanggroup.com\/it\/wp-json\/wp\/v2\/product\/4013","targetHints":{"allow":["GET"]}}],"collection":[{"href":"https:\/\/minghanggroup.com\/it\/wp-json\/wp\/v2\/product"}],"about":[{"href":"https:\/\/minghanggroup.com\/it\/wp-json\/wp\/v2\/types\/product"}],"wp:featuredmedia":[{"embeddable":true,"href":"https:\/\/minghanggroup.com\/it\/wp-json\/wp\/v2\/media\/4014"}],"wp:attachment":[{"href":"https:\/\/minghanggroup.com\/it\/wp-json\/wp\/v2\/media?parent=4013"}],"wp:term":[{"taxonomy":"product_brand","embeddable":true,"href":"https:\/\/minghanggroup.com\/it\/wp-json\/wp\/v2\/product_brand?post=4013"},{"taxonomy":"product_cat","embeddable":true,"href":"https:\/\/minghanggroup.com\/it\/wp-json\/wp\/v2\/product_cat?post=4013"},{"taxonomy":"product_tag","embeddable":true,"href":"https:\/\/minghanggroup.com\/it\/wp-json\/wp\/v2\/product_tag?post=4013"}],"curies":[{"name":"wp","href":"https:\/\/api.w.org\/{rel}","templated":true}]}}