{"id":3993,"date":"2025-12-23T11:02:09","date_gmt":"2025-12-23T03:02:09","guid":{"rendered":"https:\/\/minghanggroup.com\/?post_type=product&#038;p=3993"},"modified":"2026-01-20T13:36:28","modified_gmt":"2026-01-20T05:36:28","slug":"empty-glass-jars-with-lids-bulk","status":"publish","type":"product","link":"https:\/\/minghanggroup.com\/it\/prodotto\/empty-glass-jars-with-lids-bulk\/","title":{"rendered":"Barattoli di vetro vuoti da 16 oz, 25 oz e 32 oz con coperchi sfusi"},"content":{"rendered":"<p>Questi barattoli di vetro da 32 once con coperchio sono realizzati in vetro borosilicato molto trasparente, resistente e dall&#039;aspetto professionale. Il coperchio piatto, leggero e colorato, rivestito in bamb\u00f9 abbinato al barattolo, offre un effetto sigillante ottimale e, allo stesso tempo, porta con s\u00e9 un tocco di fascino naturale.<\/p>\n<h2>Caratteristiche del prodotto<\/h2>\n<ul>\n<li><strong>Vetro borosilicato di alta qualit\u00e0:<\/strong> Non \u00e8 sensibile alle variazioni di temperatura, \u00e8 inodore e resistente.<\/li>\n<li><strong>Design del coperchio sigillante in legno chiaro:<\/strong> Il coperchio \u00e8 realizzato con un motivo in bamb\u00f9, che garantisce un&#039;ottima tenuta e conferisce un aspetto pulito e moderno.<\/li>\n<li><strong>Corpo del barattolo trasparente:<\/strong> Il corpo del barattolo in vetro completamente trasparente rende visibile il contenuto e, in quanto tale, \u00e8 possibile identificarlo facilmente senza dover aprire il coperchio.<\/li>\n<\/ul>\n<h2 style=\"text-align: left;\">Specifiche chiave<\/h2>\n<table class=\"aligncenter\" style=\"border-collapse: collapse; width: 450.77pt;\" border=\"0\" width=\"601\" cellspacing=\"0\" cellpadding=\"0\">\n<tbody>\n<tr style=\"height: 13.50pt;\">\n<td style=\"height: 13.50pt; width: 107.25pt;\" width=\"143\" height=\"18\">Specifica<\/td>\n<td style=\"width: 343.50pt;\" width=\"458\">Dettagli<\/td>\n<\/tr>\n<tr style=\"height: 13.50pt;\">\n<td style=\"height: 13.50pt;\" height=\"18\">Capacit\u00e0<\/td>\n<td>500 ml (16 oz) \/ 750 ml (25 oz) \/ 1000 ml (32 oz)<\/td>\n<\/tr>\n<tr style=\"height: 13.50pt;\">\n<td style=\"height: 13.50pt;\" height=\"18\">Dimensioni<\/td>\n<td>9\u00d710cm \/ 9\u00d715cm \/ 9\u00d720cm<\/td>\n<\/tr>\n<tr style=\"height: 13.50pt;\">\n<td style=\"height: 13.50pt;\" height=\"18\">Materiale<\/td>\n<td>Vetro borosilicato alto<\/td>\n<\/tr>\n<tr style=\"height: 13.50pt;\">\n<td style=\"height: 13.50pt;\" height=\"18\">Tipo di coperchio<\/td>\n<td>Coperchio piatto color legno chiaro (texture bamb\u00f9)<\/td>\n<\/tr>\n<tr style=\"height: 13.50pt;\">\n<td style=\"height: 13.50pt;\" height=\"18\">Diametro del coperchio<\/td>\n<td>90mm (Uniforme)<\/td>\n<\/tr>\n<tr style=\"height: 13.50pt;\">\n<td style=\"height: 13.50pt;\" height=\"18\">Caratteristica del materiale<\/td>\n<td>Resistente al calore e agli agenti chimici, elevata trasparenza<\/td>\n<\/tr>\n<tr style=\"height: 13.50pt;\">\n<td style=\"height: 13.50pt;\" height=\"18\">Ideale per<\/td>\n<td>Barattoli di vetro con coperchi sfusi, barattoli di vetro vuoti con coperchi in legno<\/td>\n<\/tr>\n<\/tbody>\n<\/table>\n<h2>Storia di successo: standard di imballaggio all&#039;ingrosso per torrefattori di caff\u00e8<\/h2>\n<p>Un torrefattore di caff\u00e8 in espansione ha scelto i nostri barattoli da 32 once come contenitore principale per i suoi chicchi di caff\u00e8. L&#039;elevata resistenza del vetro borosilicato ha ridotto dell&#039;80% il tasso di rottura del vetro durante il trasporto e la consegna ai clienti. Il coperchio con motivo in bamb\u00f9 offre un utile strato protettivo che mantiene i chicchi freschi e croccanti per diversi mesi, riducendo cos\u00ec gli sprechi del 55%. Il panificio ha quindi ordinato un altro lotto di 150.000 barattoli di vetro, per poi estendere questa opzione di confezionamento anche agli altri punti vendita.<\/p>\n<h2>Suggerimenti per la personalizzazione all&#039;ingrosso di barattoli di vetro con coperchi<\/h2>\n<ul>\n<li>Coperchi in bamb\u00f9 per uso alimentare: rendi il tuo coperchio in bamb\u00f9 testurizzato pi\u00f9 attraente e autentico trasformandolo in un vero coperchio in bamb\u00f9 per uso alimentare.<\/li>\n<li>Stampa a caldo sul coperchio: applica una stampa a caldo del tuo logo\/disegno proprio al centro del coperchio.<\/li>\n<li>Etichette di capacit\u00e0 serigrafate: inserire linee di riempimento permanenti sia in unit\u00e0 metriche che imperiali.<\/li>\n<li>Colore del coperchio personalizzato: scegli la finitura con venature del legno pi\u00f9 adatte.<\/li>\n<\/ul>","protected":false},"excerpt":{"rendered":"<p>Acquista all&#039;ingrosso barattoli di vetro di alta qualit\u00e0 con coperchio. I nostri barattoli da 32 once e altre dimensioni sono resistenti e a tenuta stagna. Perfetti per chi acquista all&#039;ingrosso. Consegna rapida disponibile.<\/p>","protected":false},"featured_media":4000,"template":"","meta":{"postBodyCss":"","postBodyMargin":[],"postBodyPadding":[],"postBodyBackground":{"backgroundType":"classic","gradient":""}},"product_brand":[],"product_cat":[15,17,61],"product_tag":[68,67,70,69],"class_list":{"0":"post-3993","1":"product","2":"type-product","3":"status-publish","4":"has-post-thumbnail","6":"product_cat-glass-containers","7":"product_cat-glass-jars","8":"product_cat-glass-jars-with-lids","9":"product_tag-borosilicate-glass-jars","10":"product_tag-candy-jars","11":"product_tag-seasoning-jars","12":"product_tag-storage-jars","14":"first","15":"instock","16":"shipping-taxable","17":"product-type-simple"},"jetpack_sharing_enabled":true,"_links":{"self":[{"href":"https:\/\/minghanggroup.com\/it\/wp-json\/wp\/v2\/product\/3993","targetHints":{"allow":["GET"]}}],"collection":[{"href":"https:\/\/minghanggroup.com\/it\/wp-json\/wp\/v2\/product"}],"about":[{"href":"https:\/\/minghanggroup.com\/it\/wp-json\/wp\/v2\/types\/product"}],"wp:featuredmedia":[{"embeddable":true,"href":"https:\/\/minghanggroup.com\/it\/wp-json\/wp\/v2\/media\/4000"}],"wp:attachment":[{"href":"https:\/\/minghanggroup.com\/it\/wp-json\/wp\/v2\/media?parent=3993"}],"wp:term":[{"taxonomy":"product_brand","embeddable":true,"href":"https:\/\/minghanggroup.com\/it\/wp-json\/wp\/v2\/product_brand?post=3993"},{"taxonomy":"product_cat","embeddable":true,"href":"https:\/\/minghanggroup.com\/it\/wp-json\/wp\/v2\/product_cat?post=3993"},{"taxonomy":"product_tag","embeddable":true,"href":"https:\/\/minghanggroup.com\/it\/wp-json\/wp\/v2\/product_tag?post=3993"}],"curies":[{"name":"wp","href":"https:\/\/api.w.org\/{rel}","templated":true}]}}