{"id":3992,"date":"2025-12-23T11:19:05","date_gmt":"2025-12-23T03:19:05","guid":{"rendered":"https:\/\/minghanggroup.com\/?post_type=product&#038;p=3992"},"modified":"2025-12-23T17:10:05","modified_gmt":"2025-12-23T09:10:05","slug":"high-borosilicate-glass-jars-with-lids-wholesale","status":"publish","type":"product","link":"https:\/\/minghanggroup.com\/it\/prodotto\/high-borosilicate-glass-jars-with-lids-wholesale\/","title":{"rendered":"Barattoli in vetro borosilicato alto da 600 ml, 1000 ml e 1350 ml con coperchi all&#039;ingrosso per prodotti secchi"},"content":{"rendered":"<p>Meriti un packaging di lusso che non solo mantenga la freschezza dei tuoi prodotti, ma che renda anche il tuo marchio visivamente accattivante. Produciamo all&#039;ingrosso barattoli di vetro con coperchio dal successo intrinseco, in cui ogni barattolo diventa un mezzo per esaltare la storia del tuo prodotto.<\/p>\n<h2>Caratteristiche del prodotto<\/h2>\n<ol>\n<li><strong>Design del coperchio in acciaio inossidabile:<\/strong>I coperchi in acciaio inossidabile realizzati con materiali di alta qualit\u00e0 non solo garantiscono una tenuta perfetta, ma mantengono anche freschi a lungo gli alimenti conservati, impedendo l&#039;ingresso di umidit\u00e0 e ossigeno.<\/li>\n<li><strong>Facile da pulire:<\/strong>I barattoli di vetro per la conservazione sono molto facili da pulire, non assorbono odori n\u00e9 cambiano colore, sono adatti per un uso prolungato e, allo stesso tempo, garantiscono l&#039;igiene e la sicurezza della conservazione degli alimenti.<\/li>\n<li><strong>Multifunzionale:<\/strong>Oltre ad essere ottimi per conservare frutta secca, spezie e t\u00e8, possono essere utilizzati anche per conservare oggetti artigianali, piccoli oggetti, ecc., offrendo cos\u00ec una vasta gamma di applicazioni.<\/li>\n<\/ol>\n<h2>Specifiche chiave<\/h2>\n<table style=\"border-collapse: collapse; width: 80%; margin-left: auto; margin-right: auto;\" border=\"0\" width=\"288\" cellspacing=\"0\" cellpadding=\"0\">\n<tbody>\n<tr style=\"height: 13.50pt;\">\n<td style=\"height: 13.5pt; width: 54pt; text-align: center;\" width=\"72\" height=\"18\">Capacit\u00e0 (ml)<\/td>\n<td style=\"width: 54pt; text-align: center;\" width=\"72\">Dimensioni (cm)<\/td>\n<td style=\"width: 54pt; text-align: center;\" width=\"72\">Materiale<\/td>\n<td style=\"width: 54pt; text-align: center;\" width=\"72\">Caratteristiche<\/td>\n<\/tr>\n<tr style=\"height: 13.50pt;\">\n<td style=\"height: 13.5pt; text-align: center;\" height=\"18\">600<\/td>\n<td style=\"text-align: center;\">9.8 * 10.0<\/td>\n<td class=\"et2\" style=\"text-align: center;\" rowspan=\"3\">Vetro borosilicato<\/td>\n<td class=\"et2\" style=\"text-align: center;\" rowspan=\"3\">Coperchio in acciaio inox da 98 mm con lati dritti<\/td>\n<\/tr>\n<tr style=\"height: 13.50pt;\">\n<td style=\"height: 13.5pt; text-align: center;\" height=\"18\">1000<\/td>\n<td style=\"text-align: center;\">9.8 * 15.0<\/td>\n<\/tr>\n<tr style=\"height: 13.50pt;\">\n<td style=\"height: 13.5pt; text-align: center;\" height=\"18\">1350<\/td>\n<td style=\"text-align: center;\">9.8 * 20.0<\/td>\n<\/tr>\n<\/tbody>\n<\/table>\n<h2>Caso di successo dei barattoli di vetro sfusi<\/h2>\n<p>Un marchio di alimenti biologici di lusso ha utilizzato questi barattoli in vetro borosilicato per confezionare ed esporre la sua nuova linea di t\u00e8 e spezie. Con l&#039;aggiunta di un coperchio in acciaio inossidabile, il marchio non solo ha ottenuto una tenuta perfetta, ma, grazie al suo design trasparente, ha anche messo in risalto il colore e la consistenza del t\u00e8 e delle spezie, attirando cos\u00ec pi\u00f9 clienti.<\/p>\n<p>Le vendite di t\u00e8 e spezie del marchio sono aumentate del 25% in sei mesi dopo il rinnovamento del prodotto.<\/p>\n<h2>I tuoi suggerimenti per la personalizzazione<\/h2>\n<p>Durante la personalizzazione di questi barattoli in vetro borosilicato in grandi quantit\u00e0, \u00e8 altamente consigliabile selezionare le opzioni in modo flessibile a seconda del mercato di riferimento e delle esigenze di conservazione. Un rivenditore o un ristoratore potrebbe valutare di modificare la capacit\u00e0 e la forma dei barattoli per adattarli alle caratteristiche dei propri prodotti. I barattoli pi\u00f9 grandi sono adatti per alimenti secchi sfusi, cereali o grandi bottiglie di spezie, mentre i barattoli pi\u00f9 piccoli sono perfetti per spezie, t\u00e8 o piccoli alimenti confezionati. Inoltre, la scelta del coperchio ermetico \u00e8 molto importante. Se si desidera mantenere il cibo fresco per lunghe ore, \u00e8 consigliabile scegliere un coperchio in acciaio inossidabile con eccellenti propriet\u00e0 sigillanti, in modo da impedire l&#039;ingresso di umidit\u00e0 e aria.<\/p>\n<p>Inoltre, puoi personalizzare il logo, le etichette o i motivi del tuo marchio per aumentare la riconoscibilit\u00e0 del prodotto sul mercato e rafforzare l&#039;immagine del tuo marchio. Per le cucine domestiche, oltre alla funzionalit\u00e0, i design personalizzati, come il vetro satinato o colorato, possono essere un ulteriore tocco di bellezza e modernit\u00e0.<\/p>","protected":false},"excerpt":{"rendered":"<p>Vendita diretta in fabbrica di barattoli in vetro borosilicato con coperchio all&#039;ingrosso, ideali per conservare prodotti secchi e spezie. Possibilit\u00e0 di personalizzazione all&#039;ingrosso di barattoli in vetro.<\/p>","protected":false},"featured_media":3994,"template":"","meta":{"postBodyCss":"","postBodyMargin":[],"postBodyPadding":[],"postBodyBackground":{"backgroundType":"classic","gradient":""}},"product_brand":[],"product_cat":[15,17,61],"product_tag":[],"class_list":{"0":"post-3992","1":"product","2":"type-product","3":"status-publish","4":"has-post-thumbnail","6":"product_cat-glass-containers","7":"product_cat-glass-jars","8":"product_cat-glass-jars-with-lids","10":"first","11":"instock","12":"shipping-taxable","13":"product-type-simple"},"jetpack_sharing_enabled":true,"_links":{"self":[{"href":"https:\/\/minghanggroup.com\/it\/wp-json\/wp\/v2\/product\/3992","targetHints":{"allow":["GET"]}}],"collection":[{"href":"https:\/\/minghanggroup.com\/it\/wp-json\/wp\/v2\/product"}],"about":[{"href":"https:\/\/minghanggroup.com\/it\/wp-json\/wp\/v2\/types\/product"}],"wp:featuredmedia":[{"embeddable":true,"href":"https:\/\/minghanggroup.com\/it\/wp-json\/wp\/v2\/media\/3994"}],"wp:attachment":[{"href":"https:\/\/minghanggroup.com\/it\/wp-json\/wp\/v2\/media?parent=3992"}],"wp:term":[{"taxonomy":"product_brand","embeddable":true,"href":"https:\/\/minghanggroup.com\/it\/wp-json\/wp\/v2\/product_brand?post=3992"},{"taxonomy":"product_cat","embeddable":true,"href":"https:\/\/minghanggroup.com\/it\/wp-json\/wp\/v2\/product_cat?post=3992"},{"taxonomy":"product_tag","embeddable":true,"href":"https:\/\/minghanggroup.com\/it\/wp-json\/wp\/v2\/product_tag?post=3992"}],"curies":[{"name":"wp","href":"https:\/\/api.w.org\/{rel}","templated":true}]}}