{"id":3986,"date":"2025-12-23T09:06:08","date_gmt":"2025-12-23T01:06:08","guid":{"rendered":"https:\/\/minghanggroup.com\/?post_type=product&#038;p=3986"},"modified":"2026-01-20T13:37:57","modified_gmt":"2026-01-20T05:37:57","slug":"big-glass-jars-with-wooden-lids-wholesale","status":"publish","type":"product","link":"https:\/\/minghanggroup.com\/it\/prodotto\/big-glass-jars-with-wooden-lids-wholesale\/","title":{"rendered":"Grandi barattoli in vetro da 2750 ml con coperchi in legno all&#039;ingrosso"},"content":{"rendered":"<p>Si tratta di barattoli in vetro capienti, eleganti e di grandi dimensioni, con coperchi in vetro borosilicato ad alta capacit\u00e0. I \u200b\u200bcoperchi sono decorati con venature di legno scuro, molto strutturate, e il corpo in vetro trasparente consente di vedere chiaramente il contenuto degli alimenti all&#039;interno.<\/p>\n<h2>Caratteristiche del prodotto<\/h2>\n<ul>\n<li><strong>Elevata resistenza agli shock termici:<\/strong> Questi barattoli di vetro sono molto resistenti agli shock termici e non si rompono nemmeno se tolti dal congelatore e messi direttamente in forno.<\/li>\n<li><strong>Sigillatura sicura:<\/strong> Questo coperchio ermetico ha la capacit\u00e0 di sigillare la freschezza del cibo e di rilasciare l&#039;umidit\u00e0.<\/li>\n<li><strong>Corpo del barattolo trasparente e visibile:<\/strong> Questo corpo \u00e8 realizzato in vetro completamente trasparente, il che consente di vedere facilmente il cibo all&#039;interno senza dover aprire il coperchio, rendendolo facilmente identificabile.<\/li>\n<\/ul>\n<h2 style=\"text-align: left;\">Specifiche chiave<\/h2>\n<table class=\"aligncenter\" style=\"border-collapse: collapse; width: 477.02pt;\" border=\"0\" width=\"636\" cellspacing=\"0\" cellpadding=\"0\">\n<tbody>\n<tr style=\"height: 13.50pt;\">\n<td style=\"height: 13.50pt; width: 107.25pt;\" width=\"143\" height=\"18\">Specifica<\/td>\n<td style=\"width: 369.75pt;\" width=\"493\">Dettagli<\/td>\n<\/tr>\n<tr style=\"height: 13.50pt;\">\n<td style=\"height: 13.50pt;\" height=\"18\">Capacit\u00e0<\/td>\n<td>2750 ml (2,75 l)<\/td>\n<\/tr>\n<tr style=\"height: 13.50pt;\">\n<td style=\"height: 13.50pt;\" height=\"18\">Dimensioni<\/td>\n<td>14\u00d729,5 cm<\/td>\n<\/tr>\n<tr style=\"height: 13.50pt;\">\n<td style=\"height: 13.50pt;\" height=\"18\">Materiale<\/td>\n<td>Vetro borosilicato alto<\/td>\n<\/tr>\n<tr style=\"height: 13.50pt;\">\n<td style=\"height: 13.50pt;\" height=\"18\">Tipo di coperchio<\/td>\n<td>Coperchio piatto con venature del legno intenso<\/td>\n<\/tr>\n<tr style=\"height: 13.50pt;\">\n<td style=\"height: 13.50pt;\" height=\"18\">Diametro del coperchio<\/td>\n<td>110 mm (diametro base)<\/td>\n<\/tr>\n<tr style=\"height: 13.50pt;\">\n<td style=\"height: 13.50pt;\" height=\"18\">Caratteristica del materiale<\/td>\n<td>Elevata resistenza termica e chimica, chiarezza superiore, durevole<\/td>\n<\/tr>\n<tr style=\"height: 13.50pt;\">\n<td style=\"height: 13.50pt;\" height=\"18\">Ideale per<\/td>\n<td>Grandi barattoli di vetro con coperchio, grandi barattoli di vetro sfusi<\/td>\n<\/tr>\n<\/tbody>\n<\/table>\n<h2>Storia di successo<\/h2>\n<p>Un rivenditore americano di specialit\u00e0 alimentari doveva trovare un fornitore di barattoli di vetro di qualit\u00e0 con coperchi in legno per la sua nuova linea di t\u00e8 e cereali in fase di lancio. Come si sono comportati? Questi barattoli di vetro non si rompono nemmeno con sbalzi di temperatura superiori a 1500 \u00b0C; la loro trasparenza era perfetta, il che ha aumentato notevolmente le vendite; la loro elevata capacit\u00e0 di tenuta, testata per una durata fino a 40 volte superiore a quella di conservazione dei prodotti, ha dato grande soddisfazione ai clienti e ha generato un ordine di altri 200.000 pezzi.<\/p>\n<h2>Raccomandazioni per l&#039;adattamento di grandi barattoli di vetro con coperchio<\/h2>\n<ul>\n<li>Personalizzazione del coperchio: seleziona diversi tipi di coperchi in legno (ad esempio rovere chiaro o noce).<\/li>\n<li>Selezione della capacit\u00e0: hai bisogno di altre capacit\u00e0? Siamo in grado di modificare la capacit\u00e0 senza compromettere le eleganti proporzioni del barattolo.<\/li>\n<li>Colorazione del vetro: aggiungere colori molto tenui (ad esempio ambra o blu) ai barattoli, per proteggerli dai raggi UV o per conferire loro un colore esclusivo.<\/li>\n<li>Texture della superficie: il corpo del barattolo presenta una incisione ad acido su alcune parti, che crea una texture satinata e ne migliora la presa.<\/li>\n<li>Speciale miglioramento della sigillatura: aggiungi un essiccante incorporato o una valvola di tenuta sottovuoto al coperchio per ottenere una freschezza a lunghissimo termine.<\/li>\n<\/ul>","protected":false},"excerpt":{"rendered":"<p>Scopri i nostri barattoli in vetro di alta qualit\u00e0 con coperchio. Questi barattoli in vetro da 2,75 litri con coperchio in legno sono resistenti e a tenuta stagna. Perfetti per la conservazione di grandi quantit\u00e0. Campione gratuito.<\/p>","protected":false},"featured_media":3988,"template":"","meta":{"postBodyCss":"","postBodyMargin":[],"postBodyPadding":[],"postBodyBackground":{"backgroundType":"classic","gradient":""}},"product_brand":[],"product_cat":[15,17,61],"product_tag":[68,67,69],"class_list":{"0":"post-3986","1":"product","2":"type-product","3":"status-publish","4":"has-post-thumbnail","6":"product_cat-glass-containers","7":"product_cat-glass-jars","8":"product_cat-glass-jars-with-lids","9":"product_tag-borosilicate-glass-jars","10":"product_tag-candy-jars","11":"product_tag-storage-jars","13":"first","14":"instock","15":"shipping-taxable","16":"product-type-simple"},"jetpack_sharing_enabled":true,"_links":{"self":[{"href":"https:\/\/minghanggroup.com\/it\/wp-json\/wp\/v2\/product\/3986","targetHints":{"allow":["GET"]}}],"collection":[{"href":"https:\/\/minghanggroup.com\/it\/wp-json\/wp\/v2\/product"}],"about":[{"href":"https:\/\/minghanggroup.com\/it\/wp-json\/wp\/v2\/types\/product"}],"wp:featuredmedia":[{"embeddable":true,"href":"https:\/\/minghanggroup.com\/it\/wp-json\/wp\/v2\/media\/3988"}],"wp:attachment":[{"href":"https:\/\/minghanggroup.com\/it\/wp-json\/wp\/v2\/media?parent=3986"}],"wp:term":[{"taxonomy":"product_brand","embeddable":true,"href":"https:\/\/minghanggroup.com\/it\/wp-json\/wp\/v2\/product_brand?post=3986"},{"taxonomy":"product_cat","embeddable":true,"href":"https:\/\/minghanggroup.com\/it\/wp-json\/wp\/v2\/product_cat?post=3986"},{"taxonomy":"product_tag","embeddable":true,"href":"https:\/\/minghanggroup.com\/it\/wp-json\/wp\/v2\/product_tag?post=3986"}],"curies":[{"name":"wp","href":"https:\/\/api.w.org\/{rel}","templated":true}]}}