{"id":3977,"date":"2025-12-22T17:09:26","date_gmt":"2025-12-22T09:09:26","guid":{"rendered":"https:\/\/minghanggroup.com\/?post_type=product&#038;p=3977"},"modified":"2026-01-20T13:38:40","modified_gmt":"2026-01-20T05:38:40","slug":"high-borosilicate-glass-storage-jars-with-lids-for-snacks-bulk","status":"publish","type":"product","link":"https:\/\/minghanggroup.com\/it\/prodotto\/high-borosilicate-glass-storage-jars-with-lids-for-snacks-bulk\/","title":{"rendered":"Barattoli per la conservazione di snack in vetro borosilicato ad alto contenuto di 550 ml \u2013 1950 ml con coperchi"},"content":{"rendered":"<p>Dovresti scegliere un packaging che mantenga la freschezza dei tuoi prodotti e valorizzi il tuo marchio. Realizziamo barattoli in vetro con coperchio, perfetti per la cucina. Questi barattoli a bocca larga sono pensati per far risaltare i tuoi prodotti e raccontare la storia del tuo marchio. Il tuo marchio \u00e8 ci\u00f2 che conta e i grandi barattoli in vetro con coperchio sono l\u00ec per aiutarti a far risaltare il tuo marchio.<\/p>\n<h2>Caratteristiche del prodotto<\/h2>\n<ol>\n<li><strong>Design con visibilit\u00e0 chiara:<\/strong>Puoi vedere cosa c&#039;\u00e8 dentro i tuoi barattoli da cucina perch\u00e9 sono realizzati in vetro borosilicato. Questo rende davvero facile tenere traccia di cosa hai nei tuoi barattoli a bocca larga. Non devi preoccuparti di cosa c&#039;\u00e8 dentro i tuoi barattoli da cucina perch\u00e9 il vetro borosilicato trasparente ti permette di vederne immediatamente il contenuto.<\/li>\n<li><strong>Guarnizione del coperchio in legno:<\/strong>Il coperchio di legno in dotazione \u00e8 dotato di un sigillo. Questo sigillo aiuta a chiudere ermeticamente il coperchio. Ci\u00f2 significa che gli alimenti conservati al suo interno rimarranno freschi. \u00c8 davvero utile per conservare grandi quantit\u00e0 di cibo. Il coperchio di legno con sigillo \u00e8 molto importante per mantenere freschi i vostri contenuti.<\/li>\n<li><strong>Versatile spazio di archiviazione:<\/strong>Questi barattoli di vetro dai lati dritti possono contenere di tutto, dal miele allo sciroppo, dalle erbe aromatiche ai prodotti secchi: sono perfetti per i barattoli da cucina.<\/li>\n<\/ol>\n<h2>Specifiche chiave<\/h2>\n<table style=\"border-collapse: collapse; width: 80%; margin-left: auto; margin-right: auto;\" border=\"0\" width=\"288\" cellspacing=\"0\" cellpadding=\"0\">\n<tbody>\n<tr style=\"height: 13.50pt;\">\n<td style=\"height: 13.5pt; width: 54pt; text-align: center;\" width=\"72\" height=\"18\">Capacit\u00e0 (ml)<\/td>\n<td style=\"width: 54pt; text-align: center;\" width=\"72\">Dimensioni (cm)<\/td>\n<td style=\"width: 54pt; text-align: center;\" width=\"72\">Materiale<\/td>\n<td style=\"width: 54pt; text-align: center;\" width=\"72\">Caratteristiche<\/td>\n<\/tr>\n<tr style=\"height: 13.50pt;\">\n<td style=\"height: 13.5pt; text-align: center;\" align=\"right\" height=\"18\">550<\/td>\n<td style=\"text-align: center;\">10.0 * 10.0<\/td>\n<td class=\"et2\" style=\"text-align: center;\" rowspan=\"6\">Vetro borosilicato<\/td>\n<td class=\"et2\" style=\"text-align: center;\" rowspan=\"6\">Coperchio in legno dritto da 100 mm<\/td>\n<\/tr>\n<tr style=\"height: 13.50pt;\">\n<td style=\"height: 13.5pt; text-align: center;\" align=\"right\" height=\"18\">660<\/td>\n<td style=\"text-align: center;\">10.0 * 12.0<\/td>\n<\/tr>\n<tr style=\"height: 13.50pt;\">\n<td style=\"height: 13.5pt; text-align: center;\" align=\"right\" height=\"18\">900<\/td>\n<td style=\"text-align: center;\">10.0 * 15.0<\/td>\n<\/tr>\n<tr style=\"height: 13.50pt;\">\n<td style=\"height: 13.5pt; text-align: center;\" align=\"right\" height=\"18\">1250<\/td>\n<td style=\"text-align: center;\">10.0 * 20.0<\/td>\n<\/tr>\n<tr style=\"height: 13.50pt;\">\n<td style=\"height: 13.5pt; text-align: center;\" align=\"right\" height=\"18\">1500<\/td>\n<td style=\"text-align: center;\">10.0 * 23.0<\/td>\n<\/tr>\n<tr style=\"height: 13.50pt;\">\n<td style=\"height: 13.5pt; text-align: center;\" align=\"right\" height=\"18\">1950<\/td>\n<td style=\"text-align: center;\">10.0 * 28.0<\/td>\n<\/tr>\n<\/tbody>\n<\/table>\n<h2>Caso di successo<\/h2>\n<p>Questo grande supermercato ha scelto questi barattoli di vetro per rendere pi\u00f9 attraente la propria area dedicata ai prodotti alimentari. Li ha utilizzati per conservare prodotti come snack, caramelle e pasta. I barattoli sono fantastici perch\u00e9 sono facili da riempire e il cibo al loro interno \u00e8 facile da esporre. Tutti possono guardare attraverso il vetro ed essere sicuri di cosa stanno mangiando. Inoltre, i barattoli hanno un coperchio che mantiene tutto fresco a lungo.<\/p>\n<p>Il negozio ha utilizzato questi barattoli per snack, caramelle, pasta e altri prodotti secchi. I barattoli di vetro sono trasparenti, quindi i clienti possono vedere chiaramente il cibo e stimolare l&#039;acquisto. I barattoli sono dotati di coperchi e clip metalliche che mantengono il cibo fresco.<\/p>\n<p>Nel giro di quattro mesi dall&#039;implementazione di questo aggiornamento, il rivenditore ha registrato un aumento del 15% nelle vendite di prodotti secchi e snack; questo nuovo e pi\u00f9 attraente modo di esporre i prodotti \u00e8 stato particolarmente apprezzato dai consumatori pi\u00f9 giovani.<\/p>\n<h2>I tuoi suggerimenti per la personalizzazione<\/h2>\n<p>Nella scelta dei contenitori in borosilicato, \u00e8 opportuno adattare le dimensioni e l&#039;aspetto dei contenitori alle proprie esigenze. Se si prevede di conservare grandi quantit\u00e0 di alimenti secchi o prodotti di grandi dimensioni, \u00e8 consigliabile scegliere un barattolo di capienza maggiore e con un&#039;apertura ampia, in modo da poterlo raggiungere e riempire facilmente. I barattoli pi\u00f9 piccoli sono pi\u00f9 adatti per piccoli oggetti o per prodotti che devono essere esposti in modo pi\u00f9 accattivante. Poich\u00e9 la tenuta stagna \u00e8 fondamentale, \u00e8 consigliabile scegliere modelli con clip metalliche e coperchi in legno che garantiscano la tenuta stagna e allo stesso tempo migliorino l&#039;aspetto generale e conferiscano un aspetto naturale. Per quanto riguarda il design, \u00e8 possibile personalizzare i coperchi in legno con colori o stili diversi, in base alle esigenze del proprio marchio, e aggiungere loghi o motivi personalizzati ai barattoli per facilitarne la riconoscibilit\u00e0 e adattarli a diversi punti vendita.<\/p>","protected":false},"excerpt":{"rendered":"<p>Vendita diretta in fabbrica di barattoli in vetro con coperchio e apertura larga, ideali per snack e prodotti secchi. Campioni gratuiti e personalizzazione all&#039;ingrosso disponibili.<\/p>","protected":false},"featured_media":3985,"template":"","meta":{"postBodyCss":"","postBodyMargin":[],"postBodyPadding":[],"postBodyBackground":{"backgroundType":"classic","gradient":""}},"product_brand":[],"product_cat":[15,17,61],"product_tag":[68,67,70,69],"class_list":{"0":"post-3977","1":"product","2":"type-product","3":"status-publish","4":"has-post-thumbnail","6":"product_cat-glass-containers","7":"product_cat-glass-jars","8":"product_cat-glass-jars-with-lids","9":"product_tag-borosilicate-glass-jars","10":"product_tag-candy-jars","11":"product_tag-seasoning-jars","12":"product_tag-storage-jars","14":"first","15":"instock","16":"shipping-taxable","17":"product-type-simple"},"jetpack_sharing_enabled":true,"_links":{"self":[{"href":"https:\/\/minghanggroup.com\/it\/wp-json\/wp\/v2\/product\/3977","targetHints":{"allow":["GET"]}}],"collection":[{"href":"https:\/\/minghanggroup.com\/it\/wp-json\/wp\/v2\/product"}],"about":[{"href":"https:\/\/minghanggroup.com\/it\/wp-json\/wp\/v2\/types\/product"}],"wp:featuredmedia":[{"embeddable":true,"href":"https:\/\/minghanggroup.com\/it\/wp-json\/wp\/v2\/media\/3985"}],"wp:attachment":[{"href":"https:\/\/minghanggroup.com\/it\/wp-json\/wp\/v2\/media?parent=3977"}],"wp:term":[{"taxonomy":"product_brand","embeddable":true,"href":"https:\/\/minghanggroup.com\/it\/wp-json\/wp\/v2\/product_brand?post=3977"},{"taxonomy":"product_cat","embeddable":true,"href":"https:\/\/minghanggroup.com\/it\/wp-json\/wp\/v2\/product_cat?post=3977"},{"taxonomy":"product_tag","embeddable":true,"href":"https:\/\/minghanggroup.com\/it\/wp-json\/wp\/v2\/product_tag?post=3977"}],"curies":[{"name":"wp","href":"https:\/\/api.w.org\/{rel}","templated":true}]}}