{"id":3967,"date":"2025-12-22T14:16:32","date_gmt":"2025-12-22T06:16:32","guid":{"rendered":"https:\/\/minghanggroup.com\/?post_type=product&#038;p=3967"},"modified":"2026-03-02T15:24:18","modified_gmt":"2026-03-02T07:24:18","slug":"high-borosilicate-big-glass-jar-with-lids-bulk","status":"publish","type":"product","link":"https:\/\/minghanggroup.com\/it\/prodotto\/high-borosilicate-big-glass-jar-with-lids-bulk\/","title":{"rendered":"Barattolo grande in vetro borosilicato alto da 1360 ml e 1800 ml con coperchi, sfuso"},"content":{"rendered":"<p>Meriti un packaging di alta qualit\u00e0 che non solo mantenga la freschezza dei prodotti, ma che faccia risaltare anche il tuo marchio. Realizziamo grandi barattoli di vetro con coperchio, non solo funzionali, ma anche perfetti in cucina, dove ogni contenitore diventa la storia del tuo prodotto.<\/p>\n<h2>Caratteristiche del prodotto<\/h2>\n<ol>\n<li><strong>Design con visibilit\u00e0 chiara:<\/strong>Utilizzando un vetro borosilicato trasparente, altamente durevole e resistente al calore, potrete vedere a colpo d&#039;occhio cosa c&#039;\u00e8 dentro, rendendo cos\u00ec molto pi\u00f9 semplice la conservazione dei vostri barattoli da cucina.<\/li>\n<li><strong>Accesso a bocca larga:<\/strong>L&#039;apertura da 120 mm consente di riempire, pulire e accedere facilmente al contenuto del contenitore per la conservazione quotidiana.<\/li>\n<li><strong>Guarnizione del coperchio in legno:<\/strong>Il coperchio in legno in dotazione alla confezione, insieme alla guarnizione, contribuisce a creare una chiusura ermetica, mantenendo cos\u00ec il contenuto fresco anche nei contenitori pi\u00f9 grandi.<\/li>\n<li><strong>Versatile spazio di archiviazione:<\/strong>Questi barattoli da cucina in vetro con i lati dritti possono contenere di tutto, dal miele allo sciroppo, dalle erbe aromatiche ai prodotti secchi: cosa potrebbe esserci di pi\u00f9 perfetto per i barattoli da cucina?<\/li>\n<\/ol>\n<h2>Specifiche chiave<\/h2>\n<table style=\"border-collapse: collapse; width: 80%; margin-left: auto; margin-right: auto;\" border=\"0\" width=\"288\" cellspacing=\"0\" cellpadding=\"0\">\n<tbody>\n<tr style=\"height: 13.50pt;\">\n<td style=\"height: 13.5pt; width: 54pt; text-align: center;\" width=\"72\" height=\"18\">Capacit\u00e0 (ml)<\/td>\n<td style=\"width: 54pt; text-align: center;\" width=\"72\">Dimensioni (cm)<\/td>\n<td style=\"width: 54pt; text-align: center;\" width=\"72\">Materiale<\/td>\n<td style=\"width: 54pt; text-align: center;\" width=\"72\">Caratteristiche<\/td>\n<\/tr>\n<tr style=\"height: 13.50pt;\">\n<td style=\"height: 13.5pt; text-align: center;\" align=\"right\" height=\"18\">1360<\/td>\n<td style=\"text-align: center;\">12.0 * 15.0<\/td>\n<td class=\"et2\" style=\"text-align: center;\" rowspan=\"2\">Vetro borosilicato<\/td>\n<td class=\"et2\" style=\"text-align: center;\" rowspan=\"2\">Coperchio in legno dritto da 120 mm<\/td>\n<\/tr>\n<tr style=\"height: 13.50pt;\">\n<td style=\"height: 13.5pt; text-align: center;\" align=\"right\" height=\"18\">1800<\/td>\n<td style=\"text-align: center;\">12.0 * 20.0<\/td>\n<\/tr>\n<\/tbody>\n<\/table>\n<h2>Caso di successo<\/h2>\n<p>Una rete di negozi al dettaglio specializzata in prodotti secchi sfusi e t\u00e8 ha notevolmente migliorato le prestazioni espositive dei propri punti vendita, passando a questi barattoli da cucina in vetro borosilicato, alti, piatti, con bordi dritti e con bordi arrotondati. L&#039;elevata trasparenza dei contenitori in vetro rendeva l&#039;illuminazione del prodotto molto gradevole, mentre l&#039;ampio diametro di 150 mm era molto comodo per il rifornimento. Allo stesso tempo, la chiusura ermetica garantiva la freschezza del cibo, aumentando la fiducia dei clienti.<\/p>\n<p>Nei primi tre mesi successivi all&#039;implementazione, il cliente ha registrato un aumento delle vendite annuali di circa il 28%, con un incremento particolarmente significativo nei prodotti da t\u00e8 di alta gamma.<\/p>\n<h2>I tuoi suggerimenti per la personalizzazione<\/h2>\n<p>Nella scelta dei barattoli in vetro borosilicato, \u00e8 consigliabile adattare le dimensioni del contenitore e il design del coperchio in base al tipo di prodotto e al luogo di utilizzo. Se il prodotto deve essere rifornito frequentemente, come t\u00e8 o prodotti secchi, \u00e8 possibile rendere il processo di rifornimento pi\u00f9 efficiente scegliendo un contenitore di diametro maggiore (ad esempio 150 mm), che sar\u00e0 anche pi\u00f9 adatto all&#039;esposizione del prodotto. I coperchi in legno o con buone propriet\u00e0 sigillanti non solo mantengono freschi gli ingredienti, ma conferiscono anche un aspetto gradevole all&#039;insieme. Inoltre, il vetro trasparente rende il prodotto pi\u00f9 visibile e quindi pi\u00f9 attraente, quindi \u00e8 meglio scegliere un vetro con un&#039;elevata trasparenza, in modo che il prodotto sia pi\u00f9 facilmente visibile sugli scaffali.<\/p>\n<p>Durante la produzione dei barattoli, \u00e8 possibile anche decidere diverse capacit\u00e0, colori o persino loghi personalizzati, a seconda delle esigenze del marchio, per poter mantenere la coerenza dei prodotti e farsi riconoscere sul mercato.<\/p>","protected":false},"excerpt":{"rendered":"<p>Vendita diretta in fabbrica di grandi barattoli di vetro con coperchio, perfetti per la conservazione in cucina. Campioni gratuiti e personalizzazioni all&#039;ingrosso disponibili per prodotti secchi e spezie.<\/p>","protected":false},"featured_media":3968,"template":"","meta":{"postBodyCss":"","postBodyMargin":[],"postBodyPadding":[],"postBodyBackground":{"backgroundType":"classic","gradient":""}},"product_brand":[],"product_cat":[15,17,61],"product_tag":[68,67,100,70,69],"class_list":{"0":"post-3967","1":"product","2":"type-product","3":"status-publish","4":"has-post-thumbnail","6":"product_cat-glass-containers","7":"product_cat-glass-jars","8":"product_cat-glass-jars-with-lids","9":"product_tag-borosilicate-glass-jars","10":"product_tag-candy-jars","11":"product_tag-glass-coffee-jars","12":"product_tag-seasoning-jars","13":"product_tag-storage-jars","15":"first","16":"instock","17":"shipping-taxable","18":"product-type-simple"},"jetpack_sharing_enabled":true,"_links":{"self":[{"href":"https:\/\/minghanggroup.com\/it\/wp-json\/wp\/v2\/product\/3967","targetHints":{"allow":["GET"]}}],"collection":[{"href":"https:\/\/minghanggroup.com\/it\/wp-json\/wp\/v2\/product"}],"about":[{"href":"https:\/\/minghanggroup.com\/it\/wp-json\/wp\/v2\/types\/product"}],"wp:featuredmedia":[{"embeddable":true,"href":"https:\/\/minghanggroup.com\/it\/wp-json\/wp\/v2\/media\/3968"}],"wp:attachment":[{"href":"https:\/\/minghanggroup.com\/it\/wp-json\/wp\/v2\/media?parent=3967"}],"wp:term":[{"taxonomy":"product_brand","embeddable":true,"href":"https:\/\/minghanggroup.com\/it\/wp-json\/wp\/v2\/product_brand?post=3967"},{"taxonomy":"product_cat","embeddable":true,"href":"https:\/\/minghanggroup.com\/it\/wp-json\/wp\/v2\/product_cat?post=3967"},{"taxonomy":"product_tag","embeddable":true,"href":"https:\/\/minghanggroup.com\/it\/wp-json\/wp\/v2\/product_tag?post=3967"}],"curies":[{"name":"wp","href":"https:\/\/api.w.org\/{rel}","templated":true}]}}