{"id":3966,"date":"2025-12-22T11:35:06","date_gmt":"2025-12-22T03:35:06","guid":{"rendered":"https:\/\/minghanggroup.com\/?post_type=product&#038;p=3966"},"modified":"2026-01-20T13:39:42","modified_gmt":"2026-01-20T05:39:42","slug":"high-borosilicate-glass-canisters-with-lids-bulk","status":"publish","type":"product","link":"https:\/\/minghanggroup.com\/it\/prodotto\/high-borosilicate-glass-canisters-with-lids-bulk\/","title":{"rendered":"Barattoli in vetro borosilicato alto da 500 ml, 800 ml e 1200 ml con coperchi, sfusi"},"content":{"rendered":"<p>Questi esclusivi contenitori in vetro con coperchio sono realizzati in vetro borosilicato e sono dotati di coperchi rotondi in sughero naturale, che conferiscono loro un aspetto caldo e rustico.<\/p>\n<h2>Caratteristiche del prodotto<\/h2>\n<ul>\n<li>La forma rotonda nella parte superiore e il tappo rotondo sono arcuati, conferendo un aspetto giocoso ma allo stesso tempo ornamentale, poich\u00e9 possono essere applicati in qualsiasi tipo di ambiente, compresi espositori e piani di tavoli, aumentando l&#039;effetto pi\u00f9 dinamico.<\/li>\n<li>Il tappo rotondo garantisce la migliore tenuta possibile, ma \u00e8 disponibile anche un&#039;alternativa in legno personalizzata.<\/li>\n<li>Questi barattoli saranno anche molto durevoli, trasparenti e resistenti al calore poich\u00e9 sono realizzati in vetro borosilicato ad alto tenore di carbonio e possono essere utilizzati regolarmente.<\/li>\n<\/ul>\n<h2 style=\"text-align: left;\">Specifiche chiave<\/h2>\n<table class=\"aligncenter\" style=\"border-collapse: collapse; width: 462.02pt;\" border=\"0\" width=\"616\" cellspacing=\"0\" cellpadding=\"0\">\n<tbody>\n<tr style=\"height: 13.50pt;\">\n<td style=\"height: 13.50pt; width: 107.25pt;\" width=\"143\" height=\"18\">Specifica<\/td>\n<td style=\"width: 354.75pt;\" width=\"473\">Dettagli<\/td>\n<\/tr>\n<tr style=\"height: 13.50pt;\">\n<td style=\"height: 13.50pt;\" height=\"18\">Capacit\u00e0<\/td>\n<td>500 ml \/ 800 ml \/ 1200 ml<\/td>\n<\/tr>\n<tr style=\"height: 13.50pt;\">\n<td style=\"height: 13.50pt;\" height=\"18\">Dimensioni<\/td>\n<td>9\u00d710cm \/ 9\u00d715.5cm \/ 9\u00d720cm<\/td>\n<\/tr>\n<tr style=\"height: 13.50pt;\">\n<td style=\"height: 13.50pt;\" height=\"18\">Materiale<\/td>\n<td>Vetro borosilicato alto<\/td>\n<\/tr>\n<tr style=\"height: 13.50pt;\">\n<td style=\"height: 13.50pt;\" height=\"18\">Forma del barattolo<\/td>\n<td>Corpo snello con sommit\u00e0 arrotondata a cupola<\/td>\n<\/tr>\n<tr style=\"height: 13.50pt;\">\n<td style=\"height: 13.50pt;\" height=\"18\">Tipo di coperchio<\/td>\n<td>Tappo sferico in sughero naturale (disponibile anche con coperchio in legno)<\/td>\n<\/tr>\n<tr style=\"height: 13.50pt;\">\n<td style=\"height: 13.50pt;\" height=\"18\">Caratteristica del materiale<\/td>\n<td>Elevata resistenza agli shock termici e chimici, trasparenza superiore<\/td>\n<\/tr>\n<tr style=\"height: 13.50pt;\">\n<td style=\"height: 13.50pt;\" height=\"18\">Ideale per<\/td>\n<td>Barattolo di vetro con coperchio in legno, barattoli di vetro con coperchi ermetici<\/td>\n<\/tr>\n<\/tbody>\n<\/table>\n<h2>Il rebranding dell&#039;azienda: un marchio di t\u00e8 turco di alta gamma<\/h2>\n<p>Il marchio di t\u00e8 premium ha ora deciso di utilizzare solo contenitori in vetro borosilicato da 800 ml con coperchio in legno per il confezionamento della sua ultima collezione Single Estate. Inizialmente, hanno combinato questi contenitori in vetro con i coperchi per via della forma del barattolo, che era a forma di decanter. L&#039;elevata trasparenza del vetro borosilicato ha chiaramente fatto s\u00ec che le vendite sul loro sito aumentassero del 60%. Inoltre, i tappi circolari offrivano un&#039;ottima tenuta al t\u00e8 e l&#039;aroma si conservava pi\u00f9 a lungo. Grazie a ci\u00f2, i barattoli sono diventati un prodotto iconico in questo segmento di mercato. L&#039;azienda ha effettuato un altro ordine di 150.000 pezzi.<\/p>\n<h2>Suggerimenti per la personalizzazione dei contenitori in vetro con coperchio<\/h2>\n<ul>\n<li><strong>Cime delle cupole in legno:<\/strong> Puoi sostituire il tappo di sughero con un coperchio di legno a cupola, rotondo o piatto. Il tipo di coperchio dar\u00e0 al tuo barattolo un aspetto diverso, a prescindere dal tappo di sughero.<\/li>\n<li><strong>Incisione laser sulla tracolla:<\/strong> Sulla spalla del contenitore pu\u00f2 essere inciso un logo o un motivo elaborato, ottenuto tramite un processo di incisione laser.<\/li>\n<li><strong>Materiali per vetrate colorate:<\/strong> Vetro utopico Per modellare la parte superiore del contenitore, \u00e8 opportuno utilizzare vetro bianco o trasparente di elevata trasparenza, in modo da creare un effetto bicolore con un vetro di colore pi\u00f9 scuro.<\/li>\n<li><strong>Sigillo di cera con tappo di sughero:<\/strong> Ci\u00f2 avviene applicando della cera colorata su normali tappi di sughero, per ricreare l&#039;aspetto vintage del vecchio mondo. Questi esclusivi barattoli di vetro utilizzano un coperchio di legno.<\/li>\n<\/ul>","protected":false},"excerpt":{"rendered":"<p>Barattoli in vetro di alta qualit\u00e0 con coperchio e barattolo in vetro con coperchio in legno, realizzati in vetro borosilicato trasparente con sigillo in sughero. Spedizione rapida disponibile.<\/p>","protected":false},"featured_media":3970,"template":"","meta":{"postBodyCss":"","postBodyMargin":[],"postBodyPadding":[],"postBodyBackground":{"backgroundType":"classic","gradient":""}},"product_brand":[],"product_cat":[15,17,61],"product_tag":[68,67,70,69],"class_list":{"0":"post-3966","1":"product","2":"type-product","3":"status-publish","4":"has-post-thumbnail","6":"product_cat-glass-containers","7":"product_cat-glass-jars","8":"product_cat-glass-jars-with-lids","9":"product_tag-borosilicate-glass-jars","10":"product_tag-candy-jars","11":"product_tag-seasoning-jars","12":"product_tag-storage-jars","14":"first","15":"instock","16":"shipping-taxable","17":"product-type-simple"},"jetpack_sharing_enabled":true,"_links":{"self":[{"href":"https:\/\/minghanggroup.com\/it\/wp-json\/wp\/v2\/product\/3966","targetHints":{"allow":["GET"]}}],"collection":[{"href":"https:\/\/minghanggroup.com\/it\/wp-json\/wp\/v2\/product"}],"about":[{"href":"https:\/\/minghanggroup.com\/it\/wp-json\/wp\/v2\/types\/product"}],"wp:featuredmedia":[{"embeddable":true,"href":"https:\/\/minghanggroup.com\/it\/wp-json\/wp\/v2\/media\/3970"}],"wp:attachment":[{"href":"https:\/\/minghanggroup.com\/it\/wp-json\/wp\/v2\/media?parent=3966"}],"wp:term":[{"taxonomy":"product_brand","embeddable":true,"href":"https:\/\/minghanggroup.com\/it\/wp-json\/wp\/v2\/product_brand?post=3966"},{"taxonomy":"product_cat","embeddable":true,"href":"https:\/\/minghanggroup.com\/it\/wp-json\/wp\/v2\/product_cat?post=3966"},{"taxonomy":"product_tag","embeddable":true,"href":"https:\/\/minghanggroup.com\/it\/wp-json\/wp\/v2\/product_tag?post=3966"}],"curies":[{"name":"wp","href":"https:\/\/api.w.org\/{rel}","templated":true}]}}