{"id":3957,"date":"2025-12-22T10:23:48","date_gmt":"2025-12-22T02:23:48","guid":{"rendered":"https:\/\/minghanggroup.com\/?post_type=product&#038;p=3957"},"modified":"2026-01-20T13:40:21","modified_gmt":"2026-01-20T05:40:21","slug":"straight-sided-huge-glass-jars-with-150mm-lids-bulk","status":"publish","type":"product","link":"https:\/\/minghanggroup.com\/it\/prodotto\/straight-sided-huge-glass-jars-with-150mm-lids-bulk\/","title":{"rendered":"Barattoli di vetro enormi con lati dritti da 3200 ml e 4800 ml con coperchi da 150 mm, sfusi"},"content":{"rendered":"<p>Meriti un packaging di altissima qualit\u00e0 che non solo mantenga la freschezza dei prodotti, ma che contribuisca anche a far risaltare il tuo marchio. Realizziamo grandi barattoli di vetro per grandi risultati, in cui ogni contenitore porta la storia del tuo prodotto a un livello superiore.<\/p>\n<h2>Caratteristiche del prodotto<\/h2>\n<ol>\n<li><strong>Capacit\u00e0 di stoccaggio all&#039;ingrosso:<\/strong> Miele, sciroppo o muesli possono essere conservati in questi grandi barattoli di vetro, che rappresentano la soluzione perfetta per qualsiasi operazione di vendita all&#039;ingrosso e in grandi quantit\u00e0 per la tua linea di prodotti.<\/li>\n<li><strong>Resistenza al calore e durevolezza:<\/strong> Realizzati in robusto vetro borosilicato, questi barattoli di vetro resistenti al calore possono sopportare improvvisi sbalzi di temperatura senza che si formino crepe, il che li rende contenitori perfetti per la conservazione degli alimenti.<\/li>\n<li><strong>Progettazione di facile accesso:<\/strong> Grazie all&#039;apertura larga 150 mm, le operazioni quotidiane all&#039;ingrosso diventano semplici da riempire, pulire e accedere al contenuto.<\/li>\n<\/ol>\n<h2>Specifiche chiave<\/h2>\n<table style=\"border-collapse: collapse; width: 80%; margin-left: auto; margin-right: auto;\" border=\"0\" width=\"360\" cellspacing=\"0\" cellpadding=\"0\">\n<tbody>\n<tr style=\"height: 13.50pt;\">\n<td style=\"height: 13.5pt; width: 54pt; text-align: center;\" width=\"72\" height=\"18\">Capacit\u00e0 (ml)<\/td>\n<td style=\"width: 54pt; text-align: center;\" width=\"72\">Dimensioni (cm)<\/td>\n<td style=\"width: 54pt; text-align: center;\" width=\"72\">Diametro della bocca<\/td>\n<td style=\"width: 54pt; text-align: center;\" width=\"72\">Materiale<\/td>\n<td style=\"width: 54pt; text-align: center;\" width=\"72\">Caratteristiche<\/td>\n<\/tr>\n<tr style=\"height: 13.50pt;\">\n<td style=\"height: 13.5pt; text-align: center;\" align=\"right\" height=\"18\">3200<\/td>\n<td style=\"text-align: center;\">15,0 x 20,0<\/td>\n<td class=\"et2\" style=\"text-align: center;\" rowspan=\"2\">150 millimetri<\/td>\n<td class=\"et2\" style=\"text-align: center;\" rowspan=\"2\">Borosilicato<\/td>\n<td class=\"et2\" style=\"text-align: center;\" rowspan=\"2\">Coperchio dritto da 150 mm<\/td>\n<\/tr>\n<tr style=\"height: 13.50pt;\">\n<td style=\"height: 13.5pt; text-align: center;\" align=\"right\" height=\"18\">4800<\/td>\n<td style=\"text-align: center;\">15,0 x 30,0<\/td>\n<\/tr>\n<\/tbody>\n<\/table>\n<h2>Caso di successo<\/h2>\n<p>Un grossista di ingredienti alimentari, grazie a questi barattoli in vetro borosilicato, alti, rotondi e dai bordi dritti, li ha utilizzati per conservare ed esporre grandi volumi di condimenti in polvere e prodotti secchi. Grazie alla loro elevata trasparenza e alla grande capacit\u00e0, la visibilit\u00e0 dei prodotti negli espositori al dettaglio \u00e8 stata notevolmente migliorata, con un conseguente aumento di circa il 28% delle vendite di SKU simili entro tre mesi dalla loro introduzione.<\/p>\n<p>Inoltre, il cliente ha effettuato altri due ordini all&#039;ingrosso oltre all&#039;ordine iniziale, ottenendo cos\u00ec un tasso di riacquisto superiore al 60% e ha scelto questo tipo di barattolo come soluzione di imballaggio stabile e a lungo termine.<\/p>\n<h2>I tuoi suggerimenti per la personalizzazione<\/h2>\n<p>Questo contenitore per articoli pu\u00f2 essere modificato in modo estremamente flessibile a seconda delle esigenze di vendita del cliente. Ad esempio, \u00e8 possibile stampare le misure del volume lungo il vetro della bottiglia in modo che la capacit\u00e0 sia chiaramente visibile, e il coperchio pu\u00f2 essere in bamb\u00f9, in legno o con un anello di tenuta pi\u00f9 spesso per renderlo pi\u00f9 resistente all&#039;umidit\u00e0. \u00c8 anche possibile apporre un marchio o un logo sul barattolo tramite serigrafia, etichettatura o incisione laser, in modo che i clienti possano facilmente individuarlo.<\/p>","protected":false},"excerpt":{"rendered":"<p>Barattolo di vetro di grandi dimensioni con coperchio da 150 mm in vetro borosilicato ad alto tenore di carbonio. Fornitura diretta dalla fabbrica, supporta la personalizzazione in grandi quantit\u00e0 per gli acquirenti di barattoli all&#039;ingrosso. Campione gratuito.<\/p>","protected":false},"featured_media":3955,"template":"","meta":{"postBodyCss":"","postBodyMargin":[],"postBodyPadding":[],"postBodyBackground":{"backgroundType":"classic","gradient":""}},"product_brand":[],"product_cat":[15,17,61],"product_tag":[68,67,70,69],"class_list":{"0":"post-3957","1":"product","2":"type-product","3":"status-publish","4":"has-post-thumbnail","6":"product_cat-glass-containers","7":"product_cat-glass-jars","8":"product_cat-glass-jars-with-lids","9":"product_tag-borosilicate-glass-jars","10":"product_tag-candy-jars","11":"product_tag-seasoning-jars","12":"product_tag-storage-jars","14":"first","15":"instock","16":"shipping-taxable","17":"product-type-simple"},"jetpack_sharing_enabled":true,"_links":{"self":[{"href":"https:\/\/minghanggroup.com\/it\/wp-json\/wp\/v2\/product\/3957","targetHints":{"allow":["GET"]}}],"collection":[{"href":"https:\/\/minghanggroup.com\/it\/wp-json\/wp\/v2\/product"}],"about":[{"href":"https:\/\/minghanggroup.com\/it\/wp-json\/wp\/v2\/types\/product"}],"wp:featuredmedia":[{"embeddable":true,"href":"https:\/\/minghanggroup.com\/it\/wp-json\/wp\/v2\/media\/3955"}],"wp:attachment":[{"href":"https:\/\/minghanggroup.com\/it\/wp-json\/wp\/v2\/media?parent=3957"}],"wp:term":[{"taxonomy":"product_brand","embeddable":true,"href":"https:\/\/minghanggroup.com\/it\/wp-json\/wp\/v2\/product_brand?post=3957"},{"taxonomy":"product_cat","embeddable":true,"href":"https:\/\/minghanggroup.com\/it\/wp-json\/wp\/v2\/product_cat?post=3957"},{"taxonomy":"product_tag","embeddable":true,"href":"https:\/\/minghanggroup.com\/it\/wp-json\/wp\/v2\/product_tag?post=3957"}],"curies":[{"name":"wp","href":"https:\/\/api.w.org\/{rel}","templated":true}]}}