{"id":3939,"date":"2025-12-19T10:16:20","date_gmt":"2025-12-19T02:16:20","guid":{"rendered":"https:\/\/minghanggroup.com\/?post_type=product&#038;p=3939"},"modified":"2026-01-20T13:39:51","modified_gmt":"2026-01-20T05:39:51","slug":"square-borosilicate-storage-jars-with-flat-lid-wholesale","status":"publish","type":"product","link":"https:\/\/minghanggroup.com\/it\/prodotto\/square-borosilicate-storage-jars-with-flat-lid-wholesale\/","title":{"rendered":"Barattoli di conservazione in borosilicato quadrati da 600 ml a 1400 ml con coperchio piatto all&#039;ingrosso"},"content":{"rendered":"<p>Il tuo marchio merita un packaging curato, realizzato con materiali di alta qualit\u00e0 che mantengano la freschezza dei prodotti e ne facciano risaltare l&#039;immagine. Progettiamo barattoli di vetro all&#039;ingrosso che hanno successo anche in grandi quantit\u00e0, dove ogni barattolo racconta la storia del tuo prodotto.<\/p>\n<h2>Caratteristiche del prodotto<\/h2>\n<ol>\n<li><strong>Capacit\u00e0 di archiviazione versatile: <\/strong>Utilizza questi barattoli di vetro quadrati per conservare miele, sciroppo, salse o prodotti secchi: una soluzione perfetta per qualsiasi esigenza della tua linea di prodotti.<\/li>\n<li><strong>Resistenza al calore: <\/strong>Realizzati in robusto vetro borosilicato, questi barattoli in vetro resistenti al calore possono sopportare sbalzi di temperatura senza rompersi, quindi sono adatti alla conservazione a caldo.<\/li>\n<li><strong>Design con visibilit\u00e0 chiara: <\/strong>Un contenitore trasparente consente di vedere immediatamente il contenuto, semplificando notevolmente la gestione dell&#039;inventario per le operazioni all&#039;ingrosso.<\/li>\n<li><strong>Design a bocca piatta: <\/strong>Il diametro di apertura della lattina \u00e8 uguale a quello del corpo della bottiglia, rendendo pi\u00f9 comodo l&#039;inserimento e l&#039;estrazione dei materiali. Inoltre, la struttura a bocca piatta facilita la pulizia e il riempimento, riducendo cos\u00ec i residui negli angoli morti.<\/li>\n<\/ol>\n<h2>Specifiche chiave<\/h2>\n<table style=\"border-collapse: collapse; width: 80%; margin-left: auto; margin-right: auto;\" border=\"0\" width=\"360\" cellspacing=\"0\" cellpadding=\"0\">\n<tbody>\n<tr style=\"height: 13.50pt;\">\n<td style=\"height: 13.5pt; width: 54pt; text-align: center;\" width=\"72\" height=\"18\">Capacit\u00e0 (ml)<\/td>\n<td style=\"width: 54pt; text-align: center;\" width=\"72\">Dimensioni (cm)<\/td>\n<td style=\"width: 54pt; text-align: center;\" width=\"72\">Diametro della bocca (mm)<\/td>\n<td style=\"width: 54pt; text-align: center;\" width=\"72\">Materiale<\/td>\n<td style=\"width: 54pt; text-align: center;\" width=\"72\">Caratteristiche<\/td>\n<\/tr>\n<tr style=\"height: 13.50pt;\">\n<td style=\"height: 13.5pt; text-align: center;\" align=\"right\" height=\"18\">600<\/td>\n<td style=\"text-align: center;\">10 x 10 x 10,5<\/td>\n<td class=\"et2\" style=\"text-align: center;\" rowspan=\"5\">94\u00d7100<\/td>\n<td class=\"et2\" style=\"text-align: center;\" rowspan=\"5\">Borosilicato<\/td>\n<td class=\"et2\" style=\"text-align: center;\" rowspan=\"5\">Quadrato, con lati dritti<\/td>\n<\/tr>\n<tr style=\"height: 13.50pt;\">\n<td style=\"height: 13.5pt; text-align: center;\" align=\"right\" height=\"18\">800<\/td>\n<td style=\"text-align: center;\">10 x 10 x 13<\/td>\n<\/tr>\n<tr style=\"height: 13.50pt;\">\n<td style=\"height: 13.5pt; text-align: center;\" align=\"right\" height=\"18\">1000<\/td>\n<td style=\"text-align: center;\">10 x 10 x 16<\/td>\n<\/tr>\n<tr style=\"height: 13.50pt;\">\n<td style=\"height: 13.5pt; text-align: center;\" align=\"right\" height=\"18\">1200<\/td>\n<td style=\"text-align: center;\">10 x 10 x 19<\/td>\n<\/tr>\n<tr style=\"height: 13.50pt;\">\n<td style=\"height: 13.5pt; text-align: center;\" align=\"right\" height=\"18\">1400<\/td>\n<td style=\"text-align: center;\">10 x 10 x 21<\/td>\n<\/tr>\n<\/tbody>\n<\/table>\n<h2>Caso di successo<\/h2>\n<p>Come parte del progetto di ammodernamento di un marchio transfrontaliero di arredamento per la casa, utilizzato per i suoi originali barattoli rotondi in vetro ordinario, questi barattoli quadrati in vetro borosilicato a bocca piatta sono stati la principale novit\u00e0. Grazie alla migliore tenuta e all&#039;esposizione pi\u00f9 accattivante offerta dalla struttura a bocca piatta, il tasso di conversione dei clienti nella categoria contenitori per la cucina sulla piattaforma e-commerce \u00e8 aumentato di circa il 28% entro tre mesi dal lancio, e anche il tasso di riacquisto dell&#039;intero set di barattoli \u00e8 aumentato di quasi il 35%. Molti consumatori finali hanno affermato che il design a bocca piatta era pi\u00f9 comodo da pulire e pi\u00f9 stabile da impilare, quindi questa serie \u00e8 diventata molto rapidamente il prodotto di punta a lungo termine del marchio e il cliente \u00e8 stato motivato a effettuare altri due ordini all&#039;ingrosso entro sei mesi.<\/p>\n<h2>I tuoi suggerimenti per la personalizzazione<\/h2>\n<p>I dettagli di questi barattoli di vetro borosilicato quadrati e a bocca piatta, realizzati su misura, possono essere modificati in modo flessibile a seconda del mercato di riferimento e dello scenario di utilizzo. Ad esempio, \u00e8 possibile scegliere un vetro borosilicato con una maggiore trasmissione luminosa e ottimizzare le dimensioni dei barattoli di vetro all&#039;ingrosso per rendere gli espositori per la vendita al dettaglio di prodotti alimentari o le confezioni regalo visivamente pi\u00f9 curati e accattivanti; per quanto riguarda il coperchio, oltre alla struttura a bocca piatta, \u00e8 possibile modificare vari materiali o colori degli anelli di tenuta e del trattamento superficiale del coperchio per garantire una maggiore riconoscibilit\u00e0 del marchio.<\/p>","protected":false},"excerpt":{"rendered":"<p>Barattoli di vetro all&#039;ingrosso in vetro borosilicato ad alto tenore di carbonio. Questi barattoli sono personalizzabili e venduti all&#039;ingrosso per marchi e rivenditori. Vendita diretta in fabbrica!<\/p>","protected":false},"featured_media":3944,"template":"","meta":{"postBodyCss":"","postBodyMargin":[],"postBodyPadding":[],"postBodyBackground":{"backgroundType":"classic","gradient":""}},"product_brand":[],"product_cat":[15,17,61],"product_tag":[68,67,70,69],"class_list":{"0":"post-3939","1":"product","2":"type-product","3":"status-publish","4":"has-post-thumbnail","6":"product_cat-glass-containers","7":"product_cat-glass-jars","8":"product_cat-glass-jars-with-lids","9":"product_tag-borosilicate-glass-jars","10":"product_tag-candy-jars","11":"product_tag-seasoning-jars","12":"product_tag-storage-jars","14":"first","15":"instock","16":"shipping-taxable","17":"product-type-simple"},"jetpack_sharing_enabled":true,"_links":{"self":[{"href":"https:\/\/minghanggroup.com\/it\/wp-json\/wp\/v2\/product\/3939","targetHints":{"allow":["GET"]}}],"collection":[{"href":"https:\/\/minghanggroup.com\/it\/wp-json\/wp\/v2\/product"}],"about":[{"href":"https:\/\/minghanggroup.com\/it\/wp-json\/wp\/v2\/types\/product"}],"wp:featuredmedia":[{"embeddable":true,"href":"https:\/\/minghanggroup.com\/it\/wp-json\/wp\/v2\/media\/3944"}],"wp:attachment":[{"href":"https:\/\/minghanggroup.com\/it\/wp-json\/wp\/v2\/media?parent=3939"}],"wp:term":[{"taxonomy":"product_brand","embeddable":true,"href":"https:\/\/minghanggroup.com\/it\/wp-json\/wp\/v2\/product_brand?post=3939"},{"taxonomy":"product_cat","embeddable":true,"href":"https:\/\/minghanggroup.com\/it\/wp-json\/wp\/v2\/product_cat?post=3939"},{"taxonomy":"product_tag","embeddable":true,"href":"https:\/\/minghanggroup.com\/it\/wp-json\/wp\/v2\/product_tag?post=3939"}],"curies":[{"name":"wp","href":"https:\/\/api.w.org\/{rel}","templated":true}]}}