{"id":3938,"date":"2025-12-19T09:06:50","date_gmt":"2025-12-19T01:06:50","guid":{"rendered":"https:\/\/minghanggroup.com\/?post_type=product&#038;p=3938"},"modified":"2026-01-20T13:40:49","modified_gmt":"2026-01-20T05:40:49","slug":"clear-jars-with-wooden-lids-for-food-storage-bulk","status":"publish","type":"product","link":"https:\/\/minghanggroup.com\/it\/prodotto\/clear-jars-with-wooden-lids-for-food-storage-bulk\/","title":{"rendered":"Barattoli trasparenti da 250 ml a 1550 ml con coperchi in legno per la conservazione di alimenti sfusi"},"content":{"rendered":"<p>Questi barattoli con coperchio in legno sono realizzati in vetro borosilicato trasparente. Per garantire stabilit\u00e0, sono stati utilizzati bordi arrotondati e un fondo leggermente rialzato. Sono abbinati a caldi coperchi con venature del legno e texture naturali, cos\u00ec da poter conservare al meglio gli oggetti pi\u00f9 comuni e trasformarli in una piacevole aggiunta a qualsiasi ambiente.<\/p>\n<h2>Caratteristiche del prodotto<\/h2>\n<ul>\n<li><strong>Propriet\u00e0 del vetro borosilicato ad alta densit\u00e0:<\/strong> I barattoli sono realizzati in vetro borosilicato di alta qualit\u00e0, che li rende resistenti agli sbalzi di temperatura, inodori e durevoli, garantendo cos\u00ec la conservazione sicura di alimenti sia caldi che freddi.<\/li>\n<li><strong>Design del coperchio piatto effetto legno:<\/strong> Il coperchio piatto con venature del legno, dalla texture naturale e realizzato in un unico pezzo, unisce le caratteristiche di tenuta al lato estetico, migliorando non solo l&#039;aspetto generale della casa, ma anche l&#039;apertura e la chiusura.<\/li>\n<li><strong>Stabilit\u00e0 del fondo rialzata:<\/strong> La struttura arrotondata con fondo rialzato contribuisce alla stabilit\u00e0, quindi posizionarli su scrivanie, armadi o altri luoghi espositivi non causer\u00e0 il ribaltamento.<\/li>\n<\/ul>\n<h2 style=\"text-align: left;\">Specifiche chiave<\/h2>\n<table class=\"aligncenter\" style=\"border-collapse: collapse; width: 494.27pt;\" border=\"0\" width=\"100%\" cellspacing=\"0\" cellpadding=\"0\">\n<tbody>\n<tr style=\"height: 13.50pt;\">\n<td style=\"height: 13.50pt; width: 150.00pt;\" width=\"200\" height=\"18\">Caratteristica<\/td>\n<td style=\"width: 344.25pt;\" width=\"459\">Dettagli<\/td>\n<\/tr>\n<tr style=\"height: 13.50pt;\">\n<td style=\"height: 13.50pt;\" height=\"18\">Capacit\u00e0<\/td>\n<td>250 ml \/ 450 ml \/ 750 ml \/ 950 ml \/ 1550 ml<\/td>\n<\/tr>\n<tr style=\"height: 13.50pt;\">\n<td style=\"height: 13.50pt;\" height=\"18\">Dimensioni<\/td>\n<td>7\u00d79 cm \/ 10\u00d79 cm \/ 15\u00d79 cm \/ 19\u00d79 cm \/ 29,5\u00d79 cm<\/td>\n<\/tr>\n<tr style=\"height: 13.50pt;\">\n<td style=\"height: 13.50pt;\" height=\"18\">Materiale<\/td>\n<td>Vetro borosilicato alto<\/td>\n<\/tr>\n<tr style=\"height: 13.50pt;\">\n<td style=\"height: 13.50pt;\" height=\"18\">Tipo di coperchio<\/td>\n<td>Coperchio piatto in legno con venature naturali, incastro<\/td>\n<\/tr>\n<tr style=\"height: 13.50pt;\">\n<td style=\"height: 13.50pt;\" height=\"18\">Diametro del coperchio<\/td>\n<td>90 mm (standard per tutte le dimensioni)<\/td>\n<\/tr>\n<tr style=\"height: 13.50pt;\">\n<td style=\"height: 13.50pt;\" height=\"18\">Vantaggi del borosilicato<\/td>\n<td>Resiste agli shock termici (\u0394T \u2265 150\u00b0C), chimicamente inerte<\/td>\n<\/tr>\n<tr style=\"height: 13.50pt;\">\n<td style=\"height: 13.50pt;\" height=\"18\">Ideale per<\/td>\n<td>Barattoli con coperchi in legno, contenitori per alimenti con coperchi<\/td>\n<\/tr>\n<\/tbody>\n<\/table>\n<h2>Storia di successo: la storia di successo del visual merchandising di un rivenditore di generi alimentari<\/h2>\n<p>Utilizzando la nostra linea completa di barattoli trasparenti, un rivenditore di prodotti alimentari specializzati ha valorizzato visivamente il suo reparto di prodotti secchi sfusi, ottenendo un ordine iniziale di 8.000 unit\u00e0. Il risultato \u00e8 stato eccellente: i barattoli in vetro borosilicato sono molto resistenti, riducendo dell&#039;80% il rischio di rottura, causa principale del processo di manipolazione e pulizia. I coperchi con finitura effetto legno offrono una tenuta superiore del 60% per prodotti come caff\u00e8 e spezie. L&#039;esclusivo design con fondo arrotondato rende il ripiano pi\u00f9 stabile e riduce il rischio di ribaltamento fino al 95%. Il cliente \u00e8 rimasto cos\u00ec soddisfatto delle prestazioni del prodotto che ha effettuato un ulteriore ordine di 150.000 barattoli in vetro per l&#039;intera catena di confezionamento.<\/p>\n<h2>Possibilit\u00e0 di personalizzazione dei barattoli con coperchi in legno<\/h2>\n<ul>\n<li>Sostituendo il coperchio in legno con un coperchio massiccio in bamb\u00f9, faggio o acacia.<\/li>\n<li>Incisione sul coperchio: incisione laser di loghi, motivi o testi del cliente sulla superficie del coperchio in legno.<\/li>\n<li>Marcature sfumate serigrafate: marcature di capacit\u00e0 sottili e permanenti stampate sul lato del barattolo.<\/li>\n<li>Base satinata: un&#039;elegante finitura opaca sulla base rialzata, ottenuta tramite un processo di sabbiatura.<\/li>\n<li>Anelli di tenuta in silicone colorati: \u00e8 possibile scegliere tra una variet\u00e0 di colori per anelli di tenuta interni in silicone per uso alimentare.<\/li>\n<\/ul>","protected":false},"excerpt":{"rendered":"<p>Barattoli di alta qualit\u00e0 con coperchi in legno, barattoli trasparenti in vetro borosilicato cristallino, di diverse dimensioni, ideali per la dispensa. Campioni gratuiti disponibili.<\/p>","protected":false},"featured_media":3941,"template":"","meta":{"postBodyCss":"","postBodyMargin":[],"postBodyPadding":[],"postBodyBackground":{"backgroundType":"classic","gradient":""}},"product_brand":[],"product_cat":[15,17,61],"product_tag":[68,67,70,69],"class_list":{"0":"post-3938","1":"product","2":"type-product","3":"status-publish","4":"has-post-thumbnail","6":"product_cat-glass-containers","7":"product_cat-glass-jars","8":"product_cat-glass-jars-with-lids","9":"product_tag-borosilicate-glass-jars","10":"product_tag-candy-jars","11":"product_tag-seasoning-jars","12":"product_tag-storage-jars","14":"first","15":"instock","16":"shipping-taxable","17":"product-type-simple"},"jetpack_sharing_enabled":true,"_links":{"self":[{"href":"https:\/\/minghanggroup.com\/it\/wp-json\/wp\/v2\/product\/3938","targetHints":{"allow":["GET"]}}],"collection":[{"href":"https:\/\/minghanggroup.com\/it\/wp-json\/wp\/v2\/product"}],"about":[{"href":"https:\/\/minghanggroup.com\/it\/wp-json\/wp\/v2\/types\/product"}],"wp:featuredmedia":[{"embeddable":true,"href":"https:\/\/minghanggroup.com\/it\/wp-json\/wp\/v2\/media\/3941"}],"wp:attachment":[{"href":"https:\/\/minghanggroup.com\/it\/wp-json\/wp\/v2\/media?parent=3938"}],"wp:term":[{"taxonomy":"product_brand","embeddable":true,"href":"https:\/\/minghanggroup.com\/it\/wp-json\/wp\/v2\/product_brand?post=3938"},{"taxonomy":"product_cat","embeddable":true,"href":"https:\/\/minghanggroup.com\/it\/wp-json\/wp\/v2\/product_cat?post=3938"},{"taxonomy":"product_tag","embeddable":true,"href":"https:\/\/minghanggroup.com\/it\/wp-json\/wp\/v2\/product_tag?post=3938"}],"curies":[{"name":"wp","href":"https:\/\/api.w.org\/{rel}","templated":true}]}}