{"id":3932,"date":"2025-12-17T10:47:24","date_gmt":"2025-12-17T02:47:24","guid":{"rendered":"https:\/\/minghanggroup.com\/?post_type=product&#038;p=3932"},"modified":"2026-03-02T15:24:51","modified_gmt":"2026-03-02T07:24:51","slug":"square-borosilicate-large-glass-jars-with-lids-spoons-bulk","status":"publish","type":"product","link":"https:\/\/minghanggroup.com\/it\/prodotto\/square-borosilicate-large-glass-jars-with-lids-spoons-bulk\/","title":{"rendered":"Barattoli quadrati in vetro borosilicato da 800 ml a 1200 ml con coperchi e cucchiai, sfusi"},"content":{"rendered":"<p>I grandi barattoli di vetro con coperchio non servono solo a conservare i prodotti: devono valorizzare l&#039;immagine del tuo marchio e proteggerne la qualit\u00e0 allo stesso tempo. Produciamo barattoli di vetro di alta qualit\u00e0, progettati per mantenere il contenuto fresco, presentabile e pronto per essere esposto sugli scaffali, aiutando il tuo marchio a distinguersi nei competitivi mercati al dettaglio e all&#039;ingrosso.<\/p>\n<h2>Caratteristiche del prodotto<\/h2>\n<ol>\n<li><strong>Versatile spazio di archiviazione: <\/strong>Questi grandi barattoli quadrati in vetro con coperchio possono contenere di tutto, dal miele alle salse, dai chicchi di caff\u00e8 ai prodotti secchi: perfetti per qualsiasi soluzione di conservazione.<\/li>\n<li><strong>Resistenza al calore: <\/strong>Realizzati in resistente vetro borosilicato, questi barattoli in vetro resistenti al calore sopportano gli sbalzi di temperatura senza rompersi: sono ideali per la conservazione degli alimenti.<\/li>\n<li><strong>Design facile da usare: <\/strong>Grazie all&#039;ampia apertura e al cucchiaio incluso, riempire, pulire e servire \u00e8 semplicissimo, per le tue esigenze di conservazione quotidiane.<\/li>\n<\/ol>\n<h2>Specifiche chiave<\/h2>\n<table style=\"border-collapse: collapse; width: 80%; margin-left: auto; margin-right: auto;\" border=\"0\" width=\"360\" cellspacing=\"0\" cellpadding=\"0\">\n<tbody>\n<tr style=\"height: 13.50pt;\">\n<td style=\"height: 13.5pt; width: 54pt; text-align: center;\" width=\"72\" height=\"18\">Capacit\u00e0 (ml)<\/td>\n<td style=\"width: 54pt; text-align: center;\" width=\"72\">Dimensioni (cm)<\/td>\n<td style=\"width: 54.00pt;\" width=\"72\">Materiale<\/td>\n<td style=\"width: 54.00pt;\" width=\"72\">Caratteristiche<\/td>\n<td style=\"width: 54.00pt;\" width=\"72\">Diametro<\/td>\n<\/tr>\n<tr style=\"height: 13.50pt;\">\n<td style=\"height: 13.5pt; text-align: center;\" height=\"18\">800<\/td>\n<td style=\"text-align: center;\">10 x 10 x 13<\/td>\n<td class=\"et2\" rowspan=\"3\">Vetro borosilicato<\/td>\n<td class=\"et2\" rowspan=\"3\">Quadrato, con cucchiaio<\/td>\n<td class=\"et2\" rowspan=\"3\">100 millimetri<\/td>\n<\/tr>\n<tr style=\"height: 13.50pt;\">\n<td style=\"height: 13.5pt; text-align: center;\" height=\"18\">1000 (1 quarto)<\/td>\n<td style=\"text-align: center;\">10 x 10 x 16<\/td>\n<\/tr>\n<tr style=\"height: 13.50pt;\">\n<td style=\"height: 13.5pt; text-align: center;\" height=\"18\">1200 (40 once)<\/td>\n<td style=\"text-align: center;\">10 x 10 x 19<\/td>\n<\/tr>\n<\/tbody>\n<\/table>\n<h2>Caso di successo<\/h2>\n<p>Dopo che un rivenditore europeo di arredamento per la casa ha introdotto questi grandi barattoli in vetro borosilicato quadrati, con coperchio e coperchio piatto, li ha presentati in modo prominente come elemento espositivo principale per chicchi di caff\u00e8 e prodotti secchi. La serie ha registrato un aumento sostanziale dei tassi di conversione sia offline che online grazie al vetro borosilicato trasparente, al coperchio standard in bamb\u00f9 da 100 mm e al design distintivo che includeva un cucchiaio di legno incorporato.<\/p>\n<p>Entro il terzo mese dal lancio, le vendite di questo tipo di barattoli per la conservazione erano aumentate di circa il 38% su base annua e il cliente aveva effettuato altri due ordini dopo aver completato il primo.<\/p>\n<h2>I tuoi suggerimenti per la personalizzazione<\/h2>\n<p>Questi grandi barattoli in vetro borosilicato ad alto contenuto di borosilicato possono essere personalizzati modificando in modo flessibile la capacit\u00e0 e regolando il rapporto dell&#039;altezza del barattolo in base al posizionamento sul mercato di riferimento, per poter utilizzare contenuti diversi come chicchi di caff\u00e8, foglie di t\u00e8 e cereali. Inoltre, \u00e8 possibile scegliere diverse venature del legno di bamb\u00f9 o trattamenti superficiali per il coperchio da 100 mm al fine di rafforzare lo stile del marchio. Il corpo del barattolo pu\u00f2 essere dotato di un&#039;area riservata per la serigrafia o la marcatura laser per la visibilit\u00e0 del marchio, mentre la lunghezza del manico del cucchiaio e il metodo di fissaggio possono essere modificati in base alla frequenza di utilizzo del canale di vendita al dettaglio o di ristorazione, per poter sfruttare al meglio l&#039;occasione. Pertanto, \u00e8 possibile ottenere un livello pi\u00f9 elevato di differenziazione del prodotto esposto e una migliore efficacia espositiva, mantenendo comunque intatta la funzionalit\u00e0.<\/p>","protected":false},"excerpt":{"rendered":"<p>Grandi barattoli in vetro con coperchi in vetro borosilicato ad alto spessore. Produttore specializzato in soluzioni per la conservazione in cucina, personalizzate e all&#039;ingrosso. Campione gratuito.<\/p>","protected":false},"featured_media":3933,"template":"","meta":{"postBodyCss":"","postBodyMargin":[],"postBodyPadding":[],"postBodyBackground":{"backgroundType":"classic","gradient":""}},"product_brand":[],"product_cat":[15,17,61],"product_tag":[68,67,100,70,69],"class_list":{"0":"post-3932","1":"product","2":"type-product","3":"status-publish","4":"has-post-thumbnail","6":"product_cat-glass-containers","7":"product_cat-glass-jars","8":"product_cat-glass-jars-with-lids","9":"product_tag-borosilicate-glass-jars","10":"product_tag-candy-jars","11":"product_tag-glass-coffee-jars","12":"product_tag-seasoning-jars","13":"product_tag-storage-jars","15":"first","16":"instock","17":"shipping-taxable","18":"product-type-simple"},"jetpack_sharing_enabled":true,"_links":{"self":[{"href":"https:\/\/minghanggroup.com\/it\/wp-json\/wp\/v2\/product\/3932","targetHints":{"allow":["GET"]}}],"collection":[{"href":"https:\/\/minghanggroup.com\/it\/wp-json\/wp\/v2\/product"}],"about":[{"href":"https:\/\/minghanggroup.com\/it\/wp-json\/wp\/v2\/types\/product"}],"wp:featuredmedia":[{"embeddable":true,"href":"https:\/\/minghanggroup.com\/it\/wp-json\/wp\/v2\/media\/3933"}],"wp:attachment":[{"href":"https:\/\/minghanggroup.com\/it\/wp-json\/wp\/v2\/media?parent=3932"}],"wp:term":[{"taxonomy":"product_brand","embeddable":true,"href":"https:\/\/minghanggroup.com\/it\/wp-json\/wp\/v2\/product_brand?post=3932"},{"taxonomy":"product_cat","embeddable":true,"href":"https:\/\/minghanggroup.com\/it\/wp-json\/wp\/v2\/product_cat?post=3932"},{"taxonomy":"product_tag","embeddable":true,"href":"https:\/\/minghanggroup.com\/it\/wp-json\/wp\/v2\/product_tag?post=3932"}],"curies":[{"name":"wp","href":"https:\/\/api.w.org\/{rel}","templated":true}]}}