{"id":3922,"date":"2025-12-15T11:39:10","date_gmt":"2025-12-15T03:39:10","guid":{"rendered":"https:\/\/minghanggroup.com\/?post_type=product&#038;p=3922"},"modified":"2025-12-16T11:44:42","modified_gmt":"2025-12-16T03:44:42","slug":"wide-mouth-glass-empty-water-bottles-for-drinking-bulk","status":"publish","type":"product","link":"https:\/\/minghanggroup.com\/it\/prodotto\/wide-mouth-glass-empty-water-bottles-for-drinking-bulk\/","title":{"rendered":"Bottiglie d&#039;acqua vuote in vetro a bocca larga da 550 ml per bere all&#039;ingrosso"},"content":{"rendered":"<p>Basta usare bottiglie di plastica che si rompono facilmente e fanno sembrare il tuo marchio scadente. Produciamo borracce di alta qualit\u00e0 che non solo mantengono la tua idratazione fresca, ma fanno anche risaltare il tuo marchio. Queste borracce vuote personalizzate sono la scelta migliore per raggiungere il successo nel commercio all&#039;ingrosso.<\/p>\n<h2>Caratteristiche del prodotto<\/h2>\n<ol>\n<li><strong>Comodit\u00e0 della bocca larga: <\/strong>Grazie all&#039;apertura larga 38 mm, puoi riempire, pulire e aggiungere frutta o foglie di t\u00e8 all&#039;acqua in un attimo, per soddisfare la tua assunzione giornaliera di acqua.<\/li>\n<li><strong>Vetro borosilicato resistente: <\/strong>Il prodotto \u00e8 realizzato in resistente vetro borosilicato, lavabile in lavastoviglie, adatto al congelatore e resistente agli shock termici: non ci saranno pi\u00f9 perdite o rotture.<\/li>\n<li><strong>Design dritto ed elegante: <\/strong>Il design lineare e minimale preserva la freschezza dell&#039;acqua e allo stesso tempo consente di vedere cosa c&#039;\u00e8 dentro.<\/li>\n<li><strong>Coperchio in acciaio inossidabile: <\/strong>Il coperchio ermetico in acciaio inossidabile mantiene la tua bevanda al sicuro, rendendola facile da trasportare e a prova di perdite.<\/li>\n<\/ol>\n<h2>Specifiche chiave<\/h2>\n<table style=\"border-collapse: collapse; width: 80%; margin-left: auto; margin-right: auto;\" border=\"0\" width=\"360\" cellspacing=\"0\" cellpadding=\"0\">\n<tbody>\n<tr style=\"height: 13.50pt;\">\n<td style=\"height: 13.5pt; width: 54pt; text-align: center;\" width=\"72\" height=\"18\">Capacit\u00e0<\/td>\n<td style=\"width: 54pt; text-align: center;\" width=\"72\">Dimensioni (cm)<\/td>\n<td style=\"width: 54pt; text-align: center;\" width=\"72\">Diametro<\/td>\n<td style=\"width: 54pt; text-align: center;\" width=\"72\">Materiale<\/td>\n<td style=\"width: 54pt; text-align: center;\" width=\"72\">Colore<\/td>\n<\/tr>\n<tr style=\"height: 13.50pt;\">\n<td style=\"height: 13.5pt; text-align: center;\" height=\"18\">550 ml<\/td>\n<td style=\"text-align: center;\">6,6\u00d722,3<\/td>\n<td style=\"text-align: center;\">38 millimetri<\/td>\n<td style=\"text-align: center;\">Borosilicato<\/td>\n<td style=\"text-align: center;\">Trasparente o personalizzato<\/td>\n<\/tr>\n<\/tbody>\n<\/table>\n<h2>Caso di successo<\/h2>\n<p>Un&#039;azienda locale di bevande ha deciso che queste bottiglie d&#039;acqua a bocca larga sarebbero state il contenitore ideale per presentare la sua linea di caff\u00e8 freddo e tisane. Il design a bocca larga ha reso il riempimento molto rapido e il corpo pesante e robusto della bottiglia ha ridotto notevolmente i rischi di rottura durante il trasporto e il trasporto in negozio. Inoltre, l&#039;estrema trasparenza del vetro rendeva visibili il colore del prodotto e gli ingredienti al suo interno, un ottimo modo per attirare i clienti in negozio.<\/p>\n<p>Dopo l&#039;introduzione del prodotto sul mercato, il flusso nei negozi \u00e8 diventato pi\u00f9 rapido e gli ordini ripetuti hanno continuato ad arrivare.<\/p>\n<h2>I tuoi suggerimenti per la personalizzazione<\/h2>\n<p>Personalizzando queste bottiglie d&#039;acqua con apertura grande, puoi scegliere tra tappi a vite in metallo, tappi in plastica o tappi sigillanti in silicone, a seconda delle esigenze: consumo diretto, trasporto in viaggio o conservazione. Il corpo della bottiglia pu\u00f2 essere stampato tramite serigrafia, etichettatura o finitura satinata per promuovere il riconoscimento del marchio e pu\u00f2 essere corredato da diversi accessori come infusori per il t\u00e8, cannucce o guaine protettive.<\/p>","protected":false},"excerpt":{"rendered":"<p>Bottiglie d&#039;acqua vuote in vetro trasparente, ideali per riempire bevande. Produttore specializzato in bottiglie d&#039;acqua personalizzate e all&#039;ingrosso.<\/p>","protected":false},"featured_media":3924,"template":"","meta":{"postBodyCss":"","postBodyMargin":[],"postBodyPadding":[],"postBodyBackground":{"backgroundType":"classic","gradient":""}},"product_brand":[],"product_cat":[15,16,60],"product_tag":[],"class_list":{"0":"post-3922","1":"product","2":"type-product","3":"status-publish","4":"has-post-thumbnail","6":"product_cat-glass-containers","7":"product_cat-glass-bottles","8":"product_cat-water-bottles","10":"first","11":"instock","12":"shipping-taxable","13":"product-type-simple"},"jetpack_sharing_enabled":true,"_links":{"self":[{"href":"https:\/\/minghanggroup.com\/it\/wp-json\/wp\/v2\/product\/3922","targetHints":{"allow":["GET"]}}],"collection":[{"href":"https:\/\/minghanggroup.com\/it\/wp-json\/wp\/v2\/product"}],"about":[{"href":"https:\/\/minghanggroup.com\/it\/wp-json\/wp\/v2\/types\/product"}],"wp:featuredmedia":[{"embeddable":true,"href":"https:\/\/minghanggroup.com\/it\/wp-json\/wp\/v2\/media\/3924"}],"wp:attachment":[{"href":"https:\/\/minghanggroup.com\/it\/wp-json\/wp\/v2\/media?parent=3922"}],"wp:term":[{"taxonomy":"product_brand","embeddable":true,"href":"https:\/\/minghanggroup.com\/it\/wp-json\/wp\/v2\/product_brand?post=3922"},{"taxonomy":"product_cat","embeddable":true,"href":"https:\/\/minghanggroup.com\/it\/wp-json\/wp\/v2\/product_cat?post=3922"},{"taxonomy":"product_tag","embeddable":true,"href":"https:\/\/minghanggroup.com\/it\/wp-json\/wp\/v2\/product_tag?post=3922"}],"curies":[{"name":"wp","href":"https:\/\/api.w.org\/{rel}","templated":true}]}}