{"id":3916,"date":"2025-12-12T09:23:52","date_gmt":"2025-12-12T01:23:52","guid":{"rendered":"https:\/\/minghanggroup.com\/?post_type=product&#038;p=3916"},"modified":"2026-01-20T13:49:27","modified_gmt":"2026-01-20T05:49:27","slug":"empty-cylinder-small-glass-storage-jars-with-lids-bulk","status":"publish","type":"product","link":"https:\/\/minghanggroup.com\/it\/prodotto\/empty-cylinder-small-glass-storage-jars-with-lids-bulk\/","title":{"rendered":"Barattoli di vetro piccoli per la conservazione con coperchio, cilindrici vuoti da 45 ml, 60 ml, 100 ml e 130 ml, sfusi"},"content":{"rendered":"<p>Questi eleganti e semplici barattoli in vetro con coperchio sono realizzati in vetro trasparente e di forma cilindrica. Grazie al design compatto e alla chiusura ermetica, rappresentano la soluzione ideale per conservare piccoli oggetti di vario genere, che si desidera conservare in modo ordinato.<\/p>\n<h2>Caratteristiche del prodotto<\/h2>\n<ul>\n<li><strong>Forma cilindrica sottile:<\/strong> L&#039;interazione tra il vetro trasparente e la sottile forma cilindrica mette in risalto in modo efficace lo spazio di archiviazione, consentendo di vedere immediatamente il contenuto.<\/li>\n<li><strong>Design di tenuta a scatto:<\/strong> La chiusura ermetica \u00e8 garantita in modo eccellente da un coperchio metallico a scatto, quindi \u00e8 una buona idea conservare piccoli liquidi e alimenti secchi in quantit\u00e0 limitate.<\/li>\n<li><strong>Disponibili diverse capacit\u00e0:<\/strong> \u00c8 possibile soddisfare diverse esigenze di archiviazione con quattro diverse opzioni di capacit\u00e0.<\/li>\n<\/ul>\n<h2 style=\"text-align: left;\">Specifiche chiave<\/h2>\n<table class=\"aligncenter\" style=\"border-collapse: collapse; width: 413.27pt;\" border=\"0\" width=\"551\" cellspacing=\"0\" cellpadding=\"0\">\n<tbody>\n<tr style=\"height: 13.50pt;\">\n<td style=\"height: 13.50pt; width: 86.25pt;\" width=\"115\" height=\"18\">Specifica<\/td>\n<td style=\"width: 327.00pt;\" width=\"436\">Dettagli<\/td>\n<\/tr>\n<tr style=\"height: 13.50pt;\">\n<td style=\"height: 13.50pt;\" height=\"18\">Capacit\u00e0<\/td>\n<td>45 ml \/ 60 ml \/ 100 ml \/ 130 ml<\/td>\n<\/tr>\n<tr style=\"height: 13.50pt;\">\n<td style=\"height: 13.50pt;\" height=\"18\">Dimensioni<\/td>\n<td>4,5\u00d76,5 cm \/ 4,4\u00d78,5 cm \/ 4,4\u00d710,8 cm \/ 4,4\u00d713,2 cm<\/td>\n<\/tr>\n<tr style=\"height: 13.50pt;\">\n<td style=\"height: 13.50pt;\" height=\"18\">Materiale<\/td>\n<td>Vetro trasparente<\/td>\n<\/tr>\n<tr style=\"height: 13.50pt;\">\n<td style=\"height: 13.50pt;\" height=\"18\">Forma del barattolo<\/td>\n<td>Cilindro sottile<\/td>\n<\/tr>\n<tr style=\"height: 13.50pt;\">\n<td style=\"height: 13.50pt;\" height=\"18\">Tipo di coperchio<\/td>\n<td>Coperchio con morsetto in metallo e cauzione in filo metallico<\/td>\n<\/tr>\n<tr style=\"height: 13.50pt;\">\n<td style=\"height: 13.50pt;\" height=\"18\">Ideale per<\/td>\n<td>Piccoli barattoli di vetro per la conservazione, barattolo di vetro con coperchio ermetico<\/td>\n<\/tr>\n<\/tbody>\n<\/table>\n<h2>Storia di successo: la storia di successo del packaging di un marchio di t\u00e8<\/h2>\n<p>Il marchio di t\u00e8 aveva bisogno di un packaging elegante per la serie di campioni appena lanciata. La scelta finale \u00e8 ricaduta sul nostro piccolo barattolo in vetro da 100 ml con coperchio. Di conseguenza, l&#039;ottima tenuta ha prolungato la durata di conservazione del prodotto del 60% rispetto alla vecchia confezione. Il design sottile ha permesso di risparmiare il 35% dello spazio espositivo, aumentando cos\u00ec la variet\u00e0 di prodotti del 50%. Per proseguire con questo successo, l&#039;azienda ha ordinato altre 300.000 unit\u00e0 di barattoli in vetro per i mercati esteri.<\/p>\n<h2>Barattolo di vetro con coperchio - Opzioni di personalizzazione<\/h2>\n<ul>\n<li>Serigrafia del logo del marchio \u2013 Logo del marchio stampato con inchiostro ceramico a lunga durata<\/li>\n<li>Marcature di capacit\u00e0 in rilievo: sono aggiunte piccole linee delicate in rilievo<\/li>\n<li>Opzioni di vetro colorato: sono disponibili vetro ambrato o blu cobalto<\/li>\n<li>Finitura satinata: crea linee opache chic<\/li>\n<\/ul>","protected":false},"excerpt":{"rendered":"<p>Scopri i nostri barattoli in vetro con coperchio e i nostri piccoli barattoli in vetro, pensati per un&#039;organizzazione pulita e sottile. Perfetti per liquidi o spezie, con spedizione veloce.<\/p>","protected":false},"featured_media":3917,"template":"","meta":{"postBodyCss":"","postBodyMargin":[],"postBodyPadding":[],"postBodyBackground":{"backgroundType":"classic","gradient":""}},"product_brand":[],"product_cat":[15,17,59],"product_tag":[66],"class_list":{"0":"post-3916","1":"product","2":"type-product","3":"status-publish","4":"has-post-thumbnail","6":"product_cat-glass-containers","7":"product_cat-glass-jars","8":"product_cat-glass-storage-jars","9":"product_tag-swing-top-jars","11":"first","12":"instock","13":"shipping-taxable","14":"product-type-simple"},"jetpack_sharing_enabled":true,"_links":{"self":[{"href":"https:\/\/minghanggroup.com\/it\/wp-json\/wp\/v2\/product\/3916","targetHints":{"allow":["GET"]}}],"collection":[{"href":"https:\/\/minghanggroup.com\/it\/wp-json\/wp\/v2\/product"}],"about":[{"href":"https:\/\/minghanggroup.com\/it\/wp-json\/wp\/v2\/types\/product"}],"wp:featuredmedia":[{"embeddable":true,"href":"https:\/\/minghanggroup.com\/it\/wp-json\/wp\/v2\/media\/3917"}],"wp:attachment":[{"href":"https:\/\/minghanggroup.com\/it\/wp-json\/wp\/v2\/media?parent=3916"}],"wp:term":[{"taxonomy":"product_brand","embeddable":true,"href":"https:\/\/minghanggroup.com\/it\/wp-json\/wp\/v2\/product_brand?post=3916"},{"taxonomy":"product_cat","embeddable":true,"href":"https:\/\/minghanggroup.com\/it\/wp-json\/wp\/v2\/product_cat?post=3916"},{"taxonomy":"product_tag","embeddable":true,"href":"https:\/\/minghanggroup.com\/it\/wp-json\/wp\/v2\/product_tag?post=3916"}],"curies":[{"name":"wp","href":"https:\/\/api.w.org\/{rel}","templated":true}]}}