{"id":3900,"date":"2025-12-11T11:50:05","date_gmt":"2025-12-11T03:50:05","guid":{"rendered":"https:\/\/minghanggroup.com\/?post_type=product&#038;p=3900"},"modified":"2025-12-12T14:22:39","modified_gmt":"2025-12-12T06:22:39","slug":"custom-double-walled-water-bottles-for-beverage-wholesale","status":"publish","type":"product","link":"https:\/\/minghanggroup.com\/it\/prodotto\/custom-double-walled-water-bottles-for-beverage-wholesale\/","title":{"rendered":"Bottiglie d&#039;acqua personalizzate a doppia parete da 400 ml per la vendita all&#039;ingrosso di bevande"},"content":{"rendered":"<p>Smetti di usare bottiglie di plastica che sono poco resistenti e fanno sembrare il tuo marchio scadente. La nostra serie di bottiglie d&#039;acqua a doppia parete non solo si abbina alle tue bevande, ma \u00e8 anche accattivante per il tuo marchio. Queste bottiglie d&#039;acqua a doppia parete sono perfette da portare con te sulla strada del successo all&#039;ingrosso.<\/p>\n<h2>Caratteristiche del prodotto<\/h2>\n<ul>\n<li><strong>Isolamento a doppio strato: <\/strong>La nostra bottiglia d&#039;acqua a doppia parete \u00e8 in grado di mantenere calde le bevande calde e fredde quelle fredde per un periodo di tempo pi\u00f9 lungo, cos\u00ec puoi continuare a idratarti per tutto il giorno senza che la temperatura si sposti.<\/li>\n<li><strong>Comodit\u00e0 della bocca larga: <\/strong>Grazie all&#039;apertura larga 38 mm, \u00e8 facilissimo da riempire, pulire e aggiungere foglie di t\u00e8 o frutta per la tua assunzione giornaliera di acqua.<\/li>\n<li><strong>Vetro borosilicato di alta qualit\u00e0: <\/strong>Realizzato in resistente vetro borosilicato, lavabile in lavastoviglie, adatto al congelatore e resistente agli shock termici, senza perdite o rotture.<\/li>\n<\/ul>\n<h2>Specifiche chiave<\/h2>\n<table style=\"border-collapse: collapse; width: 80%; margin-left: auto; margin-right: auto;\" border=\"0\" width=\"360\" cellspacing=\"0\" cellpadding=\"0\">\n<tbody>\n<tr style=\"height: 13.50pt;\">\n<td style=\"height: 13.5pt; width: 54pt; text-align: center;\" width=\"72\" height=\"18\">Capacit\u00e0<\/td>\n<td style=\"width: 54pt; text-align: center;\" width=\"72\">Dimensioni (cm)<\/td>\n<td style=\"width: 54pt; text-align: center;\" width=\"72\">Diametro<\/td>\n<td style=\"width: 54pt; text-align: center;\" width=\"72\">Materiale<\/td>\n<td style=\"width: 54pt; text-align: center;\" width=\"72\">Caratteristica<\/td>\n<\/tr>\n<tr style=\"height: 13.50pt;\">\n<td class=\"et2\" style=\"height: 27pt; text-align: center;\" rowspan=\"2\" height=\"36\">400 ml<\/td>\n<td style=\"text-align: center;\">6,6 x 21,5<\/td>\n<td class=\"et2\" style=\"text-align: center;\" rowspan=\"2\">38 millimetri<\/td>\n<td class=\"et2\" style=\"text-align: center;\" rowspan=\"2\">Borosilicato<\/td>\n<td class=\"et2\" style=\"text-align: center;\" rowspan=\"2\">Doppia parete<\/td>\n<\/tr>\n<tr style=\"height: 13.50pt;\">\n<td style=\"text-align: center;\">7,0 x 20,5<\/td>\n<\/tr>\n<\/tbody>\n<\/table>\n<h2>Caso di successo<\/h2>\n<p>Un negozio americano di un marchio di stile di vita sano si \u00e8 rivolto a noi alla ricerca di un prodotto idratante di lusso che potesse migliorare la loro linea di prodotti senza dover affrontare ulteriori controlli di qualit\u00e0. Dopo aver provato i campioni, hanno scelto la nostra bottiglia d&#039;acqua in vetro a doppia parete e bocca larga, perch\u00e9 era molto trasparente, aveva un peso uniforme e le prestazioni di isolamento erano molto stabili. Abbiamo fatto in modo che il colore del tappo della bottiglia assomigliasse a quello del loro marchio e abbiamo aggiunto un elegante logo sabbiato.<\/p>\n<p>Il rivenditore ora ordina da noi ogni trimestre per continuare a rifornire le proprie scorte e ogni volta richiede nuovi tappi colorati e imballaggi migliori.<\/p>\n<h2>I tuoi suggerimenti per la personalizzazione<\/h2>\n<p>Se questo contenitore per l&#039;acqua rispecchia il tuo stile ma ritieni che non si abbini bene al tuo marchio, puoi renderlo pi\u00f9 simile al tuo marchio semplicemente pensando alle parti con cui \u00e8 realizzato: il materiale del coperchio, la struttura del filtro, la capacit\u00e0 e il design esterno. Ad esempio, si pu\u00f2 scegliere un coperchio in metallo spazzolato per migliorarne l&#039;aspetto e la sensazione al tatto; un marchio naturale pu\u00f2 stilizzare il corpo della bottiglia con una finitura satinata o un logo stampato leggero per un look pi\u00f9 orientato alla natura; e se si tratta di un marchio di t\u00e8 o prodotti per la salute, variare la dimensione delle maglie del filtro e lo spessore della doppia parete pu\u00f2 non solo renderlo pi\u00f9 utile, ma anche pi\u00f9 riconoscibile.<\/p>","protected":false},"excerpt":{"rendered":"<p>Fornitore di borracce personalizzate a doppia parete e a doppia faccia, con supporto per ordini all&#039;ingrosso e produzione rapida. Campione gratuito.<\/p>","protected":false},"featured_media":3901,"template":"","meta":{"postBodyCss":"","postBodyMargin":[],"postBodyPadding":[],"postBodyBackground":{"backgroundType":"classic","gradient":""}},"product_brand":[],"product_cat":[15,16,60],"product_tag":[],"class_list":{"0":"post-3900","1":"product","2":"type-product","3":"status-publish","4":"has-post-thumbnail","6":"product_cat-glass-containers","7":"product_cat-glass-bottles","8":"product_cat-water-bottles","10":"first","11":"instock","12":"shipping-taxable","13":"product-type-simple"},"jetpack_sharing_enabled":true,"_links":{"self":[{"href":"https:\/\/minghanggroup.com\/it\/wp-json\/wp\/v2\/product\/3900","targetHints":{"allow":["GET"]}}],"collection":[{"href":"https:\/\/minghanggroup.com\/it\/wp-json\/wp\/v2\/product"}],"about":[{"href":"https:\/\/minghanggroup.com\/it\/wp-json\/wp\/v2\/types\/product"}],"wp:featuredmedia":[{"embeddable":true,"href":"https:\/\/minghanggroup.com\/it\/wp-json\/wp\/v2\/media\/3901"}],"wp:attachment":[{"href":"https:\/\/minghanggroup.com\/it\/wp-json\/wp\/v2\/media?parent=3900"}],"wp:term":[{"taxonomy":"product_brand","embeddable":true,"href":"https:\/\/minghanggroup.com\/it\/wp-json\/wp\/v2\/product_brand?post=3900"},{"taxonomy":"product_cat","embeddable":true,"href":"https:\/\/minghanggroup.com\/it\/wp-json\/wp\/v2\/product_cat?post=3900"},{"taxonomy":"product_tag","embeddable":true,"href":"https:\/\/minghanggroup.com\/it\/wp-json\/wp\/v2\/product_tag?post=3900"}],"curies":[{"name":"wp","href":"https:\/\/api.w.org\/{rel}","templated":true}]}}