{"id":3895,"date":"2025-12-10T17:44:40","date_gmt":"2025-12-10T09:44:40","guid":{"rendered":"https:\/\/minghanggroup.com\/?post_type=product&#038;p=3895"},"modified":"2026-01-20T13:49:55","modified_gmt":"2026-01-20T05:49:55","slug":"small-round-airtight-glass-jars-for-food-storage-bulk","status":"publish","type":"product","link":"https:\/\/minghanggroup.com\/it\/prodotto\/small-round-airtight-glass-jars-for-food-storage-bulk\/","title":{"rendered":"Barattoli di vetro ermetici rotondi da 100 ml per la conservazione di alimenti sfusi"},"content":{"rendered":"<p>Questo barattolo ermetico portatile in vetro ha una forma rettangolare arrotondata ed \u00e8 realizzato in vetro lucido e trasparente. Il barattolo trasparente consente di vedere immediatamente gli snack, le erbe aromatiche o le spezie contenute al suo interno, mentre il robusto coperchio in metallo mantiene intatta la freschezza degli alimenti.<\/p>\n<h2>Caratteristiche del prodotto<\/h2>\n<ul>\n<li><strong>Design distintivo quadrato arrotondato:<\/strong> I lati dolcemente arrotondati uniscono l&#039;aspetto spigoloso alla stabilit\u00e0 funzionale.<\/li>\n<li><strong>Design di tenuta a scatto:<\/strong> Un anello di tenuta in gomma di alta qualit\u00e0 chiude ermeticamente il contenitore, creando cos\u00ec un luogo in cui aria e umidit\u00e0 non possono entrare.<\/li>\n<li><strong>Design comodo e sicuro da usare:<\/strong> La parte curva al centro \u00e8 come una maniglia, con cui puoi tenere facilmente il barattolo di vetro ermetico con una mano, mentre il fondo rettangolare manterr\u00e0 stabile il barattolo se lo metti su un piano di lavoro o in una credenza.<\/li>\n<\/ul>\n<h2 style=\"text-align: left;\">Specifiche chiave<\/h2>\n<table class=\"aligncenter\" style=\"border-collapse: collapse; width: 384.02pt;\" border=\"0\" width=\"512\" cellspacing=\"0\" cellpadding=\"0\">\n<tbody>\n<tr style=\"height: 13.50pt;\">\n<td style=\"height: 13.50pt; width: 86.25pt;\" width=\"115\" height=\"18\">Specifica<\/td>\n<td style=\"width: 297.75pt;\" width=\"397\">Dettagli<\/td>\n<\/tr>\n<tr style=\"height: 13.50pt;\">\n<td style=\"height: 13.50pt;\" height=\"18\">Capacit\u00e0<\/td>\n<td>100 ml<\/td>\n<\/tr>\n<tr style=\"height: 13.50pt;\">\n<td style=\"height: 13.50pt;\" height=\"18\">Dimensioni<\/td>\n<td>5,6 \u00d7 8,4 centimetri<\/td>\n<\/tr>\n<tr style=\"height: 13.50pt;\">\n<td style=\"height: 13.50pt;\" height=\"18\">Materiale<\/td>\n<td>Vetro trasparente<\/td>\n<\/tr>\n<tr style=\"height: 13.50pt;\">\n<td style=\"height: 13.50pt;\" height=\"18\">Tipo di coperchio<\/td>\n<td>Coperchio con morsetto in metallo e cauzione in filo metallico<\/td>\n<\/tr>\n<tr style=\"height: 13.50pt;\">\n<td style=\"height: 13.50pt;\" height=\"18\">Ideale per<\/td>\n<td>Barattoli di vetro per la conservazione degli alimenti, barattoli di vetro ermetici<\/td>\n<\/tr>\n<\/tbody>\n<\/table>\n<h2>Storia di successo: trasformazione del packaging per un marchio di profumi di lusso<\/h2>\n<p>Un marchio di profumi di lusso ha dovuto trovare un modo diverso per presentare i propri prodotti, al fine di attrarre i clienti in un mercato competitivo. Grazie al loro caratteristico design squadrato e arrotondato, hanno optato per i nostri barattoli in vetro da 100 ml per la conservazione degli alimenti. Grazie alla chiusura ermetica, la durata di conservazione delle spezie \u00e8 stata prolungata del 45% rispetto a quella dei diversi imballaggi utilizzati in precedenza. La loro forma innovativa, diventata il segno distintivo del loro look, ha contribuito ad aumentare del 50% il coinvolgimento sui social media. Il sistema ermeticamente sigillato ha evitato perdite, la spedizione \u00e8 avvenuta senza intoppi e i resi del prodotto per danni sono stati ridotti del 60%. Dopo queste performance straordinarie, hanno deciso di effettuare altri 250.000 ordini di barattoli per promuovere il prodotto a livello nazionale.<\/p>\n<h2>Opzioni di personalizzazione del barattolo di vetro ermetico<\/h2>\n<ul>\n<li>Motivi di serigrafia: ricopri l&#039;area piana con inchiostro ceramico resistente decorato con motivi diversi<\/li>\n<li>Indicatori di capacit\u00e0 in rilievo: \u00e8 possibile creare delicate linee di scala in rilievo della capacit\u00e0<\/li>\n<li>Vetro colorato: disponibile in vetro ambrato o verde come colore per proteggere il contenuto dalla luce<\/li>\n<li>Rivestimento testurizzato opaco: il cliente ottiene una presa migliore utilizzando il rivestimento soft-touch<\/li>\n<li>Variazioni dei bordi arrotondati: \u00e8 possibile modificare diversi effetti estetici modificando il raggio dell&#039;angolo arrotondato<\/li>\n<\/ul>","protected":false},"excerpt":{"rendered":"<p>I nostri piccoli barattoli in vetro per la conservazione degli alimenti offrono un design pulito e una chiusura ermetica. Il barattolo in vetro ermetico \u00e8 perfetto per spezie o t\u00e8. Richiedi subito un campione gratuito.<\/p>","protected":false},"featured_media":3896,"template":"","meta":{"postBodyCss":"","postBodyMargin":[],"postBodyPadding":[],"postBodyBackground":{"backgroundType":"classic","gradient":""}},"product_brand":[],"product_cat":[15,17,59],"product_tag":[66],"class_list":{"0":"post-3895","1":"product","2":"type-product","3":"status-publish","4":"has-post-thumbnail","6":"product_cat-glass-containers","7":"product_cat-glass-jars","8":"product_cat-glass-storage-jars","9":"product_tag-swing-top-jars","11":"first","12":"instock","13":"shipping-taxable","14":"product-type-simple"},"jetpack_sharing_enabled":true,"_links":{"self":[{"href":"https:\/\/minghanggroup.com\/it\/wp-json\/wp\/v2\/product\/3895","targetHints":{"allow":["GET"]}}],"collection":[{"href":"https:\/\/minghanggroup.com\/it\/wp-json\/wp\/v2\/product"}],"about":[{"href":"https:\/\/minghanggroup.com\/it\/wp-json\/wp\/v2\/types\/product"}],"wp:featuredmedia":[{"embeddable":true,"href":"https:\/\/minghanggroup.com\/it\/wp-json\/wp\/v2\/media\/3896"}],"wp:attachment":[{"href":"https:\/\/minghanggroup.com\/it\/wp-json\/wp\/v2\/media?parent=3895"}],"wp:term":[{"taxonomy":"product_brand","embeddable":true,"href":"https:\/\/minghanggroup.com\/it\/wp-json\/wp\/v2\/product_brand?post=3895"},{"taxonomy":"product_cat","embeddable":true,"href":"https:\/\/minghanggroup.com\/it\/wp-json\/wp\/v2\/product_cat?post=3895"},{"taxonomy":"product_tag","embeddable":true,"href":"https:\/\/minghanggroup.com\/it\/wp-json\/wp\/v2\/product_tag?post=3895"}],"curies":[{"name":"wp","href":"https:\/\/api.w.org\/{rel}","templated":true}]}}