{"id":3886,"date":"2025-12-10T11:26:51","date_gmt":"2025-12-10T03:26:51","guid":{"rendered":"https:\/\/minghanggroup.com\/?post_type=product&#038;p=3886"},"modified":"2026-01-20T13:50:01","modified_gmt":"2026-01-20T05:50:01","slug":"small-hexagon-glass-food-storage-jars-with-lids-bulk","status":"publish","type":"product","link":"https:\/\/minghanggroup.com\/it\/prodotto\/small-hexagon-glass-food-storage-jars-with-lids-bulk\/","title":{"rendered":"Barattoli per alimenti in vetro esagonali piccoli da 100 ml con coperchi, sfusi"},"content":{"rendered":"<p>Questo piccolo barattolo in vetro per alimenti, alla moda e di piccole dimensioni, \u00e8 ricco di personalit\u00e0. \u00c8 realizzato con un unico pannello di vetro e un corpo esagonale dal design accattivante, le cui linee pulite sono ininterrotte e gli angoli arrotondati sono ripresi per un effetto visivo. L&#039;anello metallico \u00e8 lo stile utilizzato dal coperchio a clip in metallo per garantire una chiusura ermetica.<\/p>\n<h2>Caratteristiche del prodotto<\/h2>\n<ul>\n<li><strong>Design esagonale compatto:<\/strong> Grazie alla trasparenza e alla forma esagonale compatta, \u00e8 possibile vedere le parti interne anche senza aprire il contenitore, mentre la forma compatta consente di risparmiare spazio.<\/li>\n<li><strong>Stabile e facile da posizionare:<\/strong> Per evitare che rotoli, viene utilizzata una base esagonale, garantendo cos\u00ec la stabilit\u00e0.<\/li>\n<li><strong>Visibilit\u00e0 multi-angolo:<\/strong> A causa del corpo piatto del barattolo, alcune persone potrebbero addirittura pensare che si tratti di una foto, poich\u00e9 \u00e8 possibile vedere molto chiaramente da diversi lati senza dover girare il barattolo.<\/li>\n<\/ul>\n<h2 style=\"text-align: left;\">Specifiche chiave<\/h2>\n<table class=\"aligncenter\" style=\"border-collapse: collapse; width: 393.77pt;\" border=\"0\" width=\"525\" cellspacing=\"0\" cellpadding=\"0\">\n<tbody>\n<tr style=\"height: 13.50pt;\">\n<td style=\"height: 13.50pt; width: 92.25pt;\" width=\"123\" height=\"18\">Specifica<\/td>\n<td style=\"width: 301.50pt;\" width=\"402\">Dettagli<\/td>\n<\/tr>\n<tr style=\"height: 13.50pt;\">\n<td style=\"height: 13.50pt;\" height=\"18\">Capacit\u00e0<\/td>\n<td>100 ml<\/td>\n<\/tr>\n<tr style=\"height: 13.50pt;\">\n<td style=\"height: 13.50pt;\" height=\"18\">Dimensioni<\/td>\n<td>5,7\u00d78,7 cm<\/td>\n<\/tr>\n<tr style=\"height: 13.50pt;\">\n<td style=\"height: 13.50pt;\" height=\"18\">Forma del barattolo<\/td>\n<td>Esagono<\/td>\n<\/tr>\n<tr style=\"height: 13.50pt;\">\n<td style=\"height: 13.50pt;\" height=\"18\">Materiale<\/td>\n<td>Vetro trasparente<\/td>\n<\/tr>\n<tr style=\"height: 13.50pt;\">\n<td style=\"height: 13.50pt;\" height=\"18\">Tipo di coperchio<\/td>\n<td>Coperchio con morsetto in metallo e cauzione in filo metallico<\/td>\n<\/tr>\n<tr style=\"height: 13.50pt;\">\n<td style=\"height: 13.50pt;\" height=\"18\">Ideale per<\/td>\n<td>Barattolo di vetro per alimenti, piccoli barattoli di vetro per alimenti<\/td>\n<\/tr>\n<\/tbody>\n<\/table>\n<h2>Storia di successo: storia di successo del packaging di un marchio di t\u00e8 premium<\/h2>\n<p>Un&#039;azienda produttrice di t\u00e8 di alta qualit\u00e0 era alla ricerca di un packaging raffinato per presentare la sua nuova linea di prodotti. Alla fine, ha optato per i nostri piccoli barattoli in vetro da 100 ml con coperchio, e il design esagonale \u00e8 diventato il suo elemento distintivo, portando a un aumento del 50% delle menzioni sui social media. I rivenditori hanno registrato un aumento del 35% del coinvolgimento dei clienti e del 30% del numero di acquisti d&#039;impulso. Di conseguenza, hanno ordinato altri 180.000 barattoli da utilizzare per l&#039;espansione in tutto il Paese.<\/p>\n<h2>Opzioni di personalizzazione per barattoli in vetro per alimenti<\/h2>\n<ul>\n<li>Serigrafia del logo del marchio: applica un logo del marchio duraturo su un pannello piatto.<\/li>\n<li>Indicatori di capacit\u00e0 in rilievo: tracciano leggere linee di scala in rilievo.<\/li>\n<li>Opzioni per vetrate colorate: puoi scegliere tra vetro ambrato o blu cobalto.<\/li>\n<li>Colori delle guarnizioni in silicone: i colori delle guarnizioni possono essere adattati allo schema cromatico del tuo marchio.<\/li>\n<\/ul>","protected":false},"excerpt":{"rendered":"<p>Scopri gli eleganti barattoli in vetro per alimenti con coperchi dalla forma esagonale. Ogni barattolo in vetro per alimenti \u00e8 resistente e a tenuta stagna. Campioni gratuiti.<\/p>","protected":false},"featured_media":3889,"template":"","meta":{"postBodyCss":"","postBodyMargin":[],"postBodyPadding":[],"postBodyBackground":{"backgroundType":"classic","gradient":""}},"product_brand":[],"product_cat":[15,17,59],"product_tag":[66],"class_list":{"0":"post-3886","1":"product","2":"type-product","3":"status-publish","4":"has-post-thumbnail","6":"product_cat-glass-containers","7":"product_cat-glass-jars","8":"product_cat-glass-storage-jars","9":"product_tag-swing-top-jars","11":"first","12":"instock","13":"shipping-taxable","14":"product-type-simple"},"jetpack_sharing_enabled":true,"_links":{"self":[{"href":"https:\/\/minghanggroup.com\/it\/wp-json\/wp\/v2\/product\/3886","targetHints":{"allow":["GET"]}}],"collection":[{"href":"https:\/\/minghanggroup.com\/it\/wp-json\/wp\/v2\/product"}],"about":[{"href":"https:\/\/minghanggroup.com\/it\/wp-json\/wp\/v2\/types\/product"}],"wp:featuredmedia":[{"embeddable":true,"href":"https:\/\/minghanggroup.com\/it\/wp-json\/wp\/v2\/media\/3889"}],"wp:attachment":[{"href":"https:\/\/minghanggroup.com\/it\/wp-json\/wp\/v2\/media?parent=3886"}],"wp:term":[{"taxonomy":"product_brand","embeddable":true,"href":"https:\/\/minghanggroup.com\/it\/wp-json\/wp\/v2\/product_brand?post=3886"},{"taxonomy":"product_cat","embeddable":true,"href":"https:\/\/minghanggroup.com\/it\/wp-json\/wp\/v2\/product_cat?post=3886"},{"taxonomy":"product_tag","embeddable":true,"href":"https:\/\/minghanggroup.com\/it\/wp-json\/wp\/v2\/product_tag?post=3886"}],"curies":[{"name":"wp","href":"https:\/\/api.w.org\/{rel}","templated":true}]}}