{"id":3879,"date":"2025-12-10T09:58:49","date_gmt":"2025-12-10T01:58:49","guid":{"rendered":"https:\/\/minghanggroup.com\/?post_type=product&#038;p=3879"},"modified":"2026-01-20T13:50:08","modified_gmt":"2026-01-20T05:50:08","slug":"small-square-glass-airtight-jars-with-clamp-lids-bulk","status":"publish","type":"product","link":"https:\/\/minghanggroup.com\/it\/prodotto\/small-square-glass-airtight-jars-with-clamp-lids-bulk\/","title":{"rendered":"Barattoli ermetici quadrati in vetro da 100 ml con coperchi a morsetto, sfusi"},"content":{"rendered":"<p>Questi barattoli in vetro ermetici ed eleganti si distinguono tra i tanti barattoli in vetro ermetici di piccola capacit\u00e0. A prima vista, sono i loro corpi in vetro trasparenti, compatti e squadrati, con bordi arrotondati e lisci, ad attirare l&#039;attenzione.<\/p>\n<h2>Caratteristiche del prodotto<\/h2>\n<ul>\n<li><strong>Forma quadrata salvaspazio:<\/strong> Poich\u00e9 i lati sono dritti, i barattoli possono essere impilati non solo sugli scaffali, ma anche uno sopra l&#039;altro, risparmiando cos\u00ec molto spazio di stoccaggio normalmente utilizzato.<\/li>\n<li><strong>Sigillatura:<\/strong> Un anello di tenuta in gomma di qualit\u00e0 ed elegante separa perfettamente il barattolo dal resto del mondo, isolando non solo l&#039;aria ma anche l&#039;umidit\u00e0, prolungando cos\u00ec notevolmente la freschezza.<\/li>\n<li><strong>Design a fondo piatto con resistenza:<\/strong> Il fondo quadrato \u00e8 quello che impedisce al barattolo di rotolare e quindi garantisce una superficie stabile e piana.<\/li>\n<\/ul>\n<h2 style=\"text-align: left;\">Specifiche chiave<\/h2>\n<table class=\"aligncenter\" style=\"border-collapse: collapse; width: 338.27pt;\" border=\"0\" width=\"451\" cellspacing=\"0\" cellpadding=\"0\">\n<tbody>\n<tr style=\"height: 13.50pt;\">\n<td style=\"height: 13.50pt; width: 92.25pt;\" width=\"123\" height=\"18\">Specifica<\/td>\n<td style=\"width: 246.00pt;\" width=\"328\">Dettagli<\/td>\n<\/tr>\n<tr style=\"height: 13.50pt;\">\n<td style=\"height: 13.50pt;\" height=\"18\">Capacit\u00e0<\/td>\n<td>100 ml<\/td>\n<\/tr>\n<tr style=\"height: 13.50pt;\">\n<td style=\"height: 13.50pt;\" height=\"18\">Dimensioni<\/td>\n<td>5,1\u00d77,9 cm<\/td>\n<\/tr>\n<tr style=\"height: 13.50pt;\">\n<td style=\"height: 13.50pt;\" height=\"18\">Materiale<\/td>\n<td>Vetro trasparente<\/td>\n<\/tr>\n<tr style=\"height: 13.50pt;\">\n<td style=\"height: 13.50pt;\" height=\"18\">Forma del barattolo<\/td>\n<td>Quadrato con angoli arrotondati<\/td>\n<\/tr>\n<tr style=\"height: 13.50pt;\">\n<td style=\"height: 13.50pt;\" height=\"18\">Tipo di coperchio<\/td>\n<td>Coperchio con morsetto in metallo e cauzione in filo metallico<\/td>\n<\/tr>\n<tr style=\"height: 13.50pt;\">\n<td style=\"height: 13.50pt;\" height=\"18\">Ideale per<\/td>\n<td>Piccoli barattoli ermetici, barattoli ermetici in vetro<\/td>\n<\/tr>\n<\/tbody>\n<\/table>\n<h2>Storia di successo: aggiornamento del packaging di Specialty Flavor Company<\/h2>\n<p>Un&#039;azienda produttrice di aromi esclusivi aveva bisogno di un design di packaging distintivo per le sue linee di prodotti appena lanciate. Alla fine, ha scelto i nostri vasetti in vetro ermetici da 100 ml per le loro dimensioni contenute e il design salvaspazio. Cosa ha fatto la scelta vincente? La chiusura ermetica. Ci \u00e8 voluto solo il 40% del tempo per ottenere la completa estensione della shelf life rispetto al packaging precedente. L&#039;uso del design quadrato ha permesso di utilizzare il 25% in pi\u00f9 di spazio espositivo e la durevolezza dei vasetti in vetro ha portato a una riduzione del 20% dei tassi di rottura durante il trasporto. Di conseguenza, hanno deciso di ordinarci altri 200.000 vasetti destinati al lancio di prodotti in tutto il paese.<\/p>\n<h2>Opzioni personalizzate per barattoli ermetici in vetro<\/h2>\n<ul>\n<li>Finitura del pannello satinato: produce un aspetto opaco su lati alternati<\/li>\n<li>Logo serigrafato: stampa un logo durevole su pannelli laterali piatti<\/li>\n<li>Scelte di vetrate colorate: possono essere in vetro ambrato o blu cobalto<\/li>\n<li>Variazioni di arrotondamento dei bordi: modifica il raggio di arrotondamento a diversi livelli<\/li>\n<\/ul>","protected":false},"excerpt":{"rendered":"<p>Scopri i nostri vasetti ermetici in vetro compatti, dal design squadrato ed elegante. I nostri piccoli vasetti ermetici in vetro sigillano perfettamente la freschezza e vengono spediti rapidamente.<\/p>","protected":false},"featured_media":3881,"template":"","meta":{"postBodyCss":"","postBodyMargin":[],"postBodyPadding":[],"postBodyBackground":{"backgroundType":"classic","gradient":""}},"product_brand":[],"product_cat":[15,17,59],"product_tag":[66],"class_list":{"0":"post-3879","1":"product","2":"type-product","3":"status-publish","4":"has-post-thumbnail","6":"product_cat-glass-containers","7":"product_cat-glass-jars","8":"product_cat-glass-storage-jars","9":"product_tag-swing-top-jars","11":"first","12":"instock","13":"shipping-taxable","14":"product-type-simple"},"jetpack_sharing_enabled":true,"_links":{"self":[{"href":"https:\/\/minghanggroup.com\/it\/wp-json\/wp\/v2\/product\/3879","targetHints":{"allow":["GET"]}}],"collection":[{"href":"https:\/\/minghanggroup.com\/it\/wp-json\/wp\/v2\/product"}],"about":[{"href":"https:\/\/minghanggroup.com\/it\/wp-json\/wp\/v2\/types\/product"}],"wp:featuredmedia":[{"embeddable":true,"href":"https:\/\/minghanggroup.com\/it\/wp-json\/wp\/v2\/media\/3881"}],"wp:attachment":[{"href":"https:\/\/minghanggroup.com\/it\/wp-json\/wp\/v2\/media?parent=3879"}],"wp:term":[{"taxonomy":"product_brand","embeddable":true,"href":"https:\/\/minghanggroup.com\/it\/wp-json\/wp\/v2\/product_brand?post=3879"},{"taxonomy":"product_cat","embeddable":true,"href":"https:\/\/minghanggroup.com\/it\/wp-json\/wp\/v2\/product_cat?post=3879"},{"taxonomy":"product_tag","embeddable":true,"href":"https:\/\/minghanggroup.com\/it\/wp-json\/wp\/v2\/product_tag?post=3879"}],"curies":[{"name":"wp","href":"https:\/\/api.w.org\/{rel}","templated":true}]}}