{"id":3867,"date":"2025-12-09T10:37:28","date_gmt":"2025-12-09T02:37:28","guid":{"rendered":"https:\/\/minghanggroup.com\/?post_type=product&#038;p=3867"},"modified":"2026-01-20T13:50:19","modified_gmt":"2026-01-20T05:50:19","slug":"small-airtight-jars-with-pumpkin-shape-bulk","status":"publish","type":"product","link":"https:\/\/minghanggroup.com\/it\/prodotto\/small-airtight-jars-with-pumpkin-shape-bulk\/","title":{"rendered":"Barattoli ermetici piccoli da 100 ml a forma di zucca sfusi"},"content":{"rendered":"<p>Questi piccoli barattoli ermetici sono realizzati in vetro trasparente e hanno un design molto grazioso, simile a una zucca. Le curve eleganti e continue del barattolo contribuiscono a renderne la superficie e il fascino.<\/p>\n<h2>Caratteristiche del prodotto<\/h2>\n<ul>\n<li><strong>Disegno della trama della zucca:<\/strong> Il vetro \u00e8 trasparente e la scanalatura curva a forma di zucca non solo rende visibile il contenuto, ma facilita anche la presa del barattolo, combinando cos\u00ec funzioni sia decorative che pratiche.<\/li>\n<li><strong>Design di tenuta a scatto:<\/strong> Il tappo metallico a scatto garantisce una tenuta stagna ottimale per la maggior parte delle volte, mantenendo il prodotto fresco e asciutto. Il tappo pu\u00f2 essere rimosso e riposizionato rapidamente e comodamente, il che \u00e8 ideale per conservare piccole quantit\u00e0 di prodotti.<\/li>\n<li><strong>Piccola capacit\u00e0:<\/strong> La versione pi\u00f9 piccola \u00e8 perfetta per riporre piccoli oggetti (come caramelle, granuli per aromaterapia, orecchini, ecc.) che sono disordinati, cos\u00ec da avere un ambiente pi\u00f9 ordinato.<\/li>\n<\/ul>\n<h2 style=\"text-align: left;\">Specifiche chiave<\/h2>\n<table class=\"aligncenter\" style=\"border-collapse: collapse; width: 336.02pt;\" border=\"0\" width=\"448\" cellspacing=\"0\" cellpadding=\"0\">\n<tbody>\n<tr style=\"height: 13.50pt;\">\n<td style=\"height: 13.50pt; width: 95.25pt;\" width=\"127\" height=\"18\">Specifica<\/td>\n<td style=\"width: 240.75pt;\" width=\"321\">Dettagli<\/td>\n<\/tr>\n<tr style=\"height: 13.50pt;\">\n<td style=\"height: 13.50pt;\" height=\"18\">Capacit\u00e0<\/td>\n<td>100 ml<\/td>\n<\/tr>\n<tr style=\"height: 13.50pt;\">\n<td style=\"height: 13.50pt;\" height=\"18\">Dimensioni<\/td>\n<td>6,4\u00d78 cm<\/td>\n<\/tr>\n<tr style=\"height: 13.50pt;\">\n<td style=\"height: 13.50pt;\" height=\"18\">Materiale<\/td>\n<td>Vetro trasparente<\/td>\n<\/tr>\n<tr style=\"height: 13.50pt;\">\n<td style=\"height: 13.50pt;\" height=\"18\">Forma del barattolo<\/td>\n<td>Zucca con creste curve<\/td>\n<\/tr>\n<tr style=\"height: 13.50pt;\">\n<td style=\"height: 13.50pt;\" height=\"18\">Tipo di coperchio<\/td>\n<td>Coperchio con morsetto in metallo e cauzione in filo metallico<\/td>\n<\/tr>\n<tr style=\"height: 13.50pt;\">\n<td style=\"height: 13.50pt;\" height=\"18\">Ideale per<\/td>\n<td>Piccoli barattoli ermetici, barattoli ermetici in vetro<\/td>\n<\/tr>\n<\/tbody>\n<\/table>\n<h2>Caso di successo: caso di progettazione del packaging per un marchio di t\u00e8 di lusso<\/h2>\n<p>Un&#039;azienda di t\u00e8 di lusso era alla ricerca di un design di packaging unico per la sua nuova serie di bustine di t\u00e8 campione. Hanno deciso di optare per il nostro piccolo barattolo ermetico da 100 ml e la simpatica forma a zucca \u00e8 diventata il loro marchio di fabbrica, con un aumento del 40% delle menzioni sui social media. I rivenditori hanno segnalato che il design unico ha portato a un aumento del 35% degli acquisti d&#039;impulso. Inoltre, la resistenza del barattolo ha contribuito a ridurre del 25% il tasso di rottura durante la spedizione. In seguito a questo successo, hanno effettuato un altro ordine di 150.000 barattoli per una campagna di marketing a livello nazionale.<\/p>\n<h2>Opzioni di personalizzazione del barattolo ermetico in vetro<\/h2>\n<ul>\n<li>Vetro colorato: opzioni in vetro ambrato o verde per prodotti sensibili alla luce<\/li>\n<li>Texture satinata \u2013 Finitura acidata su texture verticali per un tocco migliore<\/li>\n<li>Logo serigrafato: implementa un motivo di inchiostro ceramico durevole tra le texture<\/li>\n<li>Reticolo di capacit\u00e0: introduce graduazioni fini per un dosaggio preciso<\/li>\n<\/ul>","protected":false},"excerpt":{"rendered":"<p>Piccoli barattoli ermetici che uniscono la conservazione degli alimenti alla decorazione. Resistenti barattoli ermetici in vetro con coperchi metallici a scatto, vendita diretta in fabbrica, prezzi scontati.<\/p>","protected":false},"featured_media":3876,"template":"","meta":{"postBodyCss":"","postBodyMargin":[],"postBodyPadding":[],"postBodyBackground":{"backgroundType":"classic","gradient":""}},"product_brand":[],"product_cat":[15,17,59],"product_tag":[66],"class_list":{"0":"post-3867","1":"product","2":"type-product","3":"status-publish","4":"has-post-thumbnail","6":"product_cat-glass-containers","7":"product_cat-glass-jars","8":"product_cat-glass-storage-jars","9":"product_tag-swing-top-jars","11":"first","12":"instock","13":"shipping-taxable","14":"product-type-simple"},"jetpack_sharing_enabled":true,"_links":{"self":[{"href":"https:\/\/minghanggroup.com\/it\/wp-json\/wp\/v2\/product\/3867","targetHints":{"allow":["GET"]}}],"collection":[{"href":"https:\/\/minghanggroup.com\/it\/wp-json\/wp\/v2\/product"}],"about":[{"href":"https:\/\/minghanggroup.com\/it\/wp-json\/wp\/v2\/types\/product"}],"wp:featuredmedia":[{"embeddable":true,"href":"https:\/\/minghanggroup.com\/it\/wp-json\/wp\/v2\/media\/3876"}],"wp:attachment":[{"href":"https:\/\/minghanggroup.com\/it\/wp-json\/wp\/v2\/media?parent=3867"}],"wp:term":[{"taxonomy":"product_brand","embeddable":true,"href":"https:\/\/minghanggroup.com\/it\/wp-json\/wp\/v2\/product_brand?post=3867"},{"taxonomy":"product_cat","embeddable":true,"href":"https:\/\/minghanggroup.com\/it\/wp-json\/wp\/v2\/product_cat?post=3867"},{"taxonomy":"product_tag","embeddable":true,"href":"https:\/\/minghanggroup.com\/it\/wp-json\/wp\/v2\/product_tag?post=3867"}],"curies":[{"name":"wp","href":"https:\/\/api.w.org\/{rel}","templated":true}]}}