{"id":3866,"date":"2025-12-09T11:23:07","date_gmt":"2025-12-09T03:23:07","guid":{"rendered":"https:\/\/minghanggroup.com\/?post_type=product&#038;p=3866"},"modified":"2026-01-20T14:16:59","modified_gmt":"2026-01-20T06:16:59","slug":"custom-glass-water-bottle-storage-with-infuser-for-drinking-wholesale","status":"publish","type":"product","link":"https:\/\/minghanggroup.com\/it\/prodotto\/custom-glass-water-bottle-storage-with-infuser-for-drinking-wholesale\/","title":{"rendered":"Bottiglia d&#039;acqua in vetro personalizzata da 450 ml e 550 ml con infusore per bere all&#039;ingrosso"},"content":{"rendered":"<p>Smetti di usare bottiglie d&#039;acqua noiose ed economiche, di qualit\u00e0 inferiore rispetto al tuo marchio. Produciamo bottiglie d&#039;acqua in vetro di alta qualit\u00e0 che non solo mantengono l&#039;acqua fresca, ma trasformano anche la tua idratazione in una soluzione elegante e funzionale. Non sono solo bottiglie, ma la nuova arma segreta del tuo marchio per rimanere idratato.<\/p>\n<h2>Caratteristiche del prodotto<\/h2>\n<ul>\n<li><strong>Infusore per il t\u00e8 incorporato:<\/strong> L&#039;infusore per il t\u00e8 rimovibile in acciaio inossidabile consente di preparare facilmente tisane, infusi di frutta o acqua aromatizzata senza il fastidio di filtri ingombranti.<\/li>\n<li><strong>Costruzione durevole:<\/strong> Il prodotto \u00e8 realizzato in resistente vetro borosilicato, lavabile in lavastoviglie, adatto al congelatore e resistente agli shock termici, pertanto pu\u00f2 essere utilizzato a lungo.<\/li>\n<li><strong>Design versatile:<\/strong> L&#039;imboccatura da 28 mm si adatta ai coperchi standard e, allo stesso tempo, consente l&#039;uso del tuo infusore preferito, quindi \u00e8 ideale sia per conservare le bottiglie d&#039;acqua che per l&#039;uso quotidiano.<\/li>\n<\/ul>\n<h2>Specifiche chiave<\/h2>\n<table style=\"border-collapse: collapse; width: 80%; margin-right: auto; margin-left: auto;\" border=\"0\" width=\"360\" cellspacing=\"0\" cellpadding=\"0\">\n<tbody>\n<tr style=\"height: 13.50pt;\">\n<td style=\"height: 13.5pt; width: 54pt; text-align: center;\" width=\"72\" height=\"18\">Capacit\u00e0 (ml)<\/td>\n<td style=\"width: 54pt; text-align: center;\" width=\"72\">Dimensioni (cm)<\/td>\n<td style=\"width: 54pt; text-align: center;\" width=\"72\">Diametro<\/td>\n<td style=\"width: 54pt; text-align: center;\" width=\"72\">Materiale<\/td>\n<td style=\"width: 54pt; text-align: center;\" width=\"72\">Tipo di infusore<\/td>\n<\/tr>\n<tr style=\"height: 13.50pt;\">\n<td style=\"height: 13.5pt; text-align: center;\" align=\"right\" height=\"18\">550<\/td>\n<td style=\"text-align: center;\">6,5 x 23,5<\/td>\n<td class=\"et2\" style=\"text-align: center;\" rowspan=\"2\">28 millimetri<\/td>\n<td class=\"et2\" style=\"text-align: center;\" rowspan=\"2\">Borosilicato<\/td>\n<td class=\"et2\" style=\"text-align: center;\" rowspan=\"2\">Acciaio inossidabile<\/td>\n<\/tr>\n<tr style=\"height: 13.50pt;\">\n<td style=\"height: 13.5pt; text-align: center;\" align=\"right\" height=\"18\">450<\/td>\n<td style=\"text-align: center;\">5,6 x 24,6<\/td>\n<\/tr>\n<\/tbody>\n<\/table>\n<h2>Caso di successo<\/h2>\n<p>Un marchio canadese di bevande salutari ci ha contattato dopo aver pianificato il lancio di una linea di pratiche bevande al t\u00e8, adatte sia all&#039;ufficio che allo yoga. In linea con il posizionamento del prodotto, abbiamo scelto questa bottiglia d&#039;acqua in vetro con infusore per il t\u00e8 integrato, abbinata alle fascette colorate del marchio e a una confezione con logo personalizzato.<\/p>\n<p>Il marchio ci ha informato che il design professionale dell&#039;infusore per il t\u00e8 della bottiglia era il fattore principale che rendeva il prodotto indispensabile e, di conseguenza, \u00e8 riuscito a ricevere ordini da tre catene di studi di yoga.<\/p>\n<h2>I tuoi suggerimenti per la personalizzazione<\/h2>\n<p>Siamo in grado di personalizzare in modo estremamente flessibile la capacit\u00e0 della bottiglia, la densit\u00e0 delle maglie del filtro per il t\u00e8, il colore dell&#039;anello in silicone, il materiale del tappo e lo stile del packaging in base al posizionamento del marchio. Oltre a ci\u00f2, sono disponibili anche diversi processi come la serigrafia, la stampa a caldo o la satinatura, che possono essere utilizzati sulla superficie del vetro per rendere l&#039;esperienza di acquisto ancora pi\u00f9 unica.<\/p>\n<p>Se desideri aumentare la consapevolezza del mercato, saremo lieti di fornire lo sviluppo di stampi personalizzati in modo che la forma della bottiglia possa soddisfare maggiormente le esigenze estetiche dell&#039;azienda e il marketing mix.<\/p>","protected":false},"excerpt":{"rendered":"<p>Infusore resistente per bottiglie d&#039;acqua, ideale per conservare le bottiglie, offerto da un fornitore diretto. Supporta la vendita all&#039;ingrosso e la personalizzazione del marchio. Campione gratuito.<\/p>","protected":false},"featured_media":3870,"template":"","meta":{"postBodyCss":"","postBodyMargin":[],"postBodyPadding":[],"postBodyBackground":{"backgroundType":"classic","gradient":""}},"product_brand":[],"product_cat":[15,16,60],"product_tag":[72],"class_list":{"0":"post-3866","1":"product","2":"type-product","3":"status-publish","4":"has-post-thumbnail","6":"product_cat-glass-containers","7":"product_cat-glass-bottles","8":"product_cat-water-bottles","9":"product_tag-juice-bottles","11":"first","12":"instock","13":"shipping-taxable","14":"product-type-simple"},"jetpack_sharing_enabled":true,"_links":{"self":[{"href":"https:\/\/minghanggroup.com\/it\/wp-json\/wp\/v2\/product\/3866","targetHints":{"allow":["GET"]}}],"collection":[{"href":"https:\/\/minghanggroup.com\/it\/wp-json\/wp\/v2\/product"}],"about":[{"href":"https:\/\/minghanggroup.com\/it\/wp-json\/wp\/v2\/types\/product"}],"wp:featuredmedia":[{"embeddable":true,"href":"https:\/\/minghanggroup.com\/it\/wp-json\/wp\/v2\/media\/3870"}],"wp:attachment":[{"href":"https:\/\/minghanggroup.com\/it\/wp-json\/wp\/v2\/media?parent=3866"}],"wp:term":[{"taxonomy":"product_brand","embeddable":true,"href":"https:\/\/minghanggroup.com\/it\/wp-json\/wp\/v2\/product_brand?post=3866"},{"taxonomy":"product_cat","embeddable":true,"href":"https:\/\/minghanggroup.com\/it\/wp-json\/wp\/v2\/product_cat?post=3866"},{"taxonomy":"product_tag","embeddable":true,"href":"https:\/\/minghanggroup.com\/it\/wp-json\/wp\/v2\/product_tag?post=3866"}],"curies":[{"name":"wp","href":"https:\/\/api.w.org\/{rel}","templated":true}]}}