{"id":3858,"date":"2025-12-08T11:52:43","date_gmt":"2025-12-08T03:52:43","guid":{"rendered":"https:\/\/minghanggroup.com\/?post_type=product&#038;p=3858"},"modified":"2026-01-20T13:50:27","modified_gmt":"2026-01-20T05:50:27","slug":"bulk-empty-clear-large-glass-storage-jars-with-lids","status":"publish","type":"product","link":"https:\/\/minghanggroup.com\/it\/prodotto\/bulk-empty-clear-large-glass-storage-jars-with-lids\/","title":{"rendered":"Barattoli di vetro trasparenti grandi e vuoti con coperchi da 64 oz e 100 oz"},"content":{"rendered":"<p>Questi grandi barattoli in vetro per la conservazione, con una capacit\u00e0 di 100 ml, hanno una forma cilindrica sottile, molto trendy, e sono realizzati in vetro trasparente. Ogni barattolo \u00e8 dotato di un coperchio a scatto in metallo. Questi barattoli con coperchio combinano grande capacit\u00e0 e uno stile moderno e accattivante.<\/p>\n<h2>Caratteristiche del prodotto<\/h2>\n<ul>\n<li><strong>Grande capacit\u00e0:<\/strong> Si tratta di barattoli da 2 o 3 litri che possono contenere un gran numero di cose e quindi mantenere la casa pulita e in ordine.<\/li>\n<li><strong>Sigillatura perfetta:<\/strong> Gli spessi anelli di tenuta in gomma rendono i barattoli ermetici e al sicuro dagli attacchi degli insetti.<\/li>\n<li><strong>Fondo sicuro:<\/strong> L&#039;ampia base del barattolo consente al barattolo di restare in piedi anche quando \u00e8 pieno, senza il rischio che cada.<\/li>\n<\/ul>\n<h2 style=\"text-align: left;\">Specifiche chiave<\/h2>\n<table class=\"aligncenter\" style=\"border-collapse: collapse; width: 378.77pt;\" border=\"0\" width=\"505\" cellspacing=\"0\" cellpadding=\"0\">\n<tbody>\n<tr style=\"height: 13.50pt;\">\n<td style=\"height: 13.50pt; width: 90.00pt;\" width=\"120\" height=\"18\">Specifica<\/td>\n<td style=\"width: 288.75pt;\" width=\"385\">Dettagli<\/td>\n<\/tr>\n<tr style=\"height: 13.50pt;\">\n<td style=\"height: 13.50pt;\" height=\"18\">Capacit\u00e0<\/td>\n<td>2000 ml (64 once) \/ 3000 ml (100 once)<\/td>\n<\/tr>\n<tr style=\"height: 13.50pt;\">\n<td style=\"height: 13.50pt;\" height=\"18\">Dimensioni<\/td>\n<td>12,7\u00d725,3 cm \/ 14,5\u00d726,5 cm<\/td>\n<\/tr>\n<tr style=\"height: 13.50pt;\">\n<td style=\"height: 13.50pt;\" height=\"18\">Materiale<\/td>\n<td>Vetro spesso trasparente<\/td>\n<\/tr>\n<tr style=\"height: 13.50pt;\">\n<td style=\"height: 13.50pt;\" height=\"18\">Tipo di coperchio<\/td>\n<td>Coperchio con morsetto in metallo e cauzione in filo metallico<\/td>\n<\/tr>\n<tr style=\"height: 13.50pt;\">\n<td style=\"height: 13.50pt;\" height=\"18\">Ideale per<\/td>\n<td>Grandi barattoli di vetro per la conservazione, barattoli di vetro con coperchio<\/td>\n<\/tr>\n<\/tbody>\n<\/table>\n<h2>Storia di successo: come un panificio ha superato la sfida dello stoccaggio di ingredienti sfusi<\/h2>\n<p>Un panificio di grandi dimensioni si trovava in una situazione disperata nel trovare una soluzione di stoccaggio adeguata per la sua farina e il suo zucchero sfusi. Ha deciso di utilizzare i nostri barattoli in vetro da 3000 ml, con un&#039;ampia capacit\u00e0 per i suoi ingredienti. Il motivo principale della chiusura ermetica: prolungava la durata di conservazione della farina del 60% e la contaminazione era completamente inibita. Inoltre, grazie all&#039;ampia capacit\u00e0, la frequenza di rifornimento si \u00e8 ridotta del 70%, con un conseguente notevole risparmio di tempo per la manodopera. Dopo aver visto questi risultati, ha deciso di effettuare un unico ordine di 25.000 barattoli per unificare il sistema di stoccaggio in tutti i suoi punti vendita.<\/p>\n<h2>Opzioni personalizzate per grandi barattoli di vetro per la conservazione<\/h2>\n<ul>\n<li>Marcature di capacit\u00e0 in rilievo: aggiungi graduazioni permanenti in rilievo per un facile controllo delle porzioni<\/li>\n<li>Etichette serigrafate: loghi di marchi grandi e resistenti stampati con inchiostro ceramico<\/li>\n<li>Base rinforzata: la base in vetro \u00e8 ispessita per contenere oggetti pi\u00f9 pesanti come farina o cereali<\/li>\n<li>Finiture dei morsetti personalizzate: puoi scegliere morsetti neri, bronzo o acciaio inossidabile<\/li>\n<\/ul>\n<p>Siete pronti a organizzare il vostro magazzino? Contattateci oggi stesso per ottenere prezzi all&#039;ingrosso per questi barattoli in vetro di grande capacit\u00e0 con coperchio.<\/p>","protected":false},"excerpt":{"rendered":"<p>Eleganti e pratici barattoli in vetro di grandi dimensioni con coperchi a clip per la conservazione degli alimenti. Barattoli in vetro di alta qualit\u00e0 con coperchi a prezzi di fabbrica.<\/p>","protected":false},"featured_media":3862,"template":"","meta":{"postBodyCss":"","postBodyMargin":[],"postBodyPadding":[],"postBodyBackground":{"backgroundType":"classic","gradient":""}},"product_brand":[],"product_cat":[15,17,59],"product_tag":[66],"class_list":{"0":"post-3858","1":"product","2":"type-product","3":"status-publish","4":"has-post-thumbnail","6":"product_cat-glass-containers","7":"product_cat-glass-jars","8":"product_cat-glass-storage-jars","9":"product_tag-swing-top-jars","11":"first","12":"instock","13":"shipping-taxable","14":"product-type-simple"},"jetpack_sharing_enabled":true,"_links":{"self":[{"href":"https:\/\/minghanggroup.com\/it\/wp-json\/wp\/v2\/product\/3858","targetHints":{"allow":["GET"]}}],"collection":[{"href":"https:\/\/minghanggroup.com\/it\/wp-json\/wp\/v2\/product"}],"about":[{"href":"https:\/\/minghanggroup.com\/it\/wp-json\/wp\/v2\/types\/product"}],"wp:featuredmedia":[{"embeddable":true,"href":"https:\/\/minghanggroup.com\/it\/wp-json\/wp\/v2\/media\/3862"}],"wp:attachment":[{"href":"https:\/\/minghanggroup.com\/it\/wp-json\/wp\/v2\/media?parent=3858"}],"wp:term":[{"taxonomy":"product_brand","embeddable":true,"href":"https:\/\/minghanggroup.com\/it\/wp-json\/wp\/v2\/product_brand?post=3858"},{"taxonomy":"product_cat","embeddable":true,"href":"https:\/\/minghanggroup.com\/it\/wp-json\/wp\/v2\/product_cat?post=3858"},{"taxonomy":"product_tag","embeddable":true,"href":"https:\/\/minghanggroup.com\/it\/wp-json\/wp\/v2\/product_tag?post=3858"}],"curies":[{"name":"wp","href":"https:\/\/api.w.org\/{rel}","templated":true}]}}