{"id":3843,"date":"2025-12-05T11:54:26","date_gmt":"2025-12-05T03:54:26","guid":{"rendered":"https:\/\/minghanggroup.com\/?post_type=product&#038;p=3843"},"modified":"2026-01-20T14:18:29","modified_gmt":"2026-01-20T06:18:29","slug":"custom-water-bottles-for-beverage-brands-wholesale","status":"publish","type":"product","link":"https:\/\/minghanggroup.com\/it\/prodotto\/custom-water-bottles-for-beverage-brands-wholesale\/","title":{"rendered":"Bottiglie d&#039;acqua personalizzate da 280 ml a 1000 ml per marchi di bevande all&#039;ingrosso"},"content":{"rendered":"<p>Basta con le bottiglie di plastica, che non solo sono noiose, ma influiscono negativamente anche sull&#039;immagine del tuo brand. Realizziamo borracce in vetro personalizzate che non solo rendono la tua idratazione elegante e funzionale, ma mantengono anche l&#039;acqua fresca. Non sono solo borracce; sono la nuova arma segreta del tuo brand per rimanere idratato.<\/p>\n<h2>Caratteristiche del prodotto<\/h2>\n<ol>\n<li><strong>Chiarezza cristallina: <\/strong>Il vetro borosilicato trasparente consente di vedere il livello dell&#039;acqua da una certa distanza, condizione necessaria per l&#039;assunzione giornaliera di acqua e l&#039;idratazione.<\/li>\n<li><strong>Compatibilit\u00e0 universale: <\/strong>Il collo filettato da 28 mm \u00e8 compatibile con qualsiasi coperchio standard, quindi \u00e8 comodo da personalizzare con un coperchio in acciaio inossidabile o una custodia in silicone per la tua acqua in vetro riutilizzabile.<\/li>\n<li><strong>Costruzione durevole: <\/strong>Il prodotto \u00e8 realizzato in vetro borosilicato resistente e durevole, lavabile in lavastoviglie, adatto al congelatore e resistente agli shock termici, per cui \u00e8 di lunga durata.<\/li>\n<li><strong>Dimensioni versatili: <\/strong>Le diverse capacit\u00e0 (da 280 ml a 1000 ml) soddisfano tutte le esigenze di idratazione, sia per l&#039;uso in ufficio che per le attivit\u00e0 all&#039;aperto, e sono quindi le borracce perfette per il trasporto dell&#039;acqua.<\/li>\n<\/ol>\n<h2>Specifiche chiave<\/h2>\n<table style=\"border-collapse: collapse; width: 80%; margin-right: auto; margin-left: auto;\" border=\"0\" width=\"288\" cellspacing=\"0\" cellpadding=\"0\">\n<tbody>\n<tr style=\"height: 13.50pt;\">\n<td style=\"height: 13.5pt; width: 54pt; text-align: center;\" width=\"72\" height=\"18\">Capacit\u00e0 (ml)<\/td>\n<td style=\"width: 54pt; text-align: center;\" width=\"72\">Dimensioni (cm)<\/td>\n<td style=\"width: 54pt; text-align: center;\" width=\"72\">Diametro (mm)<\/td>\n<td style=\"width: 54pt; text-align: center;\" width=\"72\">Materiale<\/td>\n<\/tr>\n<tr style=\"height: 13.50pt;\">\n<td style=\"height: 13.5pt; text-align: center;\" align=\"right\" height=\"18\">280<\/td>\n<td style=\"text-align: center;\">5,5 x 17,5<\/td>\n<td class=\"et2\" style=\"text-align: center;\" rowspan=\"6\">28<\/td>\n<td class=\"et2\" style=\"text-align: center;\" rowspan=\"6\">Borosilicato<\/td>\n<\/tr>\n<tr style=\"height: 13.50pt;\">\n<td style=\"height: 13.5pt; text-align: center;\" align=\"right\" height=\"18\">360<\/td>\n<td style=\"text-align: center;\">6,0 x 19,0<\/td>\n<\/tr>\n<tr style=\"height: 13.50pt;\">\n<td style=\"height: 13.5pt; text-align: center;\" align=\"right\" height=\"18\">450<\/td>\n<td style=\"text-align: center;\">6,6 x 21,5<\/td>\n<\/tr>\n<tr style=\"height: 13.50pt;\">\n<td style=\"height: 13.5pt; text-align: center;\" align=\"right\" height=\"18\">550<\/td>\n<td style=\"text-align: center;\">6,6 x 22,5<\/td>\n<\/tr>\n<tr style=\"height: 13.50pt;\">\n<td style=\"height: 13.5pt; text-align: center;\" align=\"right\" height=\"18\">750<\/td>\n<td style=\"text-align: center;\">7,0 x 25,9<\/td>\n<\/tr>\n<tr style=\"height: 13.50pt;\">\n<td style=\"height: 13.5pt; text-align: center;\" align=\"right\" height=\"18\">1000<\/td>\n<td style=\"text-align: center;\">7,9 x 27,8<\/td>\n<\/tr>\n<\/tbody>\n<\/table>\n<h2>Caso di successo<\/h2>\n<p>Un marchio indipendente di bevande ha deciso di collaborare con noi per la personalizzazione di bottiglie d&#039;acqua sfuse nell&#039;ambito del lancio della sua nuova bibita. Il loro obiettivo principale era quello di avere il primo lotto sugli scaffali il prima possibile, quindi hanno deciso la forma della bottiglia, la capacit\u00e0 e gli elementi del marchio e noi abbiamo proceduto con la produzione diretta in fabbrica in base al volume degli ordini. Abbiamo anche effettuato diverse fasi di campionamento per assicurarci che le marcature colorate galvaniche, la trasparenza della bottiglia e la coerenza del lotto fossero impeccabili. Il cliente \u00e8 tornato con ulteriori ordini entro due mesi dal lancio del prodotto e la nuova linea di prodotti ha beneficiato del design del packaging in termini di visibilit\u00e0 sugli scaffali, il che ha portato a maggiori vendite.<\/p>\n<h2>I tuoi suggerimenti per la personalizzazione<\/h2>\n<p>\u00c8 possibile scegliere tra vari processi di chiusura delle bottiglie, come galvanica, spruzzatura o texture metallica spazzolata, in base al posizionamento del marchio; il corpo della bottiglia pu\u00f2 essere personalizzato con una certa trasparenza, effetto satinato o specifiche di capacit\u00e0 esclusive per adattarsi a diverse formule di bevande; \u00e8 anche possibile aggiungere un trattamento di rinforzo per la resistenza alle alte temperature o il riempimento a freddo per rendere il prodotto pi\u00f9 compatibile con la linea di produzione delle fabbriche di bevande; inoltre, \u00e8 possibile eseguire serigrafia, stampa a caldo o stampa UV per migliorare l&#039;effetto visivo sullo scaffale ed \u00e8 disponibile la personalizzazione completa del processo, dallo sviluppo del campione alla produzione di massa, posizionando cos\u00ec l&#039;intero set di bottiglie d&#039;acqua sfuse in una posizione pi\u00f9 identificabile dal marchio e commercialmente competitiva.<\/p>","protected":false},"excerpt":{"rendered":"<p>Bottiglie d&#039;acqua personalizzate di alta qualit\u00e0 per il riempimento di bevande, perfette per i marchi che cercano bottiglie d&#039;acqua all&#039;ingrosso con fornitura diretta dalla fabbrica e opzioni di personalizzazione.<\/p>","protected":false},"featured_media":3844,"template":"","meta":{"postBodyCss":"","postBodyMargin":[],"postBodyPadding":[],"postBodyBackground":{"backgroundType":"classic","gradient":""}},"product_brand":[],"product_cat":[15,16,60],"product_tag":[72],"class_list":{"0":"post-3843","1":"product","2":"type-product","3":"status-publish","4":"has-post-thumbnail","6":"product_cat-glass-containers","7":"product_cat-glass-bottles","8":"product_cat-water-bottles","9":"product_tag-juice-bottles","11":"first","12":"instock","13":"shipping-taxable","14":"product-type-simple"},"jetpack_sharing_enabled":true,"_links":{"self":[{"href":"https:\/\/minghanggroup.com\/it\/wp-json\/wp\/v2\/product\/3843","targetHints":{"allow":["GET"]}}],"collection":[{"href":"https:\/\/minghanggroup.com\/it\/wp-json\/wp\/v2\/product"}],"about":[{"href":"https:\/\/minghanggroup.com\/it\/wp-json\/wp\/v2\/types\/product"}],"wp:featuredmedia":[{"embeddable":true,"href":"https:\/\/minghanggroup.com\/it\/wp-json\/wp\/v2\/media\/3844"}],"wp:attachment":[{"href":"https:\/\/minghanggroup.com\/it\/wp-json\/wp\/v2\/media?parent=3843"}],"wp:term":[{"taxonomy":"product_brand","embeddable":true,"href":"https:\/\/minghanggroup.com\/it\/wp-json\/wp\/v2\/product_brand?post=3843"},{"taxonomy":"product_cat","embeddable":true,"href":"https:\/\/minghanggroup.com\/it\/wp-json\/wp\/v2\/product_cat?post=3843"},{"taxonomy":"product_tag","embeddable":true,"href":"https:\/\/minghanggroup.com\/it\/wp-json\/wp\/v2\/product_tag?post=3843"}],"curies":[{"name":"wp","href":"https:\/\/api.w.org\/{rel}","templated":true}]}}