{"id":3838,"date":"2025-12-05T10:42:20","date_gmt":"2025-12-05T02:42:20","guid":{"rendered":"https:\/\/minghanggroup.com\/?post_type=product&#038;p=3838"},"modified":"2026-01-20T13:50:33","modified_gmt":"2026-01-20T05:50:33","slug":"bulk-empty-clear-storage-glass-jars-with-clamp-tops","status":"publish","type":"product","link":"https:\/\/minghanggroup.com\/it\/prodotto\/bulk-empty-clear-storage-glass-jars-with-clamp-tops\/","title":{"rendered":"Barattoli di vetro trasparenti vuoti sfusi con tappo a morsetto da 25 oz, 32 oz e 50 oz"},"content":{"rendered":"<p>Questi barattoli in vetro per la conservazione sono costituiti da una parte in vetro trasparente e liscia, ciascuno con un coperchio a scatto in metallo lucido. Il design trasparente permette di vedere a colpo d&#039;occhio i cereali, le spezie o gli snack all&#039;interno, ed \u00e8 per questo che sono perfetti per conservare gli ingredienti di base della cucina.<\/p>\n<h2>Caratteristiche del prodotto<\/h2>\n<ul>\n<li><strong>Design trasparente e sottile:<\/strong> Il vetro \u00e8 completamente trasparente e il corpo \u00e8 un cilindro elegante e arrotondato che consente di vedere chiaramente il contenuto, mentre il profilo sottile \u00e8 adatto a spazi di stoccaggio di piccole dimensioni.<\/li>\n<li><strong>Sigillatura affidabile:<\/strong> I dispositivi di serraggio con guarnizioni in gomma garantiscono una tenuta affidabile, a prova di umidit\u00e0 e perdite.<\/li>\n<li><strong>Altezza salvaspazio:<\/strong> Il design alto e stretto \u00e8 un modo per ottimizzare l&#039;utilizzo dello spazio verticale in scaffali e armadi.<\/li>\n<\/ul>\n<h2 style=\"text-align: left;\">Specifiche chiave<\/h2>\n<table class=\"aligncenter\" style=\"border-collapse: collapse; width: 390.77pt;\" border=\"0\" width=\"521\" cellspacing=\"0\" cellpadding=\"0\">\n<tbody>\n<tr style=\"height: 13.50pt;\">\n<td style=\"height: 13.50pt; width: 92.25pt;\" width=\"123\" height=\"18\">Specifica<\/td>\n<td style=\"width: 298.50pt;\" width=\"398\">Dettagli<\/td>\n<\/tr>\n<tr style=\"height: 13.50pt;\">\n<td style=\"height: 13.50pt;\" height=\"18\">Capacit\u00e0<\/td>\n<td>750 ml (25 once) \/ 1000 ml (32 once) \/ 1500 ml (50 once)<\/td>\n<\/tr>\n<tr style=\"height: 13.50pt;\">\n<td style=\"height: 13.50pt;\" height=\"18\">Dimensioni<\/td>\n<td>10,8\u00d714 cm \/ 11\u00d717 cm \/ 11,6\u00d721,8 cm<\/td>\n<\/tr>\n<tr style=\"height: 13.50pt;\">\n<td style=\"height: 13.50pt;\" height=\"18\">Materiale<\/td>\n<td>Vetro trasparente<\/td>\n<\/tr>\n<tr style=\"height: 13.50pt;\">\n<td style=\"height: 13.50pt;\" height=\"18\">Tipo di coperchio<\/td>\n<td>Coperchio con morsetto in metallo e cauzione in filo metallico<\/td>\n<\/tr>\n<tr style=\"height: 13.50pt;\">\n<td style=\"height: 13.50pt;\" height=\"18\">Ideale per<\/td>\n<td>Barattoli di vetro per la conservazione, barattoli di vetro per la conservazione con coperchio<\/td>\n<\/tr>\n<\/tbody>\n<\/table>\n<h2>Caso di successo: soluzioni di stoccaggio per cucine commerciali<\/h2>\n<p>Un grande ristorante aveva bisogno di un magazzino pi\u00f9 capiente, pi\u00f9 adatto per gli ingredienti di cucina utilizzati di frequente. Hanno scelto i nostri barattoli in vetro da 1500 ml per conservare farina, cereali e pasta. Il design alto non solo ha consentito di risparmiare prezioso spazio sugli scaffali, ma ha anche aumentato la capacit\u00e0 di stoccaggio del 30% nella stessa area. Inoltre, il vetro trasparente ha permesso un controllo rapido e accurato dell&#039;inventario, riducendo cos\u00ec gli errori negli ordini del 25%. Considerati i vantaggi, hanno effettuato un altro ordine di 150.000 barattoli in vetro per rifornire tutti i loro punti vendita.<\/p>\n<h2>Opzioni di personalizzazione dei barattoli di vetro per la conservazione<\/h2>\n<ul>\n<li>Logo in rilievo: crea un&#039;elegante identit\u00e0 di marca in rilievo sul fondo del barattolo.<\/li>\n<li>Anello decorativo satinato: crea un elegante effetto a strisce opache tramite incisione acida.<\/li>\n<li>Opzioni di vetro colorato: disponibili in vetro ambrato o verde per proteggere il barattolo dall&#039;esposizione alla luce.<\/li>\n<li>Fondo rinforzato: design pi\u00f9 spesso per supportare la caduta di oggetti pi\u00f9 pesanti come farina o cereali.<\/li>\n<\/ul>\n<p>Siete pronti a portare il vostro stoccaggio di grandi quantit\u00e0 a un livello superiore? Contattateci oggi stesso per conoscere i prezzi all&#039;ingrosso di questi barattoli multiuso in vetro con coperchio a clip.<\/p>","protected":false},"excerpt":{"rendered":"<p>Barattoli di vetro trasparenti per la conservazione, progettati con coperchi a chiusura ermetica e resistenti per sigillare la freschezza. Barattoli di alta qualit\u00e0 con coperchi a chiusura ermetica a prezzi di fabbrica.<\/p>","protected":false},"featured_media":3841,"template":"","meta":{"postBodyCss":"","postBodyMargin":[],"postBodyPadding":[],"postBodyBackground":{"backgroundType":"classic","gradient":""}},"product_brand":[],"product_cat":[15,17,59],"product_tag":[66],"class_list":{"0":"post-3838","1":"product","2":"type-product","3":"status-publish","4":"has-post-thumbnail","6":"product_cat-glass-containers","7":"product_cat-glass-jars","8":"product_cat-glass-storage-jars","9":"product_tag-swing-top-jars","11":"first","12":"instock","13":"shipping-taxable","14":"product-type-simple"},"jetpack_sharing_enabled":true,"_links":{"self":[{"href":"https:\/\/minghanggroup.com\/it\/wp-json\/wp\/v2\/product\/3838","targetHints":{"allow":["GET"]}}],"collection":[{"href":"https:\/\/minghanggroup.com\/it\/wp-json\/wp\/v2\/product"}],"about":[{"href":"https:\/\/minghanggroup.com\/it\/wp-json\/wp\/v2\/types\/product"}],"wp:featuredmedia":[{"embeddable":true,"href":"https:\/\/minghanggroup.com\/it\/wp-json\/wp\/v2\/media\/3841"}],"wp:attachment":[{"href":"https:\/\/minghanggroup.com\/it\/wp-json\/wp\/v2\/media?parent=3838"}],"wp:term":[{"taxonomy":"product_brand","embeddable":true,"href":"https:\/\/minghanggroup.com\/it\/wp-json\/wp\/v2\/product_brand?post=3838"},{"taxonomy":"product_cat","embeddable":true,"href":"https:\/\/minghanggroup.com\/it\/wp-json\/wp\/v2\/product_cat?post=3838"},{"taxonomy":"product_tag","embeddable":true,"href":"https:\/\/minghanggroup.com\/it\/wp-json\/wp\/v2\/product_tag?post=3838"}],"curies":[{"name":"wp","href":"https:\/\/api.w.org\/{rel}","templated":true}]}}