{"id":3814,"date":"2025-12-04T11:49:49","date_gmt":"2025-12-04T03:49:49","guid":{"rendered":"https:\/\/minghanggroup.com\/?post_type=product&#038;p=3814"},"modified":"2026-01-20T14:18:15","modified_gmt":"2026-01-20T06:18:15","slug":"glass-bottles-of-water-for-drinks-wholesale","status":"publish","type":"product","link":"https:\/\/minghanggroup.com\/it\/prodotto\/glass-bottles-of-water-for-drinks-wholesale\/","title":{"rendered":"Bottiglie di vetro per acqua da 300 ml a 750 ml all&#039;ingrosso per bevande"},"content":{"rendered":"<p>Smettila di accontentarti di noiose bottiglie di plastica che fanno sembrare il tuo marchio scadente. Creiamo bottiglie d&#039;acqua in vetro di alta qualit\u00e0 che non solo migliorano la tua idratazione con una soluzione funzionale e alla moda, ma mantengono anche l&#039;acqua fresca. Queste non sono solo bottiglie; sono la nuova arma segreta del tuo marchio per rimanere idratato.<\/p>\n<h2>Caratteristiche del prodotto<\/h2>\n<ol>\n<li><strong>Chiarezza cristallina: <\/strong>Senza alcuno sforzo aggiuntivo, il vetro trasparente ti mostra il livello dell&#039;acqua nel tuo contenitore e, pertanto, \u00e8 un buon modo per mantenerti idratato e anche per monitorare l&#039;assunzione giornaliera di acqua.<\/li>\n<li><strong>Coperchio personalizzabile: <\/strong>Combinando e abbinando il coperchio in acciaio inossidabile, la custodia in silicone e gli anelli per il trasporto, otterrai la soluzione di idratazione perfetta, non solo comoda da trasportare, ma anche a prova di perdite.<\/li>\n<li><strong>Vetro borosilicato resistente: <\/strong>L&#039;articolo \u00e8 realizzato in robusto vetro borosilicato, che pu\u00f2 essere tranquillamente lavato in lavastoviglie e congelatore, ed \u00e8 anche resistente agli shock termici, quindi \u00e8 di lunga durata.<\/li>\n<li><strong>Dimensioni versatili: <\/strong>Le diverse dimensioni (300 ml-750 ml) soddisferanno tutte le tue esigenze idriche, che si tratti di una scrivania, di una passeggiata o di uno stile di vita che incorpori entrambe le cose.<\/li>\n<\/ol>\n<h2 data-spm-anchor-id=\"5176.28103460.0.i10.14c475511HPf5O\">Specifiche chiave<\/h2>\n<table style=\"border-collapse: collapse; width: 80%; margin-left: auto; margin-right: auto;\" border=\"0\" width=\"288\" cellspacing=\"0\" cellpadding=\"0\">\n<tbody>\n<tr style=\"height: 13.50pt;\">\n<td style=\"height: 13.5pt; width: 54pt; text-align: center;\" width=\"72\" height=\"18\">Capacit\u00e0 (ml)<\/td>\n<td style=\"width: 54pt; text-align: center;\" width=\"72\">Dimensioni (cm)<\/td>\n<td style=\"width: 54pt; text-align: center;\" width=\"72\">Materiale<\/td>\n<td style=\"width: 54pt; text-align: center;\" width=\"72\">Tipo di sigillo<\/td>\n<\/tr>\n<tr style=\"height: 13.50pt;\">\n<td style=\"height: 13.5pt; text-align: center;\" align=\"right\" height=\"18\">300<\/td>\n<td style=\"text-align: center;\">5,8 x 16,7<\/td>\n<td class=\"et2\" style=\"text-align: center;\" rowspan=\"4\">Sodio Calcio<\/td>\n<td class=\"et2\" style=\"text-align: center;\" rowspan=\"4\">Filettato + coperchio personalizzato<\/td>\n<\/tr>\n<tr style=\"height: 13.50pt;\">\n<td style=\"height: 13.5pt; text-align: center;\" align=\"right\" height=\"18\">420<\/td>\n<td style=\"text-align: center;\">6,5 x 18,6<\/td>\n<\/tr>\n<tr style=\"height: 13.50pt;\">\n<td style=\"height: 13.5pt; text-align: center;\" align=\"right\" height=\"18\">550<\/td>\n<td style=\"text-align: center;\">6,3 x 21,5<\/td>\n<\/tr>\n<tr style=\"height: 13.50pt;\">\n<td style=\"height: 13.5pt; text-align: center;\" align=\"right\" height=\"18\">750<\/td>\n<td style=\"text-align: center;\">7,1 x 24,5<\/td>\n<\/tr>\n<\/tbody>\n<\/table>\n<h2>Caso di successo<\/h2>\n<p>In sostanza, un produttore OEM di succhi di frutta sudamericano desidera migliorare l&#039;aspetto del suo succo spremuto a freddo e soddisfare i requisiti dei supermercati che richiedono contenitori riutilizzabili. Come risultato della loro decisione, hanno sostituito l&#039;etichetta con una bottiglia d&#039;acqua trasparente con pareti standard e hanno progettato una fascetta con la scritta del loro marchio. Di conseguenza, dopo il riempimento, il colore \u00e8 diventato pi\u00f9 intenso e la visibilit\u00e0 del prodotto sullo scaffale \u00e8 aumentata.<\/p>\n<p>Nel primo trimestre l&#039;azienda ha ampliato la propria rete di distribuzione includendo due importanti canali di vendita al dettaglio, con un conseguente aumento del tasso di turnover di circa il 27% dopo il lancio del nuovo prodotto.<\/p>\n<h2>I tuoi suggerimenti per la personalizzazione<\/h2>\n<p>Il tuo marchio pu\u00f2 utilizzare questa bottiglia d&#039;acqua in vetro in diversi modi: volume e proporzioni diverse per la bottiglia per rappresentare le diverse linee di bevande; un marchio pu\u00f2 essere visualizzato in modo pi\u00f9 vivido dal corpo della bottiglia che viene stampato con una serigrafia, con una stampa a caldo o con una colorazione completa con un&#039;etichetta; inoltre, il prodotto pu\u00f2 essere maggiormente differenziato sullo scaffale grazie a una variet\u00e0 di finiture del vetro come trasparente, satinato e ambrato; anche una custodia distintiva per una maggiore protezione \u00e8 qualcosa a cui pensare.<\/p>","protected":false},"excerpt":{"rendered":"<p>Bottiglie d&#039;acqua in vetro progettate per le bevande. Queste buone bottiglie d&#039;acqua in vetro sono disponibili con accessori come cannucce o fascette. Spedizione diretta dalla fabbrica.<\/p>","protected":false},"featured_media":3815,"template":"","meta":{"postBodyCss":"","postBodyMargin":[],"postBodyPadding":[],"postBodyBackground":{"backgroundType":"classic","gradient":""}},"product_brand":[],"product_cat":[15,16,60],"product_tag":[72],"class_list":{"0":"post-3814","1":"product","2":"type-product","3":"status-publish","4":"has-post-thumbnail","6":"product_cat-glass-containers","7":"product_cat-glass-bottles","8":"product_cat-water-bottles","9":"product_tag-juice-bottles","11":"first","12":"instock","13":"shipping-taxable","14":"product-type-simple"},"jetpack_sharing_enabled":true,"_links":{"self":[{"href":"https:\/\/minghanggroup.com\/it\/wp-json\/wp\/v2\/product\/3814","targetHints":{"allow":["GET"]}}],"collection":[{"href":"https:\/\/minghanggroup.com\/it\/wp-json\/wp\/v2\/product"}],"about":[{"href":"https:\/\/minghanggroup.com\/it\/wp-json\/wp\/v2\/types\/product"}],"wp:featuredmedia":[{"embeddable":true,"href":"https:\/\/minghanggroup.com\/it\/wp-json\/wp\/v2\/media\/3815"}],"wp:attachment":[{"href":"https:\/\/minghanggroup.com\/it\/wp-json\/wp\/v2\/media?parent=3814"}],"wp:term":[{"taxonomy":"product_brand","embeddable":true,"href":"https:\/\/minghanggroup.com\/it\/wp-json\/wp\/v2\/product_brand?post=3814"},{"taxonomy":"product_cat","embeddable":true,"href":"https:\/\/minghanggroup.com\/it\/wp-json\/wp\/v2\/product_cat?post=3814"},{"taxonomy":"product_tag","embeddable":true,"href":"https:\/\/minghanggroup.com\/it\/wp-json\/wp\/v2\/product_tag?post=3814"}],"curies":[{"name":"wp","href":"https:\/\/api.w.org\/{rel}","templated":true}]}}