{"id":3813,"date":"2025-12-04T10:05:31","date_gmt":"2025-12-04T02:05:31","guid":{"rendered":"https:\/\/minghanggroup.com\/?post_type=product&#038;p=3813"},"modified":"2026-01-20T13:50:59","modified_gmt":"2026-01-20T05:50:59","slug":"bulk-empty-small-glass-jars-with-airtight-lids","status":"publish","type":"product","link":"https:\/\/minghanggroup.com\/it\/prodotto\/bulk-empty-small-glass-jars-with-airtight-lids\/","title":{"rendered":"Barattoli di vetro piccoli vuoti sfusi con coperchi ermetici da 80 ml, 100 ml e 150 ml"},"content":{"rendered":"<p>Questi piccoli barattoli di vetro con coperchi ermetici e un design elegante e compatto. Sono in vetro trasparente, di forma cilindrica con un tappo a scatto in metallo lucido, un&#039;ottima soluzione per conservare piccoli oggetti.<\/p>\n<h2>Caratteristiche del prodotto<\/h2>\n<ul>\n<li><strong>Forma cilindrica chiara:<\/strong> Grazie al vetro completamente trasparente e alla forma cilindrica di base, il contenuto del contenitore \u00e8 sempre visibile e, allo stesso tempo, \u00e8 pi\u00f9 facile riporlo o impilarlo in modo compatto, risparmiando cos\u00ec spazio.<\/li>\n<li><strong>Design di tenuta a scatto:<\/strong> Il coperchio a scatto in metallo garantisce un&#039;ottima tenuta, mantenendo il barattolo al riparo dall&#039;umidit\u00e0 e sigillando ermeticamente la freschezza. Ideali per un&#039;apertura e una chiusura facili e comode, possono essere utilizzati anche per riporre piccoli oggetti.<\/li>\n<li><strong>Semplice e adattabile a vari scenari:<\/strong> Come i porta spezie da cucina o gli organizer da scrivania, che fungono da elemento funzionale e al tempo stesso esteticamente gradevole.<\/li>\n<\/ul>\n<h2 style=\"text-align: left;\">Specifiche chiave<\/h2>\n<table class=\"aligncenter\" style=\"border-collapse: collapse; width: 432.77pt;\" border=\"0\" width=\"577\" cellspacing=\"0\" cellpadding=\"0\">\n<tbody>\n<tr style=\"height: 13.50pt;\">\n<td style=\"height: 13.50pt; width: 92.25pt;\" width=\"123\" height=\"18\">Specifica<\/td>\n<td style=\"width: 340.50pt;\" width=\"454\">Dettagli<\/td>\n<\/tr>\n<tr style=\"height: 13.50pt;\">\n<td style=\"height: 13.50pt;\" height=\"18\">Capacit\u00e0<\/td>\n<td>80 ml \/ 100 ml \/ 150 ml<\/td>\n<\/tr>\n<tr style=\"height: 13.50pt;\">\n<td style=\"height: 13.50pt;\" height=\"18\">Dimensioni<\/td>\n<td>6,1\u00d77,3 cm \/ 6,3\u00d77,1 cm \/ 7,5\u00d77,2 cm<\/td>\n<\/tr>\n<tr style=\"height: 13.50pt;\">\n<td style=\"height: 13.50pt;\" height=\"18\">Materiale<\/td>\n<td>Vetro trasparente<\/td>\n<\/tr>\n<tr style=\"height: 13.50pt;\">\n<td style=\"height: 13.50pt;\" height=\"18\">Tipo di coperchio<\/td>\n<td>Coperchio con morsetto in metallo e cauzione in filo metallico<\/td>\n<\/tr>\n<tr style=\"height: 13.50pt;\">\n<td style=\"height: 13.50pt;\" height=\"18\">Ideale per<\/td>\n<td>Barattoli di vetro per la conservazione, barattoli di vetro con coperchi ermetici<\/td>\n<\/tr>\n<\/tbody>\n<\/table>\n<h2>Caso di successo: studio di caso di esempio di imballaggio di un&#039;azienda alimentare specializzata<\/h2>\n<p>Un&#039;azienda alimentare d&#039;\u00e9lite ha scelto i nostri piccoli vasetti di vetro da 100 ml con coperchio ermetico per confezionare la sua nuova linea di spezie artigianali. Il coperchio sigillato ha triplicato il sapore e la freschezza delle spezie rispetto al packaging precedente. Le spezie confezionate erano perfettamente visibili ai clienti attraverso il vetro trasparente, il che ha portato a un aumento del 40% dei tassi di conversione dei test. Ancora pi\u00f9 importante, l&#039;attraente packaging ha permesso all&#039;azienda di entrare con successo in 200 nuovi negozi specializzati. L&#039;azienda ha ordinato 300.000 vasetti di vetro per sostenere la sua espansione in tutto il Paese da quel momento in poi.<\/p>\n<h2>Opzioni di personalizzazione dei barattoli di vetro per la conservazione<\/h2>\n<ul>\n<li>Logo del marchio con stampa serigrafica: stampa loghi e informazioni sul prodotto con inchiostro ceramico resistente che dura nel tempo<\/li>\n<li>Indicatori di capacit\u00e0 in rilievo: includono graduazioni in rilievo per una misurazione accurata<\/li>\n<li>Opzioni di vetrate colorate: scegli tra vetro ambrato o blu cobalto per un efficiente blocco della luce<\/li>\n<li>Colore dell&#039;anello di tenuta in silicone: il colore dell&#039;anello di tenuta \u00e8 il colore dello schema cromatico del tuo marchio<\/li>\n<\/ul>\n<p>Siete pronti a proteggere i vostri piccoli oggetti? Contattateci oggi stesso per scoprire i prezzi all&#039;ingrosso di questi versatili vasetti di vetro (con coperchio ermetico).<\/p>","protected":false},"excerpt":{"rendered":"<p>Mantieni il cibo fresco con i nostri piccoli barattoli di vetro con coperchio ermetico. Questi barattoli di vetro con coperchio ermetico sono perfetti per spezie e snack, ora con spedizione rapida.<\/p>","protected":false},"featured_media":3820,"template":"","meta":{"postBodyCss":"","postBodyMargin":[],"postBodyPadding":[],"postBodyBackground":{"backgroundType":"classic","gradient":""}},"product_brand":[],"product_cat":[15,17,59],"product_tag":[66],"class_list":{"0":"post-3813","1":"product","2":"type-product","3":"status-publish","4":"has-post-thumbnail","6":"product_cat-glass-containers","7":"product_cat-glass-jars","8":"product_cat-glass-storage-jars","9":"product_tag-swing-top-jars","11":"first","12":"instock","13":"shipping-taxable","14":"product-type-simple"},"jetpack_sharing_enabled":true,"_links":{"self":[{"href":"https:\/\/minghanggroup.com\/it\/wp-json\/wp\/v2\/product\/3813","targetHints":{"allow":["GET"]}}],"collection":[{"href":"https:\/\/minghanggroup.com\/it\/wp-json\/wp\/v2\/product"}],"about":[{"href":"https:\/\/minghanggroup.com\/it\/wp-json\/wp\/v2\/types\/product"}],"wp:featuredmedia":[{"embeddable":true,"href":"https:\/\/minghanggroup.com\/it\/wp-json\/wp\/v2\/media\/3820"}],"wp:attachment":[{"href":"https:\/\/minghanggroup.com\/it\/wp-json\/wp\/v2\/media?parent=3813"}],"wp:term":[{"taxonomy":"product_brand","embeddable":true,"href":"https:\/\/minghanggroup.com\/it\/wp-json\/wp\/v2\/product_brand?post=3813"},{"taxonomy":"product_cat","embeddable":true,"href":"https:\/\/minghanggroup.com\/it\/wp-json\/wp\/v2\/product_cat?post=3813"},{"taxonomy":"product_tag","embeddable":true,"href":"https:\/\/minghanggroup.com\/it\/wp-json\/wp\/v2\/product_tag?post=3813"}],"curies":[{"name":"wp","href":"https:\/\/api.w.org\/{rel}","templated":true}]}}