{"id":3648,"date":"2025-11-24T14:52:42","date_gmt":"2025-11-24T06:52:42","guid":{"rendered":"https:\/\/minghanggroup.com\/?post_type=product&#038;p=3648"},"modified":"2026-01-20T14:08:25","modified_gmt":"2026-01-20T06:08:25","slug":"bulk-clear-square-glass-bottles-with-swing-tops","status":"publish","type":"product","link":"https:\/\/minghanggroup.com\/it\/prodotto\/bulk-clear-square-glass-bottles-with-swing-tops\/","title":{"rendered":"Bottiglie di vetro quadrate trasparenti sfuse con tappo a vite da 250 ml, 500 ml, 920 ml"},"content":{"rendered":"<p>Ciascuna di queste bottiglie quadrate in vetro trasparente con tappo a vite \u00e8 dotata di un tappo a vite. Queste bottiglie sono disponibili in tre diversi profili quadrati e sono realizzate in vetro trasparente. Inoltre, i barattoli sono fissati con clip metalliche che garantiscono sicurezza e un aspetto elegante e accattivante.<\/p>\n<h2>Caratteristiche del prodotto<\/h2>\n<ul>\n<li><strong>Design a pressione per sigillare:<\/strong> Grazie al tappo metallico a pressione, le bottiglie mantengono la loro capacit\u00e0 di tenuta, mantenendo cos\u00ec il contenuto fresco a lungo e offrendo inoltre un metodo semplice di apertura e chiusura.<\/li>\n<li><strong>Design quadrato salvaspazio:<\/strong> In generale, il corpo della bottiglia, di forma cilindrica, \u00e8 pi\u00f9 efficiente in termini di imballaggio, consentendo di risparmiare fino al 25% dello spazio sugli scaffali solitamente occupato dalle bottiglie rotonde.<\/li>\n<li><strong>Migliore stabilit\u00e0:<\/strong> Il fondo largo e piatto \u00e8 un fattore di stabilit\u00e0 che rende la bottiglia meno incline a ribaltarsi, rendendola quindi pi\u00f9 stabile durante la manipolazione e l&#039;esposizione.<\/li>\n<\/ul>\n<h2 style=\"text-align: left;\">Specifiche chiave<\/h2>\n<table class=\"aligncenter\" width=\"884\">\n<tbody>\n<tr>\n<td width=\"122\">Caratteristica<\/td>\n<td width=\"762\">Dettagli<\/td>\n<\/tr>\n<tr>\n<td>Misurare<\/td>\n<td>250 ml: 5,7 \u00d7 5,7 \u00d7 18,6 cm \/ 500 ml: 6,6 \u00d7 6,6 \u00d7 26,1 cm \/ 920 ml: 7,6 \u00d7 7,6 \u00d7 30,5 cm<\/td>\n<\/tr>\n<tr>\n<td>Materiale<\/td>\n<td>Vetro sodico-calcico trasparente<\/td>\n<\/tr>\n<tr>\n<td>Adatto per<\/td>\n<td>Bottiglie con tappo a vite, bottiglie con tappo a scatto<\/td>\n<\/tr>\n<\/tbody>\n<\/table>\n<h2>Storia di successo: come un&#039;azienda di bevande speciali ha fatto crescere la sua attivit\u00e0<\/h2>\n<p>Dopo che l&#039;azienda produttrice di birra artigianale ha deciso di utilizzare la nostra bottiglia quadrata trasparente da 500 ml con tappo a vite, l&#039;azienda ha subito un profondo cambiamento: \u00e8 riuscita a stoccare il 30% di prodotto in pi\u00f9 nello stesso spazio di magazzino, con una riduzione del 22% dei costi di stoccaggio. Il design futuristico \u00e8 diventato il loro prodotto di punta e il tasso di coinvolgimento sui social media \u00e8 aumentato del 40%. Sulla base di questi risultati, l&#039;azienda ha recentemente effettuato un ordine all&#039;ingrosso di oltre 500.000 bottiglie per facilitare il lancio della nuova linea di prodotti in tutto il paese.<\/p>\n<h2>Opzioni di personalizzazione delle bottiglie con tappo a vite<\/h2>\n<p>Trasforma queste straordinarie bottiglie con tappo a vite nella tua identit\u00e0 di marca personale:<\/p>\n<ul>\n<li>Finitura satinata: la finitura opaca acidata conferisce al prodotto un tocco pi\u00f9 elegante e morbido.<\/li>\n<li>Colore del cappuccio personalizzato: la fibbia in metallo o la rifinitura bianca possono essere modificate in modo che corrispondano ai colori del tuo marchio<\/li>\n<li>Logo in rilievo: il design leggermente rialzato sul lato della bottiglia, che pu\u00f2 essere percepito con la mano, funge da identit\u00e0 del marchio<\/li>\n<li>Bottiglia in vetro ambrato: l&#039;opzione delle bottiglie in vetro ambrato con caratteristiche che bloccano la luce \u00e8 perfetta per i prodotti delicati<\/li>\n<\/ul>","protected":false},"excerpt":{"rendered":"<p>Scopri le bottiglie quadrate in vetro trasparente con tappo a chiusura ermetica: pratiche ed eleganti bottiglie con tappo a chiusura ermetica, ideali per ordini all&#039;ingrosso con sconti all&#039;ingrosso.<\/p>","protected":false},"featured_media":3652,"template":"","meta":{"postBodyCss":"","postBodyMargin":[],"postBodyPadding":[],"postBodyBackground":{"backgroundType":"classic","gradient":""}},"product_brand":[],"product_cat":[15,16,56],"product_tag":[79,72,78],"class_list":{"0":"post-3648","1":"product","2":"type-product","3":"status-publish","4":"has-post-thumbnail","6":"product_cat-glass-containers","7":"product_cat-glass-bottles","8":"product_cat-flip-top-bottles","9":"product_tag-beer-bottles","10":"product_tag-juice-bottles","11":"product_tag-water-bottles","13":"first","14":"instock","15":"shipping-taxable","16":"product-type-simple"},"jetpack_sharing_enabled":true,"_links":{"self":[{"href":"https:\/\/minghanggroup.com\/it\/wp-json\/wp\/v2\/product\/3648","targetHints":{"allow":["GET"]}}],"collection":[{"href":"https:\/\/minghanggroup.com\/it\/wp-json\/wp\/v2\/product"}],"about":[{"href":"https:\/\/minghanggroup.com\/it\/wp-json\/wp\/v2\/types\/product"}],"wp:featuredmedia":[{"embeddable":true,"href":"https:\/\/minghanggroup.com\/it\/wp-json\/wp\/v2\/media\/3652"}],"wp:attachment":[{"href":"https:\/\/minghanggroup.com\/it\/wp-json\/wp\/v2\/media?parent=3648"}],"wp:term":[{"taxonomy":"product_brand","embeddable":true,"href":"https:\/\/minghanggroup.com\/it\/wp-json\/wp\/v2\/product_brand?post=3648"},{"taxonomy":"product_cat","embeddable":true,"href":"https:\/\/minghanggroup.com\/it\/wp-json\/wp\/v2\/product_cat?post=3648"},{"taxonomy":"product_tag","embeddable":true,"href":"https:\/\/minghanggroup.com\/it\/wp-json\/wp\/v2\/product_tag?post=3648"}],"curies":[{"name":"wp","href":"https:\/\/api.w.org\/{rel}","templated":true}]}}