{"id":3638,"date":"2025-11-24T13:14:39","date_gmt":"2025-11-24T05:14:39","guid":{"rendered":"https:\/\/minghanggroup.com\/?post_type=product&#038;p=3638"},"modified":"2026-01-20T14:08:58","modified_gmt":"2026-01-20T06:08:58","slug":"bulk-resealable-glass-brown-flip-top-beer-bottles","status":"publish","type":"product","link":"https:\/\/minghanggroup.com\/it\/prodotto\/bulk-resealable-glass-brown-flip-top-beer-bottles\/","title":{"rendered":"Bottiglie di birra richiudibili in vetro marrone con tappo a scatto da 11 oz, 16 oz e 25 oz"},"content":{"rendered":"<p>Queste bottiglie di birra con tappo a vite qui mostrate sono in vetro marrone scuro con un tappo a pressione in metallo dalla forma elegante e allungata. Si tratta di bottiglie di vetro richiudibili di alta qualit\u00e0.<\/p>\n<h2>Caratteristiche del prodotto<\/h2>\n<ul>\n<li><strong>Materiale del vetro marrone:<\/strong> Il vetro marrone assorbe la luce dannosa per il liquido contenuto al suo interno (come birra o salsa), conferendogli al contempo un aspetto retr\u00f2.<\/li>\n<li><strong>Design di tenuta a scatto:<\/strong> Grazie all&#039;installazione di un tappo a scatto in metallo rosso e bianco, si ottiene un&#039;eccellente tenuta, la freschezza pu\u00f2 essere mantenuta a lungo e l&#039;apertura e la chiusura possono essere eseguite senza sforzo.<\/li>\n<li><strong>Forma della bottiglia alla moda:<\/strong> La bottiglia dalla forma allungata ed elegante non \u00e8 solo comoda da tenere in mano, ma pu\u00f2 anche essere lasciata senza problemi in frigorifero o su uno scaffale; \u00e8 proprio ci\u00f2 che serve per la preparazione casalinga della birra, la conservazione dei liquidi e per molti altri scopi.<\/li>\n<\/ul>\n<h2 style=\"text-align: left;\">Specifiche chiave<\/h2>\n<table class=\"aligncenter\" width=\"717\">\n<tbody>\n<tr>\n<td width=\"122\">Caratteristica<\/td>\n<td width=\"595\">Dettagli<\/td>\n<\/tr>\n<tr>\n<td>Misurare<\/td>\n<td>330 ml (11 oz): 6,25 \u00d7 22 cm \/ 500 ml (16 oz): 7,1 \u00d7 25,6 cm \/ 750 ml (25 oz): 7,8 \u00d7 30,5 cm<\/td>\n<\/tr>\n<tr>\n<td>Materiale<\/td>\n<td>Vetro sodico-calcico ambrato (marrone)<\/td>\n<\/tr>\n<tr>\n<td>Adatto per<\/td>\n<td>Bottiglie di birra con tappo a scatto, bottiglie di vetro richiudibili<\/td>\n<\/tr>\n<\/tbody>\n<\/table>\n<h2>Storia di successo: l&#039;espansione di un piccolo birrificio<\/h2>\n<p>Il piccolo birrificio in espansione ha dovuto elaborare un piano di packaging che non solo preservasse la qualit\u00e0 della sua birra, ma la distinguesse anche dalle altre presenti sugli scaffali. Alla fine hanno deciso di utilizzare le nostre bottiglie di vetro richiudibili da 500 ml per la loro linea di prodotti di lusso. Inoltre, il vetro ambrato offre una protezione UV completa, evitando cos\u00ec che la bevanda si rovini. Il design richiudibile \u00e8 stato molto apprezzato dai clienti, i cui feedback hanno indicato che le bottiglie hanno mantenuto le bollicine fino a 7 giorni dopo l&#039;apertura. Rispetto al packaging precedente, la durata della bottiglia ha comportato una riduzione del 25% delle rotture durante il riempimento. Grazie a queste eccezionali prestazioni, hanno recentemente effettuato un nuovo ordine di oltre 100.000 bottiglie per poter distribuire i loro prodotti in tre nuovi stati.<\/p>\n<h2>Opzioni di personalizzazione delle bottiglie di birra con tappo a ribalta<\/h2>\n<ul>\n<li>Colori del vetro personalizzati: \u00e8 possibile scegliere tra diverse tonalit\u00e0 di vetro, dall&#039;ambra chiaro al marrone scuro, per soddisfare diverse esigenze di protezione UV.<\/li>\n<li>Marcature incise con acido: la marcatura incisa con acido crea un logo sbiadito che non si staccher\u00e0 mai, nemmeno dopo la pulizia o la manipolazione.<\/li>\n<li>Marcature in rilievo del volume: introdurre graduazioni in rilievo per una misurazione precisa del ripieno e per garantire la consistenza della ricetta.<\/li>\n<li>Goffratura sul collo: sposta il logo del tuo marchio o il codice del lotto dal collo al livello successivo, insieme all&#039;immagine del tuo prodotto, tramite la goffratura sul collo.<\/li>\n<\/ul>\n<p>Vuoi portare il tuo packaging per bevande a un livello superiore? Contattaci subito se vuoi conoscere i prezzi per l&#039;acquisto all&#039;ingrosso di queste bottiglie di birra premium con tappo flip-top!<\/p>","protected":false},"excerpt":{"rendered":"<p>Prepara, conserva e gusta la birra con facilit\u00e0 grazie alle bottiglie con tappo a vite e alle versatili bottiglie in vetro richiudibili. Sono disponibili tutti i formati, in magazzino e con spedizione rapida.<\/p>","protected":false},"featured_media":3642,"template":"","meta":{"postBodyCss":"","postBodyMargin":[],"postBodyPadding":[],"postBodyBackground":{"backgroundType":"classic","gradient":""}},"product_brand":[],"product_cat":[15,16,56],"product_tag":[79,72],"class_list":{"0":"post-3638","1":"product","2":"type-product","3":"status-publish","4":"has-post-thumbnail","6":"product_cat-glass-containers","7":"product_cat-glass-bottles","8":"product_cat-flip-top-bottles","9":"product_tag-beer-bottles","10":"product_tag-juice-bottles","12":"first","13":"instock","14":"shipping-taxable","15":"product-type-simple"},"jetpack_sharing_enabled":true,"_links":{"self":[{"href":"https:\/\/minghanggroup.com\/it\/wp-json\/wp\/v2\/product\/3638","targetHints":{"allow":["GET"]}}],"collection":[{"href":"https:\/\/minghanggroup.com\/it\/wp-json\/wp\/v2\/product"}],"about":[{"href":"https:\/\/minghanggroup.com\/it\/wp-json\/wp\/v2\/types\/product"}],"wp:featuredmedia":[{"embeddable":true,"href":"https:\/\/minghanggroup.com\/it\/wp-json\/wp\/v2\/media\/3642"}],"wp:attachment":[{"href":"https:\/\/minghanggroup.com\/it\/wp-json\/wp\/v2\/media?parent=3638"}],"wp:term":[{"taxonomy":"product_brand","embeddable":true,"href":"https:\/\/minghanggroup.com\/it\/wp-json\/wp\/v2\/product_brand?post=3638"},{"taxonomy":"product_cat","embeddable":true,"href":"https:\/\/minghanggroup.com\/it\/wp-json\/wp\/v2\/product_cat?post=3638"},{"taxonomy":"product_tag","embeddable":true,"href":"https:\/\/minghanggroup.com\/it\/wp-json\/wp\/v2\/product_tag?post=3638"}],"curies":[{"name":"wp","href":"https:\/\/api.w.org\/{rel}","templated":true}]}}