{"id":3632,"date":"2025-11-24T11:57:38","date_gmt":"2025-11-24T03:57:38","guid":{"rendered":"https:\/\/minghanggroup.com\/?post_type=product&#038;p=3632"},"modified":"2026-01-20T13:58:45","modified_gmt":"2026-01-20T05:58:45","slug":"vintage-pickle-jar-for-packaging-bulk","status":"publish","type":"product","link":"https:\/\/minghanggroup.com\/it\/prodotto\/vintage-pickle-jar-for-packaging-bulk\/","title":{"rendered":"Barattolo per sottaceti vintage per confezionamento sfuso da 50 ml a 380 ml"},"content":{"rendered":"<p>Il barattolo vintage per sottaceti che contiene le tue cipolle sottaceto deve essere saporito quanto loro. Creiamo barattoli per sottaceti in vetro retr\u00f2 di alta qualit\u00e0 che non solo trasformano il tuo packaging alimentare in un accessorio pratico ed elegante da cucina, ma prolungano anche la freschezza delle tue verdure sottaceto. Non sono pi\u00f9 semplici contenitori, ma la nuova arma segreta del tuo marchio per attrarre clienti.<\/p>\n<h2>Caratteristiche del prodotto<\/h2>\n<ol>\n<li><strong>Design vintage senza tempo: <\/strong>Aggiungendo semplicemente un coperchio metallico a strisce rosse e bianche alla nostra iconica forma circolare, il tuo marchio acquisir\u00e0 immediatamente un aspetto vintage, molto attraente per i clienti che cercano contenitori in vetro riutilizzabili.<\/li>\n<li><strong>Chiarezza cristallina: <\/strong>L&#039;uso del vetro bianco lucido permette a chiunque di vedere immediatamente le verdure fresche e colorate nel barattolo. I barattoli per cipolle sottaceto diventano quindi non solo la migliore soluzione per la conservazione degli alimenti, ma anche un&#039;ottima soluzione espositiva per la vendita al dettaglio.<\/li>\n<li><strong>Sigillo ermetico sicuro: <\/strong>Il coperchio in metallo con finiture a filettatura continua \u00e8 ci\u00f2 che garantisce la perfetta tenuta del barattolo, cos\u00ec la freschezza e il sapore rimangono nel barattolo e la salamoia si conserva perfetta per i vostri sottaceti di cetrioli e aneto.<\/li>\n<li><strong>Capacit\u00e0 versatile: <\/strong>Le diverse dimensioni (50 ml-380 ml) sono sufficienti a soddisfare tutte le vostre esigenze di sottaceti e inscatolamento, che si tratti di piccoli campioni o di grandi ordini all&#039;ingrosso di prodotti alimentari.<\/li>\n<\/ol>\n<h2>Specifiche chiave<\/h2>\n<table style=\"border-collapse: collapse; width: 80%; margin-left: auto; margin-right: auto;\" border=\"0\" width=\"288\" cellspacing=\"0\" cellpadding=\"0\">\n<tbody>\n<tr style=\"height: 13.50pt;\">\n<td style=\"height: 13.5pt; width: 54pt; text-align: center;\" width=\"72\" height=\"18\">Capacit\u00e0 (ml)<\/td>\n<td style=\"width: 54pt; text-align: center;\" width=\"72\">Dimensioni (cm)<\/td>\n<td style=\"width: 54pt; text-align: center;\" width=\"72\">Utilizzo<\/td>\n<td style=\"width: 54pt; text-align: center;\" width=\"72\">Coperchi<\/td>\n<\/tr>\n<tr style=\"height: 13.50pt;\">\n<td style=\"height: 13.5pt; text-align: center;\" align=\"right\" height=\"18\">50<\/td>\n<td style=\"text-align: center;\">4.4 * 5.5<\/td>\n<td class=\"et2\" style=\"text-align: center;\" rowspan=\"6\">Marmellata, sottaceti, miele<\/td>\n<td class=\"et2\" style=\"text-align: center;\" rowspan=\"6\">Copertura in latta<\/td>\n<\/tr>\n<tr style=\"height: 13.50pt;\">\n<td style=\"height: 13.5pt; text-align: center;\" align=\"right\" height=\"18\">100<\/td>\n<td style=\"text-align: center;\">5.9 * 6.4<\/td>\n<\/tr>\n<tr style=\"height: 13.50pt;\">\n<td style=\"height: 13.5pt; text-align: center;\" align=\"right\" height=\"18\">150<\/td>\n<td style=\"text-align: center;\">6.5 * 6.8<\/td>\n<\/tr>\n<tr style=\"height: 13.50pt;\">\n<td style=\"height: 13.5pt; text-align: center;\" align=\"right\" height=\"18\">200<\/td>\n<td style=\"text-align: center;\">6.5\u00a0 8 .5<\/td>\n<\/tr>\n<tr style=\"height: 13.50pt;\">\n<td style=\"height: 13.5pt; text-align: center;\" align=\"right\" height=\"18\">250<\/td>\n<td style=\"text-align: center;\">7.5 * 9.7<\/td>\n<\/tr>\n<tr style=\"height: 13.50pt;\">\n<td style=\"height: 13.5pt; text-align: center;\" align=\"right\" height=\"18\">380<\/td>\n<td style=\"text-align: center;\">8.4 * 11.5<\/td>\n<\/tr>\n<\/tbody>\n<\/table>\n<h2>Caso di successo<\/h2>\n<p>Quando un piccolo marchio di sottaceti del nord dell&#039;Inghilterra aveva bisogno di un packaging che ne esaltasse i sapori tradizionali, ha optato per il nostro barattolo vintage per sottaceti. Il cliente desiderava lanciare una linea di cipolle sottaceto in stile retr\u00f2, quindi era necessario trovare un barattolo dalla forma nostalgica e al tempo stesso facilmente riempibile industrialmente. Abbiamo abbinato il barattolo a un barattolo rotondo dal fondo spesso e creato un coperchio personalizzato a scacchi rossi e bianchi per rendere il prodotto pi\u00f9 riconoscibile visivamente ai clienti sullo scaffale.<\/p>\n<p>Ci hanno riferito che le vendite della linea di cipolle sottaceto sono aumentate del 30% nelle catene di supermercati locali dopo il lancio.<\/p>\n<h2>I tuoi consigli per personalizzare i barattoli per sottaceti vintage<\/h2>\n<p>Supponiamo che tu voglia personalizzare questo barattolo per sottaceti in stile antico; innanzitutto, \u00e8 consigliabile avere uno stile generale che sia pi\u00f9 in armonia con la storia del tuo marchio. Ad esempio, \u00e8 possibile semplicemente aggiungere un esclusivo motivo in rilievo al coperchio a scacchi rossi e bianchi non solo per far risaltare la confezione, ma anche per rafforzarne l&#039;atmosfera retr\u00f2. Inoltre, la capacit\u00e0 del barattolo e lo spessore del vetro possono essere modificati per adattarsi alle consistenze e al metodo di riempimento dei diversi prodotti sottaceto. Oltre a ci\u00f2, \u00e8 possibile garantire un&#039;identit\u00e0 visiva stabile e indimenticabile non solo per i barattoli di cipolle sottaceto e altre linee di sottaceti, ma anche in generale, semplicemente aggiungendo un logo in rilievo o personalizzando le dimensioni dell&#039;etichetta.<\/p>","protected":false},"excerpt":{"rendered":"<p>Scopri la nostra serie di barattoli vintage per sottaceti, ideali per contenitori di cipolle sottaceto in grandi quantit\u00e0. Vetro resistente, coperchi a chiusura ermetica, campione gratuito e consegna direttamente in fabbrica.<\/p>","protected":false},"featured_media":3633,"template":"","meta":{"postBodyCss":"","postBodyMargin":[],"postBodyPadding":[],"postBodyBackground":{"backgroundType":"classic","gradient":""}},"product_brand":[],"product_cat":[15,17,55],"product_tag":[65,71],"class_list":{"0":"post-3632","1":"product","2":"type-product","3":"status-publish","4":"has-post-thumbnail","6":"product_cat-glass-containers","7":"product_cat-glass-jars","8":"product_cat-pickle-jars","9":"product_tag-glass-jam-jars","10":"product_tag-honey-jars","12":"first","13":"instock","14":"shipping-taxable","15":"product-type-simple"},"jetpack_sharing_enabled":true,"_links":{"self":[{"href":"https:\/\/minghanggroup.com\/it\/wp-json\/wp\/v2\/product\/3632","targetHints":{"allow":["GET"]}}],"collection":[{"href":"https:\/\/minghanggroup.com\/it\/wp-json\/wp\/v2\/product"}],"about":[{"href":"https:\/\/minghanggroup.com\/it\/wp-json\/wp\/v2\/types\/product"}],"wp:featuredmedia":[{"embeddable":true,"href":"https:\/\/minghanggroup.com\/it\/wp-json\/wp\/v2\/media\/3633"}],"wp:attachment":[{"href":"https:\/\/minghanggroup.com\/it\/wp-json\/wp\/v2\/media?parent=3632"}],"wp:term":[{"taxonomy":"product_brand","embeddable":true,"href":"https:\/\/minghanggroup.com\/it\/wp-json\/wp\/v2\/product_brand?post=3632"},{"taxonomy":"product_cat","embeddable":true,"href":"https:\/\/minghanggroup.com\/it\/wp-json\/wp\/v2\/product_cat?post=3632"},{"taxonomy":"product_tag","embeddable":true,"href":"https:\/\/minghanggroup.com\/it\/wp-json\/wp\/v2\/product_tag?post=3632"}],"curies":[{"name":"wp","href":"https:\/\/api.w.org\/{rel}","templated":true}]}}