{"id":3627,"date":"2025-11-21T15:49:28","date_gmt":"2025-11-21T07:49:28","guid":{"rendered":"https:\/\/minghanggroup.com\/?post_type=product&#038;p=3627"},"modified":"2026-01-20T14:09:26","modified_gmt":"2026-01-20T06:09:26","slug":"bulk-clear-16-oz-flip-top-bottles-for-fermentation","status":"publish","type":"product","link":"https:\/\/minghanggroup.com\/it\/prodotto\/bulk-clear-16-oz-flip-top-bottles-for-fermentation\/","title":{"rendered":"Bottiglie con tappo a scatto da 11 oz e 16 oz per la fermentazione"},"content":{"rendered":"<p>Con queste bottiglie da 16 once con tappo a vite, puoi portare a termine i tuoi progetti di fermentazione in tutta sicurezza. Sono realizzate in vetro lucido e hanno un tappo a scatto in metallo. Inoltre, puoi facilmente controllare il contenuto senza aprire il contenitore.<\/p>\n<h2>Caratteristiche del prodotto<\/h2>\n<ul>\n<li><strong>Blocco di carbonatazione ermetico:<\/strong> Grazie alle spesse guarnizioni in gomma che garantiscono una tenuta molto ermetica, la carbonatazione della bevanda viene mantenuta, consentendole di avere sempre una consistenza leggera e ariosa.<\/li>\n<li><strong>Durevole e riciclabile:<\/strong> Le bottiglie sono in vetro resistente con tappo a scatto antiruggine, quindi sono durevoli e possono essere utilizzate ripetutamente per cicli di fermentazione.<\/li>\n<li><strong>Solo due taglie:<\/strong> Le due dimensioni di queste bottiglie sono in grado di soddisfare diverse esigenze di conservazione e possono essere utilizzate per bevande, salse e una vasta gamma di altre cose.<\/li>\n<\/ul>\n<h2 style=\"text-align: left;\">Specifiche chiave<\/h2>\n<table class=\"aligncenter\" style=\"border-collapse: collapse; width: 474.02pt;\" border=\"0\" width=\"632\" cellspacing=\"0\" cellpadding=\"0\">\n<tbody>\n<tr style=\"height: 13.50pt;\">\n<td style=\"height: 13.50pt; width: 93.75pt;\" width=\"125\" height=\"18\">Caratteristica<\/td>\n<td style=\"width: 380.25pt;\" width=\"507\">Dettagli<\/td>\n<\/tr>\n<tr style=\"height: 13.50pt;\">\n<td style=\"height: 13.50pt;\" height=\"18\">Dimensioni<\/td>\n<td>330 ml (11 oz): 6,35 cm \u00d7 22 cm \/ 500 ml (16 oz): 7,1 cm \u00d7 25,6 cm<\/td>\n<\/tr>\n<tr style=\"height: 13.50pt;\">\n<td style=\"height: 13.50pt;\" height=\"18\">Materiale<\/td>\n<td>Vetro sodico-calcico trasparente<\/td>\n<\/tr>\n<tr style=\"height: 13.50pt;\">\n<td style=\"height: 13.50pt;\" height=\"18\">Adatto per<\/td>\n<td>bottiglia per la fermentazione, bottiglie con tappo a vite<\/td>\n<\/tr>\n<\/tbody>\n<\/table>\n<h2>Storia di successo: l&#039;inizio e la crescita di un produttore artigianale di soda<\/h2>\n<p>Uno dei problemi affrontati da una startup produttrice di bibite artigianali era che i tappi non riuscivano a trattenere la naturale carbonatazione del prodotto. Dopodich\u00e9, hanno deciso di utilizzare la nostra bottiglia flip-top da 16 once solo per la fermentazione e il confezionamento. I risultati sono stati fantastici. Uno dei motivi principali \u00e8 stata la perfetta tenuta grazie alla quale hanno mantenuto il prodotto gassato per oltre sei mesi, riducendo cos\u00ec il tasso di resi a quasi zero. In secondo luogo, grazie alla riutilizzabilit\u00e0 della bottiglia, la fidelizzazione dei clienti \u00e8 aumentata notevolmente, con un aumento del 40% degli acquisti ripetuti. Grazie alle sue eccellenti prestazioni, hanno ordinato oltre 250.000 bottiglie per il lancio della loro nuova linea di prodotti in tutto il paese.<\/p>\n<h2>Soluzioni di birrificazione personalizzate<\/h2>\n<ul>\n<li><strong>Protezione in vetro ambrato:<\/strong> Lo scopo del vetro ambrato \u00e8 quello di proteggere la birra e, in generale, le bevande sensibili alla luce dai dannosi raggi UV.<\/li>\n<li><strong>Marcature in rilievo:<\/strong> Per ottenere misurazioni precise, sono installati dei marcatori permanenti in rilievo del volume.<\/li>\n<li><strong>Finitura opaca:<\/strong> L&#039;intera bottiglia di vetro \u00e8 ricoperta da un rivestimento opaco che le conferisce una consistenza lussuosa e antiscivolo.<\/li>\n<li><strong>Goffratura sul collo della bottiglia:<\/strong> Il collo della bottiglia \u00e8 delicatamente goffrato con un motivo che conferisce un&#039;identit\u00e0 del marchio tattile e unica.<\/li>\n<\/ul>","protected":false},"excerpt":{"rendered":"<p>Scopri la bottiglia perfetta per la fermentazione con le nostre resistenti bottiglie da 16 once con tappo a vite, che offrono prestazioni ermetiche per la preparazione della birra. Ora con spedizione veloce.<\/p>","protected":false},"featured_media":3629,"template":"","meta":{"postBodyCss":"","postBodyMargin":[],"postBodyPadding":[],"postBodyBackground":{"backgroundType":"classic","gradient":""}},"product_brand":[],"product_cat":[15,16,56],"product_tag":[79,72,78],"class_list":{"0":"post-3627","1":"product","2":"type-product","3":"status-publish","4":"has-post-thumbnail","6":"product_cat-glass-containers","7":"product_cat-glass-bottles","8":"product_cat-flip-top-bottles","9":"product_tag-beer-bottles","10":"product_tag-juice-bottles","11":"product_tag-water-bottles","13":"first","14":"instock","15":"shipping-taxable","16":"product-type-simple"},"jetpack_sharing_enabled":true,"_links":{"self":[{"href":"https:\/\/minghanggroup.com\/it\/wp-json\/wp\/v2\/product\/3627","targetHints":{"allow":["GET"]}}],"collection":[{"href":"https:\/\/minghanggroup.com\/it\/wp-json\/wp\/v2\/product"}],"about":[{"href":"https:\/\/minghanggroup.com\/it\/wp-json\/wp\/v2\/types\/product"}],"wp:featuredmedia":[{"embeddable":true,"href":"https:\/\/minghanggroup.com\/it\/wp-json\/wp\/v2\/media\/3629"}],"wp:attachment":[{"href":"https:\/\/minghanggroup.com\/it\/wp-json\/wp\/v2\/media?parent=3627"}],"wp:term":[{"taxonomy":"product_brand","embeddable":true,"href":"https:\/\/minghanggroup.com\/it\/wp-json\/wp\/v2\/product_brand?post=3627"},{"taxonomy":"product_cat","embeddable":true,"href":"https:\/\/minghanggroup.com\/it\/wp-json\/wp\/v2\/product_cat?post=3627"},{"taxonomy":"product_tag","embeddable":true,"href":"https:\/\/minghanggroup.com\/it\/wp-json\/wp\/v2\/product_tag?post=3627"}],"curies":[{"name":"wp","href":"https:\/\/api.w.org\/{rel}","templated":true}]}}