{"id":3617,"date":"2025-11-21T15:33:42","date_gmt":"2025-11-21T07:33:42","guid":{"rendered":"https:\/\/minghanggroup.com\/?post_type=product&#038;p=3617"},"modified":"2026-01-20T13:58:56","modified_gmt":"2026-01-20T05:58:56","slug":"custom-glass-pickle-jars-wholesale","status":"publish","type":"product","link":"https:\/\/minghanggroup.com\/it\/prodotto\/custom-glass-pickle-jars-wholesale\/","title":{"rendered":"Barattoli per sottaceti in vetro personalizzati da 100 ml a 750 ml all&#039;ingrosso"},"content":{"rendered":"<p>Perch\u00e9 mettere i cetrioli sottaceto in barattoli noiosi? Produciamo eleganti barattoli di vetro di alta qualit\u00e0 con apertura alta per sottaceti che non solo mantengono la freschezza, ma rendono anche il tuo marchio visivamente accattivante. Non sono semplici contenitori: sono il tuo ingrediente segreto per distinguerti sugli scaffali.<\/p>\n<h2>Caratteristiche del prodotto<\/h2>\n<ol>\n<li><strong>Guarnizione superiore alta:<\/strong>Grazie al coperchio in metallo, il nostro design alto garantisce una chiusura ermetica tra metallo e vetro che mantiene il prodotto fresco e ne preserva il sapore per le esigenze di sottaceti e inscatolamento, risultando quindi ideale per conservare sottaceti e verdure in fermentazione.<\/li>\n<li><strong>Chiarezza cristallina:<\/strong>Il vetro trasparente consente ai consumatori di verificare immediatamente i colori vivaci delle verdure sottaceto, il che \u00e8 ideale per i sottaceti in salamoia e i cetrioli sottaceto nella vostra dispensa.<\/li>\n<li><strong>Dimensioni versatili:<\/strong>Diverse capacit\u00e0 (da 100 ml a 220 ml) vi permetteranno di soddisfare tutte le vostre esigenze di conservazione in salamoia, che si tratti di un piccolo campione o di un grande ordine all&#039;ingrosso. Questi barattoli economici sono perfetti per le vostre esigenze all&#039;ingrosso e possono essere riempiti con frutta, verdura e aneto.<\/li>\n<\/ol>\n<h2>Specifiche chiave<\/h2>\n<table style=\"border-collapse: collapse; width: 80%; margin-left: auto; margin-right: auto;\" border=\"0\" width=\"216\" cellspacing=\"0\" cellpadding=\"0\">\n<tbody>\n<tr style=\"height: 13.50pt;\">\n<td style=\"height: 13.5pt; width: 54pt; text-align: center;\" width=\"72\" height=\"18\">Capacit\u00e0 (ml)<\/td>\n<td style=\"width: 54pt; text-align: center;\" width=\"72\">Dimensioni (cm)<\/td>\n<td style=\"width: 54pt; text-align: center;\" width=\"72\">Forma<\/td>\n<\/tr>\n<tr style=\"height: 13.50pt;\">\n<td style=\"height: 13.5pt; text-align: center;\" align=\"right\" height=\"18\">100<\/td>\n<td style=\"text-align: center;\">6,2 x 6,8<\/td>\n<td class=\"et3\" style=\"text-align: center;\" rowspan=\"7\">Girare<\/td>\n<\/tr>\n<tr style=\"height: 13.50pt;\">\n<td style=\"height: 13.5pt; text-align: center;\" height=\"18\">150 \/ 5 once<\/td>\n<td style=\"text-align: center;\">7,5 x 6,6<\/td>\n<\/tr>\n<tr style=\"height: 13.50pt;\">\n<td style=\"height: 13.5pt; text-align: center;\" height=\"18\">180 \/ 6 once<\/td>\n<td style=\"text-align: center;\">7,3 x 7,8<\/td>\n<\/tr>\n<tr style=\"height: 13.50pt;\">\n<td style=\"height: 13.5pt; text-align: center;\" align=\"right\" height=\"18\">220<\/td>\n<td style=\"text-align: center;\">6,6 x 10,6<\/td>\n<\/tr>\n<tr style=\"height: 13.50pt;\">\n<td style=\"height: 13.5pt; text-align: center;\" align=\"right\" height=\"18\">380<\/td>\n<td style=\"text-align: center;\">7,5 x 12,5<\/td>\n<\/tr>\n<tr style=\"height: 13.50pt;\">\n<td style=\"height: 13.5pt; text-align: center;\" align=\"right\" height=\"18\">500<\/td>\n<td style=\"text-align: center;\">7,5 x 14,9<\/td>\n<\/tr>\n<tr style=\"height: 13.50pt;\">\n<td style=\"height: 13.5pt; text-align: center;\" height=\"18\">750 \/ 25 once<\/td>\n<td style=\"text-align: center;\">8,6 x 17,5<\/td>\n<\/tr>\n<\/tbody>\n<\/table>\n<h2>Caso di successo<\/h2>\n<p>Un produttore di condimenti dell&#039;Ontario aveva bisogno di una linea di produzione unica in grado di confezionare salse piccanti e conserve dolci in barattoli per sottaceti. Per produrre tre diverse dimensioni di barattoli per sottaceti in vetro con coperchi metallici adatti alla produzione a caldo, si sono rivolti a noi.<\/p>\n<p>Utilizzando questi barattoli, il loro confezionamento tramite il confezionatore a contratto \u00e8 diventato pi\u00f9 efficiente del 22% e il marchio ha anche registrato una notevole riduzione dei volumi di reclami per perdite.<\/p>\n<h2>I tuoi suggerimenti per la personalizzazione<\/h2>\n<p>Pur personalizzando questi barattoli in vetro per sottaceti, i marchi hanno la libert\u00e0 di modificarne i dettagli in modo che si adattino al proprio posizionamento. Ad esempio, possono aggiungere un colore o un motivo esclusivo al coperchio metallico in modo che si adatti meglio al sistema visivo del marchio; oppure possono rendere la stampa o la goffratura del marchio esclusive per la bottiglia; infine, possono anche installare guarnizioni di tenuta antiossidanti o creare un imballaggio esterno su ordinazione all&#039;ingrosso, rendendo cos\u00ec l&#039;intero set di barattoli in vetro per sottaceti non solo pi\u00f9 adatto al trasporto transfrontaliero, ma anche alla distribuzione su larga scala.<\/p>","protected":false},"excerpt":{"rendered":"<p>Vendiamo all&#039;ingrosso barattoli per sottaceti in vetro. Ogni barattolo \u00e8 ermetico, prodotto direttamente dalla fabbrica, con disponibilit\u00e0 di magazzino e possibilit\u00e0 di personalizzazione all&#039;ingrosso. Campione gratuito.<\/p>","protected":false},"featured_media":3618,"template":"","meta":{"postBodyCss":"","postBodyMargin":[],"postBodyPadding":[],"postBodyBackground":{"backgroundType":"classic","gradient":""}},"product_brand":[],"product_cat":[15,17,55],"product_tag":[65,71],"class_list":{"0":"post-3617","1":"product","2":"type-product","3":"status-publish","4":"has-post-thumbnail","6":"product_cat-glass-containers","7":"product_cat-glass-jars","8":"product_cat-pickle-jars","9":"product_tag-glass-jam-jars","10":"product_tag-honey-jars","12":"first","13":"instock","14":"shipping-taxable","15":"product-type-simple"},"jetpack_sharing_enabled":true,"_links":{"self":[{"href":"https:\/\/minghanggroup.com\/it\/wp-json\/wp\/v2\/product\/3617","targetHints":{"allow":["GET"]}}],"collection":[{"href":"https:\/\/minghanggroup.com\/it\/wp-json\/wp\/v2\/product"}],"about":[{"href":"https:\/\/minghanggroup.com\/it\/wp-json\/wp\/v2\/types\/product"}],"wp:featuredmedia":[{"embeddable":true,"href":"https:\/\/minghanggroup.com\/it\/wp-json\/wp\/v2\/media\/3618"}],"wp:attachment":[{"href":"https:\/\/minghanggroup.com\/it\/wp-json\/wp\/v2\/media?parent=3617"}],"wp:term":[{"taxonomy":"product_brand","embeddable":true,"href":"https:\/\/minghanggroup.com\/it\/wp-json\/wp\/v2\/product_brand?post=3617"},{"taxonomy":"product_cat","embeddable":true,"href":"https:\/\/minghanggroup.com\/it\/wp-json\/wp\/v2\/product_cat?post=3617"},{"taxonomy":"product_tag","embeddable":true,"href":"https:\/\/minghanggroup.com\/it\/wp-json\/wp\/v2\/product_tag?post=3617"}],"curies":[{"name":"wp","href":"https:\/\/api.w.org\/{rel}","templated":true}]}}