{"id":3616,"date":"2025-11-21T14:17:57","date_gmt":"2025-11-21T06:17:57","guid":{"rendered":"https:\/\/minghanggroup.com\/?post_type=product&#038;p=3616"},"modified":"2026-01-20T14:09:46","modified_gmt":"2026-01-20T06:09:46","slug":"bulk-empty-fermentation-bottles-with-flip-top-lids","status":"publish","type":"product","link":"https:\/\/minghanggroup.com\/it\/prodotto\/bulk-empty-fermentation-bottles-with-flip-top-lids\/","title":{"rendered":"Bottiglie di fermentazione vuote sfuse con coperchi a scatto da 250 ml, 500 ml, 750 ml, 960 ml"},"content":{"rendered":"<p>Queste bottiglie per la fermentazione sono dotate di un corpo in vetro trasparente e di tappi metallici a scatto. Il design flip-top non solo facilita la chiusura ermetica, ma il vetro trasparente consente anche un rapido controllo del contenuto interno.<\/p>\n<h2>Caratteristiche del prodotto<\/h2>\n<ul>\n<li><strong>Sigillo di fermentazione resistente alla pressione:<\/strong> Gli elementi che sigillano saldamente e saldamente insieme per garantire una fermentazione secondaria controllata e di successo sono le spesse guarnizioni in gomma e le chiusure di sicurezza.<\/li>\n<li><strong>Vetro trasparente:<\/strong> Grazie alla sua trasparenza estremamente elevata, la bottiglia mette in risalto il colore, la limpidezza e persino le pi\u00f9 piccole bollicine della bevanda, risultando quindi perfetta per creare un&#039;immagine di marca di lusso.<\/li>\n<li><strong>Diverse possibilit\u00e0 di scelta della capacit\u00e0:<\/strong> Che tu stia sperimentando piccoli lotti o producendo su larga scala, dai moderati 250 ml ai generosi 960 ml, puoi trovare la bottiglia della dimensione giusta per le tue esigenze.<\/li>\n<\/ul>\n<h2 style=\"text-align: left;\">Specifiche chiave<\/h2>\n<table class=\"aligncenter\" style=\"border-collapse: collapse; width: 673.52pt;\" border=\"0\" width=\"898\" cellspacing=\"0\" cellpadding=\"0\">\n<tbody>\n<tr style=\"height: 13.50pt;\">\n<td style=\"height: 13.50pt; width: 93.75pt;\" width=\"125\" height=\"18\">Caratteristica<\/td>\n<td style=\"width: 579.75pt;\" width=\"773\">Dettagli<\/td>\n<\/tr>\n<tr style=\"height: 13.50pt;\">\n<td style=\"height: 13.50pt;\" height=\"18\">Dimensioni<\/td>\n<td>250 ml: 5,9 cm \u00d7 18,4 cm \/ 500 ml: 7 cm \u00d7 25,4 cm \/ 750 ml: 7,8 cm \u00d7 28,2 cm \/ 960 ml: 8,4 cm \u00d7 30,8 cm<\/td>\n<\/tr>\n<tr style=\"height: 13.50pt;\">\n<td style=\"height: 13.50pt;\" height=\"18\">Materiale<\/td>\n<td>Vetro sodico-calcico trasparente<\/td>\n<\/tr>\n<tr style=\"height: 13.50pt;\">\n<td style=\"height: 13.50pt;\" height=\"18\">Adatto per<\/td>\n<td>Bottiglia per la fermentazione, bottiglie con tappo a scatto<\/td>\n<\/tr>\n<\/tbody>\n<\/table>\n<h2>Storia di successo: come un marchio di kombucha ha raggiunto la scalabilit\u00e0<\/h2>\n<p>Un&#039;azienda produttrice di kombucha in continua evoluzione si \u00e8 trovata a dover risolvere due problemi principali: la carbonatazione instabile durante la fermentazione secondaria e l&#039;elevato tasso di rottura durante il trasporto. Ha deciso di sostituire l&#039;intera linea di produzione con le nostre bottiglie da 960 ml con tappo flip-top, e il risultato \u00e8 stato immediato. L&#039;eccellente tenuta \u00e8 la ragione principale di un tasso di successo di carbonatazione stabile del 98%, quindi la possibilit\u00e0 di bolle d&#039;aria nel prodotto \u00e8 quasi nulla. La robusta bottiglia in vetro \u00e8 di lunga durata, quindi la rottura durante il trasporto \u00e8 ridotta del 40% e l&#039;azienda ottiene un ragionevole risparmio sui costi. Pertanto, ha effettuato un altro ordine di oltre 600.000 bottiglie per supportare l&#039;espansione aziendale su larga scala.<\/p>\n<h2>Personalizza le tue bottiglie di fermentazione con tappo a scatto<\/h2>\n<ul>\n<li><strong>Vetro ambrato:<\/strong> Se vuoi proteggere le bevande fermentate sensibili alla luce, come la birra, dai danni dei raggi UV, allora scegli il vetro ambrato.<\/li>\n<li><strong>Marcatura del volume:<\/strong> Oltre alla bottiglia, per un riempimento accurato e per garantire la coerenza della ricetta, \u00e8 opportuno aggiungere delle marcature del volume permanenti e in rilievo.<\/li>\n<li><strong>Logo inciso con acido:<\/strong> Crea un logo su una bottiglia di vetro con effetto satinato per uno stile di identit\u00e0 del marchio sofisticato e duraturo.<\/li>\n<li><strong>Finitura opaca:<\/strong> \u00c8 possibile aggiungere una finitura completamente opaca alla bottiglia di vetro, in questo modo la bottiglia avr\u00e0 un aspetto unico, un tocco morbido e meno riflessi.<\/li>\n<\/ul>","protected":false},"excerpt":{"rendered":"<p>Serie di bottiglie di fermentazione premium, disponibili in varie dimensioni. Queste bottiglie con tappo a vite sono perfette per le bevande. Campioni gratuiti inclusi negli ordini all&#039;ingrosso.<\/p>","protected":false},"featured_media":3620,"template":"","meta":{"postBodyCss":"","postBodyMargin":[],"postBodyPadding":[],"postBodyBackground":{"backgroundType":"classic","gradient":""}},"product_brand":[],"product_cat":[15,16,56],"product_tag":[79,72,78],"class_list":{"0":"post-3616","1":"product","2":"type-product","3":"status-publish","4":"has-post-thumbnail","6":"product_cat-glass-containers","7":"product_cat-glass-bottles","8":"product_cat-flip-top-bottles","9":"product_tag-beer-bottles","10":"product_tag-juice-bottles","11":"product_tag-water-bottles","13":"first","14":"instock","15":"shipping-taxable","16":"product-type-simple"},"jetpack_sharing_enabled":true,"_links":{"self":[{"href":"https:\/\/minghanggroup.com\/it\/wp-json\/wp\/v2\/product\/3616","targetHints":{"allow":["GET"]}}],"collection":[{"href":"https:\/\/minghanggroup.com\/it\/wp-json\/wp\/v2\/product"}],"about":[{"href":"https:\/\/minghanggroup.com\/it\/wp-json\/wp\/v2\/types\/product"}],"wp:featuredmedia":[{"embeddable":true,"href":"https:\/\/minghanggroup.com\/it\/wp-json\/wp\/v2\/media\/3620"}],"wp:attachment":[{"href":"https:\/\/minghanggroup.com\/it\/wp-json\/wp\/v2\/media?parent=3616"}],"wp:term":[{"taxonomy":"product_brand","embeddable":true,"href":"https:\/\/minghanggroup.com\/it\/wp-json\/wp\/v2\/product_brand?post=3616"},{"taxonomy":"product_cat","embeddable":true,"href":"https:\/\/minghanggroup.com\/it\/wp-json\/wp\/v2\/product_cat?post=3616"},{"taxonomy":"product_tag","embeddable":true,"href":"https:\/\/minghanggroup.com\/it\/wp-json\/wp\/v2\/product_tag?post=3616"}],"curies":[{"name":"wp","href":"https:\/\/api.w.org\/{rel}","templated":true}]}}