{"id":3611,"date":"2025-11-21T13:47:48","date_gmt":"2025-11-21T05:47:48","guid":{"rendered":"https:\/\/minghanggroup.com\/?post_type=product&#038;p=3611"},"modified":"2026-01-20T14:10:06","modified_gmt":"2026-01-20T06:10:06","slug":"transparent-small-flip-top-bottles-bulk","status":"publish","type":"product","link":"https:\/\/minghanggroup.com\/it\/prodotto\/transparent-small-flip-top-bottles-bulk\/","title":{"rendered":"Bottiglie trasparenti piccole con tappo a scatto da 50 ml e 150 ml alla rinfusa"},"content":{"rendered":"<p>Con un concetto semplice ed elegante, queste piccole bottiglie flip-top in vetro trasparente sono dotate di una chiusura a scatto in metallo, rendendole perfette per conservare piccole quantit\u00e0 di salse alimentari, mini bevande o campioni.<\/p>\n<h2>Caratteristiche del prodotto<\/h2>\n<ul>\n<li><strong>Materiale del vetro trasparente:<\/strong> Il contenitore in vetro trasparente rende molto facile vedere il colore e il volume del liquido arancione, semplificando cos\u00ec il compito di identificazione e monitoraggio.<\/li>\n<li><strong>Design di tenuta a scatto:<\/strong> La bottiglia \u00e8 dotata di un tappo a scatto in metallo rosso e bianco che non solo garantisce un&#039;ottima tenuta, ma \u00e8 anche il motivo principale per cui la freschezza del liquido viene mantenuta efficacemente e l&#039;apertura e la chiusura risultano facili.<\/li>\n<li><strong>Dimensioni compatte:<\/strong> Il design compatto ed elegante della bottiglia soddisfa l&#039;esigenza di una soluzione di stoccaggio di piccola capacit\u00e0 e pu\u00f2 essere utilizzato per erogare condimenti, campioni di bevande, ecc.<\/li>\n<\/ul>\n<h2 style=\"text-align: left;\">Specifiche chiave<\/h2>\n<table class=\"aligncenter\" style=\"border-collapse: collapse; width: 430.52pt;\" border=\"0\" width=\"574\" cellspacing=\"0\" cellpadding=\"0\">\n<tbody>\n<tr style=\"height: 13.50pt;\">\n<td style=\"height: 13.50pt; width: 105.75pt;\" width=\"141\" height=\"18\">Caratteristica<\/td>\n<td style=\"width: 324.75pt;\" width=\"433\">Dettagli<\/td>\n<\/tr>\n<tr style=\"height: 13.50pt;\">\n<td style=\"height: 13.50pt;\" height=\"18\">Dimensioni<\/td>\n<td>50 ml: 4,6 cm \u00d7 10,1 cm \/ 150 ml: 5,3 cm \u00d7 16 cm<\/td>\n<\/tr>\n<tr style=\"height: 13.50pt;\">\n<td style=\"height: 13.50pt;\" height=\"18\">Materiale<\/td>\n<td>Vetro sodico-calcico trasparente<\/td>\n<\/tr>\n<tr style=\"height: 13.50pt;\">\n<td style=\"height: 13.50pt;\" height=\"18\">Adatto per<\/td>\n<td>Campioni di bottiglie con tappo a vite, piccole bottiglie con tappo a scatto<\/td>\n<\/tr>\n<\/tbody>\n<\/table>\n<h2>Success Story: la storia di successo di un produttore di alimenti speciali<\/h2>\n<p>Un&#039;azienda alimentare di lusso aveva bisogno di un contenitore di alta qualit\u00e0 per campionare i suoi nuovi oli d&#039;oliva e aceto. Alla fine, hanno scelto le nostre piccole bottiglie flip-top da 150 ml come contenitori per i test di prodotto. L&#039;ottima tenuta ha comportato un aumento del 60% della durata di conservazione del prodotto. Inoltre, le dimensioni uniformi delle bottiglie hanno reso il processo di riempimento pi\u00f9 efficiente, aumentando cos\u00ec del 20% la velocit\u00e0 della linea di confezionamento. Sono rimasti cos\u00ec soddisfatti delle prestazioni del prodotto e del feedback positivo dei clienti che hanno appena effettuato un altro ordine di 300.000 bottiglie per lanciare un programma di sperimentazione a livello nazionale.<\/p>\n<h2>Rendi le tue bottiglie Flip Top sfuse singolarmente diverse<\/h2>\n<ul>\n<li><strong>Colore del vetro:<\/strong> Per una gamma limitata di prodotti sensibili alla luce (ad esempio gli oli essenziali), il vetro dovrebbe essere ambrato o blu cobalto.<\/li>\n<li><strong>Logo realizzato tramite serigrafia:<\/strong> La stampa dei loghi pu\u00f2 essere brillante, durevole e molto dettagliata.<\/li>\n<li><strong>Colore del cappuccio personalizzato:<\/strong> Cambia il colore della maniglia in metallo o del tappo in ceramica per uniformarlo all&#039;immagine del tuo marchio.<\/li>\n<li><strong>Incisione su vetro:<\/strong> Utilizza l&#039;incisione su vetro per trasformare i disegni o i loghi intricati in una finitura satinata elegante e resistente.<\/li>\n<\/ul>","protected":false},"excerpt":{"rendered":"<p>Bottigliette di alta qualit\u00e0 con tappo a vite per bevande, fermentazione o succhi. Disponibili all&#039;ingrosso con opzioni di personalizzazione e spedizione rapida.<\/p>","protected":false},"featured_media":3613,"template":"","meta":{"postBodyCss":"","postBodyMargin":[],"postBodyPadding":[],"postBodyBackground":{"backgroundType":"classic","gradient":""}},"product_brand":[],"product_cat":[15,16,56],"product_tag":[79,72,78],"class_list":{"0":"post-3611","1":"product","2":"type-product","3":"status-publish","4":"has-post-thumbnail","6":"product_cat-glass-containers","7":"product_cat-glass-bottles","8":"product_cat-flip-top-bottles","9":"product_tag-beer-bottles","10":"product_tag-juice-bottles","11":"product_tag-water-bottles","13":"first","14":"instock","15":"shipping-taxable","16":"product-type-simple"},"jetpack_sharing_enabled":true,"_links":{"self":[{"href":"https:\/\/minghanggroup.com\/it\/wp-json\/wp\/v2\/product\/3611","targetHints":{"allow":["GET"]}}],"collection":[{"href":"https:\/\/minghanggroup.com\/it\/wp-json\/wp\/v2\/product"}],"about":[{"href":"https:\/\/minghanggroup.com\/it\/wp-json\/wp\/v2\/types\/product"}],"wp:featuredmedia":[{"embeddable":true,"href":"https:\/\/minghanggroup.com\/it\/wp-json\/wp\/v2\/media\/3613"}],"wp:attachment":[{"href":"https:\/\/minghanggroup.com\/it\/wp-json\/wp\/v2\/media?parent=3611"}],"wp:term":[{"taxonomy":"product_brand","embeddable":true,"href":"https:\/\/minghanggroup.com\/it\/wp-json\/wp\/v2\/product_brand?post=3611"},{"taxonomy":"product_cat","embeddable":true,"href":"https:\/\/minghanggroup.com\/it\/wp-json\/wp\/v2\/product_cat?post=3611"},{"taxonomy":"product_tag","embeddable":true,"href":"https:\/\/minghanggroup.com\/it\/wp-json\/wp\/v2\/product_tag?post=3611"}],"curies":[{"name":"wp","href":"https:\/\/api.w.org\/{rel}","templated":true}]}}