{"id":3603,"date":"2025-11-21T11:13:46","date_gmt":"2025-11-21T03:13:46","guid":{"rendered":"https:\/\/minghanggroup.com\/?post_type=product&#038;p=3603"},"modified":"2026-01-20T14:10:29","modified_gmt":"2026-01-20T06:10:29","slug":"bulk-clear-glass-flip-top-bottles-for-kombucha","status":"publish","type":"product","link":"https:\/\/minghanggroup.com\/it\/prodotto\/bulk-clear-glass-flip-top-bottles-for-kombucha\/","title":{"rendered":"Bottiglie di vetro trasparente con tappo a scatto per Kombucha sfuse da 350 ml a 1000 ml"},"content":{"rendered":"<p>Queste bottiglie di vetro con tappo flip-top sono realizzate in vetro trasparente e hanno un tappo a scatto in metallo. Grazie alla loro chiusura ermetica e alla loro versatilit\u00e0, queste bottiglie sono perfette per il kombucha o qualsiasi altra bevanda fermentata, sia per la preparazione che per la conservazione e l&#039;esposizione.<\/p>\n<h2>Caratteristiche del prodotto<\/h2>\n<ul>\n<li><strong>Design di tenuta a scatto:<\/strong> Il tappo a pressione in metallo rosso e bianco di cui sono dotate queste bottiglie garantisce un&#039;eccellente tenuta. In questo modo, la freschezza e l&#039;effervescenza del liquido vengono preservate al meglio. Sono inoltre molto comode per l&#039;utente, in quanto facili da aprire e chiudere.<\/li>\n<li><strong>Diverse dimensioni:<\/strong> Sono disponibili quattro diverse dimensioni di queste bottiglie per soddisfare diverse esigenze di conservazione. Possono essere utilizzate per contenere acqua frizzante, bevande e altri liquidi.<\/li>\n<li><strong>Perfetto per bevande gassate:<\/strong> Lo stile della bottiglia \u00e8 pensato per le bevande gassate, in modo che l&#039;effervescenza del liquido rimanga intatta a lungo, il che la rende perfetta per la conservazione delle bevande frizzanti.<\/li>\n<\/ul>\n<h2 style=\"text-align: left;\">Specifiche chiave<\/h2>\n<table class=\"aligncenter\" style=\"border-collapse: collapse; width: 667.52pt;\" border=\"0\" width=\"890\" cellspacing=\"0\" cellpadding=\"0\">\n<tbody>\n<tr style=\"height: 13.50pt;\">\n<td style=\"height: 13.50pt; width: 105.75pt;\" width=\"141\" height=\"18\">Caratteristica<\/td>\n<td style=\"width: 561.75pt;\" width=\"749\">Dettagli<\/td>\n<\/tr>\n<tr style=\"height: 13.50pt;\">\n<td style=\"height: 13.50pt;\" height=\"18\">Dimensioni<\/td>\n<td>350 ml (12 oz): 7,3 \u00d7 20,3 cm\/500 ml (16 oz): 8,25 \u00d7 21,5 cm\/750 ml (25 oz): 9,3 \u00d7 24,8 cm\/1000 ml (32 oz): 10 \u00d7 27,9 cm<\/td>\n<\/tr>\n<tr style=\"height: 13.50pt;\">\n<td style=\"height: 13.50pt;\" height=\"18\">Materiale<\/td>\n<td>Vetro sodico-calcico trasparente<\/td>\n<\/tr>\n<tr style=\"height: 13.50pt;\">\n<td style=\"height: 13.50pt;\" height=\"18\">Adatto per<\/td>\n<td>Bottiglia di vetro con tappo a vite, bottiglie con tappo a vite per kombucha<\/td>\n<\/tr>\n<\/tbody>\n<\/table>\n<h2>Storia di successo: migliorare l&#039;immagine del marchio Kombucha<\/h2>\n<p>Passando alle nostre bottiglie di vetro da 500 ml con tappo flip-top per il kombucha, per migliorarne la freschezza e l&#039;aspetto, un marchio emergente di kombucha, uno dei nostri clienti, ha fatto un&#039;ottima mossa. Il tasso di successo della fermentazione secondaria \u00e8 aumentato del 30% grazie alla chiusura ermetica, riducendo notevolmente il numero di fallimenti nella fermentazione. Poich\u00e9 la bottiglia \u00e8 realizzata in vetro trasparente, i clienti possono valutare visivamente la qualit\u00e0 del prodotto dal colore vivace e dalle bollicine del kombucha, il che rappresenta un ottimo strumento di marketing a scaffale e, di conseguenza, le vendite al dettaglio sono aumentate del 22%. Il marchio \u00e8 stato molto soddisfatto e ha deciso di acquistare oltre 400.000 bottiglie per la prossima fase di distribuzione.<\/p>\n<h2>Opzioni personalizzate per bottiglie con tappo a scatto<\/h2>\n<ul>\n<li>Colorazione del vetro: proteggi le bevande che reagiscono negativamente alla luce, come la birra o il kombucha, mettendole in un bicchiere ambrato o verde.<\/li>\n<li>Finitura opaca: la superficie della bottiglia \u00e8 ricoperta da una finitura satinata opaca che la rende allo stesso tempo piacevole da impugnare e di lusso.<\/li>\n<li>Guarnizione in silicone migliorata: se si desidera una maggiore durata e una pulizia pi\u00f9 semplice, \u00e8 possibile utilizzare guarnizioni in silicone di alta qualit\u00e0.<\/li>\n<li>Branding sul collare: aggiungere un anello con il logo del marchio al collo \u00e8 un modo discreto ma efficace di fare pubblicit\u00e0.<\/li>\n<\/ul>","protected":false},"excerpt":{"rendered":"<p>Bottiglie in vetro con tappo a vite, progettate per la fermentazione. Le nostre bottiglie con tappo a vite per kombucha offrono tenuta stagna, resistenza e spedizione rapida.<\/p>","protected":false},"featured_media":3608,"template":"","meta":{"postBodyCss":"","postBodyMargin":[],"postBodyPadding":[],"postBodyBackground":{"backgroundType":"classic","gradient":""}},"product_brand":[],"product_cat":[15,16,56],"product_tag":[79,72,78],"class_list":{"0":"post-3603","1":"product","2":"type-product","3":"status-publish","4":"has-post-thumbnail","6":"product_cat-glass-containers","7":"product_cat-glass-bottles","8":"product_cat-flip-top-bottles","9":"product_tag-beer-bottles","10":"product_tag-juice-bottles","11":"product_tag-water-bottles","13":"first","14":"instock","15":"shipping-taxable","16":"product-type-simple"},"jetpack_sharing_enabled":true,"_links":{"self":[{"href":"https:\/\/minghanggroup.com\/it\/wp-json\/wp\/v2\/product\/3603","targetHints":{"allow":["GET"]}}],"collection":[{"href":"https:\/\/minghanggroup.com\/it\/wp-json\/wp\/v2\/product"}],"about":[{"href":"https:\/\/minghanggroup.com\/it\/wp-json\/wp\/v2\/types\/product"}],"wp:featuredmedia":[{"embeddable":true,"href":"https:\/\/minghanggroup.com\/it\/wp-json\/wp\/v2\/media\/3608"}],"wp:attachment":[{"href":"https:\/\/minghanggroup.com\/it\/wp-json\/wp\/v2\/media?parent=3603"}],"wp:term":[{"taxonomy":"product_brand","embeddable":true,"href":"https:\/\/minghanggroup.com\/it\/wp-json\/wp\/v2\/product_brand?post=3603"},{"taxonomy":"product_cat","embeddable":true,"href":"https:\/\/minghanggroup.com\/it\/wp-json\/wp\/v2\/product_cat?post=3603"},{"taxonomy":"product_tag","embeddable":true,"href":"https:\/\/minghanggroup.com\/it\/wp-json\/wp\/v2\/product_tag?post=3603"}],"curies":[{"name":"wp","href":"https:\/\/api.w.org\/{rel}","templated":true}]}}